{"id":23905,"date":"2026-04-17T06:25:27","date_gmt":"2026-04-17T04:25:27","guid":{"rendered":"https:\/\/flanca.si\/?post_type=product&#038;p=23905"},"modified":"2026-04-17T06:33:27","modified_gmt":"2026-04-17T04:33:27","slug":"obicna-tisa-fastigiata-robusta-taxus-baccata-kopija","status":"publish","type":"product","link":"https:\/\/flanca.si\/hr\/proizvod\/obicna-tisa-fastigiata-robusta-taxus-baccata-kopija\/","title":{"rendered":"Obi\u010dna tisa &#8220;Fastigiata Robusta&#8221; &#8211; Taxus baccata (Kopija)"},"content":{"rendered":"<p>Taxus baccata &#8220;Fastigiata Robusta&#8221; je uspravna zimzelena grmlja trajnica. Tvori uspravnu gustu kro\u0161nju sa zatvorenim granama. Iglice su ravne, sjajne, tamnozelene, odozdo svjetlije. Karakterizira ga sna\u017eniji rast i ve\u0107a otpornost na izvanredne situacije. U prosjeku naraste do 2 m visine i 1 m \u0161irine. Naraste do 35 cm godi\u0161nje. Pripada dugovje\u010dnim, izdr\u017eljivim i prilagodljivim vrstama trajnica. Najbolje uspijeva na bogatim, dobro dreniranim, umjereno vla\u017enim tlima. Dobro podnosi hladno\u0107u (do -30\u00b0C), vjetar, siroma\u0161na tla, urbani okoli\u0161 i jaku rezidbu. Pogodno za \u0161i\u0161ane \u017eivice i \u0161i\u0161ane oblike. Za gustu \u017eivicu posadite 2 do 3 sadnice po teku\u0107em metru. Visina nadzemnog dijela sadnice: 20-25 cm   <\/p>\n","protected":false},"excerpt":{"rendered":"<ul>\n<li><em>Taxus baccata &#8211; &#8220;Fastigiata Robusta&#8221;<\/em><\/li>\n<li>zimzelena trajnica<\/li>\n<li>grmoliki rast<\/li>\n<li>Samostalno ili kao za\u0161tita<\/li>\n<li>Neosjetljiv<\/li>\n<li>visina sadnice: 20 &#8211; 25 cm<\/li>\n<\/ul>\n<h4><strong>Pakirana 1 sadnica odjednom!<\/strong><\/h4>\n","protected":false},"featured_media":17524,"template":"","meta":{"site-sidebar-layout":"default","site-content-layout":"default","ast-site-content-layout":"default","site-content-style":"default","site-sidebar-style":"default","ast-global-header-display":"","ast-banner-title-visibility":"","ast-main-header-display":"","ast-hfb-above-header-display":"","ast-hfb-below-header-display":"","ast-hfb-mobile-header-display":"","site-post-title":"","ast-breadcrumbs-content":"","ast-featured-img":"","footer-sml-layout":"","ast-disable-related-posts":"","theme-transparent-header-meta":"default","adv-header-id-meta":"","stick-header-meta":"default","header-above-stick-meta":"","header-main-stick-meta":"","header-below-stick-meta":"","astra-migrate-meta-layouts":"set","ast-page-background-enabled":"default","ast-page-background-meta":{"desktop":{"background-color":"","background-image":"","background-repeat":"repeat","background-position":"center center","background-size":"auto","background-attachment":"scroll","background-type":"","background-media":"","overlay-type":"","overlay-color":"","overlay-opacity":"","overlay-gradient":""},"tablet":{"background-color":"","background-image":"","background-repeat":"repeat","background-position":"center center","background-size":"auto","background-attachment":"scroll","background-type":"","background-media":"","overlay-type":"","overlay-color":"","overlay-opacity":"","overlay-gradient":""},"mobile":{"background-color":"","background-image":"","background-repeat":"repeat","background-position":"center center","background-size":"auto","background-attachment":"scroll","background-type":"","background-media":"","overlay-type":"","overlay-color":"","overlay-opacity":"","overlay-gradient":""}},"ast-content-background-meta":{"desktop":{"background-color":"var(--ast-global-color-5)","background-image":"","background-repeat":"repeat","background-position":"center center","background-size":"auto","background-attachment":"scroll","background-type":"","background-media":"","overlay-type":"","overlay-color":"","overlay-opacity":"","overlay-gradient":""},"tablet":{"background-color":"var(--ast-global-color-5)","background-image":"","background-repeat":"repeat","background-position":"center center","background-size":"auto","background-attachment":"scroll","background-type":"","background-media":"","overlay-type":"","overlay-color":"","overlay-opacity":"","overlay-gradient":""},"mobile":{"background-color":"var(--ast-global-color-5)","background-image":"","background-repeat":"repeat","background-position":"center center","background-size":"auto","background-attachment":"scroll","background-type":"","background-media":"","overlay-type":"","overlay-color":"","overlay-opacity":"","overlay-gradient":""}}},"product_brand":[],"product_cat":[1936],"product_tag":[2014],"class_list":{"0":"post-23905","1":"product","2":"type-product","3":"status-publish","4":"has-post-thumbnail","6":"product_cat-lovorovi-ili-prunus","7":"product_tag-tisa-hr","8":"desktop-align-left","9":"tablet-align-left","10":"mobile-align-left","11":"ast-product-gallery-layout-horizontal","12":"ast-product-gallery-with-no-image","13":"ast-product-tabs-layout-horizontal","14":"ast-qv-on-image","16":"first","17":"instock","18":"taxable","19":"shipping-taxable","20":"purchasable","21":"product-type-simple"},"aioseo_notices":[],"_links":{"self":[{"href":"https:\/\/flanca.si\/hr\/wp-json\/wp\/v2\/product\/23905","targetHints":{"allow":["GET"]}}],"collection":[{"href":"https:\/\/flanca.si\/hr\/wp-json\/wp\/v2\/product"}],"about":[{"href":"https:\/\/flanca.si\/hr\/wp-json\/wp\/v2\/types\/product"}],"wp:featuredmedia":[{"embeddable":true,"href":"https:\/\/flanca.si\/hr\/wp-json\/wp\/v2\/media\/17524"}],"wp:attachment":[{"href":"https:\/\/flanca.si\/hr\/wp-json\/wp\/v2\/media?parent=23905"}],"wp:term":[{"taxonomy":"product_brand","embeddable":true,"href":"https:\/\/flanca.si\/hr\/wp-json\/wp\/v2\/product_brand?post=23905"},{"taxonomy":"product_cat","embeddable":true,"href":"https:\/\/flanca.si\/hr\/wp-json\/wp\/v2\/product_cat?post=23905"},{"taxonomy":"product_tag","embeddable":true,"href":"https:\/\/flanca.si\/hr\/wp-json\/wp\/v2\/product_tag?post=23905"}],"curies":[{"name":"wp","href":"https:\/\/api.w.org\/{rel}","templated":true}]}}