{"id":23550,"date":"2026-04-02T06:19:18","date_gmt":"2026-04-02T04:19:18","guid":{"rendered":"https:\/\/flanca.si\/?post_type=product&#038;p=23550"},"modified":"2026-04-02T06:37:47","modified_gmt":"2026-04-02T04:37:47","slug":"pacipres-od-skoljki-chamaecyparis-obtusa-kopija","status":"publish","type":"product","link":"https:\/\/flanca.si\/hr\/proizvod\/pacipres-od-skoljki-chamaecyparis-obtusa-kopija\/","title":{"rendered":"Pacipres od \u0161koljki &#8211; Chamaecyparis obtusa (Kopija)"},"content":{"rendered":"<p><strong>Chamaecyparis obtusa &#8216;Nana Gracilis&#8217;<\/strong> patuljasta je verzija japanskog \u010dempresa koja je vrlo popularna zbog svog kompaktnog i elegantnog izgleda. Biljka raste sporo, dose\u017eu\u0107i oko 1,5 metra visine, \u0161to je \u010dini pogodnom za manje vrtove ili kao dio kamenjara. Ima tamnozelene, ljuskave listove koji su oblikovani u guste grane u obliku ljuske, \u0161to biljci daje poseban, blago uvijen izgled. Posebnost ove vrste je iznimna otpornost i jednostavnost njege. <strong>Chamaecyparis &#8216;Nana Gracilis&#8217;<\/strong> uspijeva na sun\u010danim do polusjenovitim mjestima i u dobro dreniranom, vla\u017enom tlu. Vrlo je otporan na hladno\u0107u, pa je izvrstan izbor za hladniju klimu. Nije osobito zahtjevan za obrezivanje, jer zadr\u017eava svoj prirodni kompaktni oblik, ali se mo\u017ee orezivati u prolje\u0107e ako \u017eelimo oblikovati njegov rast. Koristi se kao ukrasna biljka u kamenjarima, zimzelenim obrubima ili kao osamljena biljka u malim vrtovima. Zbog sporog rasta i zanimljive strukture izvrstan je i za sadnju u ve\u0107e posude na terasama ili balkonima. Visina nadzemnog dijela sadnice: 15-20 cm  <\/p>\n","protected":false},"excerpt":{"rendered":"<ul>\n<li><strong><em>Chamaecyparis obtusa &#8216;Nana gracilis&#8217;<\/em><\/strong><\/li>\n<li><strong>Kompaktan rast<\/strong>: Chamaecyparis pisifera &#8216;Filifera Nana&#8217; dose\u017ee do 1,5 metara visine i \u0161irine, \u0161to ga \u010dini idealnim za manje vrtove i kamenjare.<\/li>\n<li><strong>U obliku ljuske<\/strong>: Ljuskavi listovi tvore grane koje biljci daju izgled poput ljuske.<\/li>\n<li><strong>Zimzeleno<\/strong>: Zadr\u017eava svoju zelenu boju tijekom cijele godine, \u0161to vrtu dodaje boju i stabilnost teksture.<\/li>\n<li><strong>Otporan na hladno\u0107u<\/strong>: Dobro podnosi hladne uvjete, \u0161to ga \u010dini pogodnim za razli\u010dite klimatske uvjete.<\/li>\n<li><strong>Jednostavna njega<\/strong>: Zahtijeva samo osnovnu njegu i redovito zalijevanje tijekom su\u0161nih razdoblja, kao i dobro drenirano tlo.<\/li>\n<li>visina sadnice: 15-20 cm<\/li>\n<\/ul>\n<h4><strong>Pakirana 1 sadnica odjednom!<\/strong><\/h4>\n","protected":false},"featured_media":23552,"template":"","meta":{"site-sidebar-layout":"default","site-content-layout":"default","ast-site-content-layout":"default","site-content-style":"default","site-sidebar-style":"default","ast-global-header-display":"","ast-banner-title-visibility":"","ast-main-header-display":"","ast-hfb-above-header-display":"","ast-hfb-below-header-display":"","ast-hfb-mobile-header-display":"","site-post-title":"","ast-breadcrumbs-content":"","ast-featured-img":"","footer-sml-layout":"","ast-disable-related-posts":"","theme-transparent-header-meta":"default","adv-header-id-meta":"","stick-header-meta":"default","header-above-stick-meta":"","header-main-stick-meta":"","header-below-stick-meta":"","astra-migrate-meta-layouts":"set","ast-page-background-enabled":"default","ast-page-background-meta":{"desktop":{"background-color":"","background-image":"","background-repeat":"repeat","background-position":"center center","background-size":"auto","background-attachment":"scroll","background-type":"","background-media":"","overlay-type":"","overlay-color":"","overlay-opacity":"","overlay-gradient":""},"tablet":{"background-color":"","background-image":"","background-repeat":"repeat","background-position":"center center","background-size":"auto","background-attachment":"scroll","background-type":"","background-media":"","overlay-type":"","overlay-color":"","overlay-opacity":"","overlay-gradient":""},"mobile":{"background-color":"","background-image":"","background-repeat":"repeat","background-position":"center center","background-size":"auto","background-attachment":"scroll","background-type":"","background-media":"","overlay-type":"","overlay-color":"","overlay-opacity":"","overlay-gradient":""}},"ast-content-background-meta":{"desktop":{"background-color":"var(--ast-global-color-5)","background-image":"","background-repeat":"repeat","background-position":"center center","background-size":"auto","background-attachment":"scroll","background-type":"","background-media":"","overlay-type":"","overlay-color":"","overlay-opacity":"","overlay-gradient":""},"tablet":{"background-color":"var(--ast-global-color-5)","background-image":"","background-repeat":"repeat","background-position":"center center","background-size":"auto","background-attachment":"scroll","background-type":"","background-media":"","overlay-type":"","overlay-color":"","overlay-opacity":"","overlay-gradient":""},"mobile":{"background-color":"var(--ast-global-color-5)","background-image":"","background-repeat":"repeat","background-position":"center center","background-size":"auto","background-attachment":"scroll","background-type":"","background-media":"","overlay-type":"","overlay-color":"","overlay-opacity":"","overlay-gradient":""}}},"product_brand":[],"product_cat":[1916],"product_tag":[1837],"class_list":{"0":"post-23550","1":"product","2":"type-product","3":"status-publish","4":"has-post-thumbnail","6":"product_cat-grmlje-i-drvece","7":"product_tag-dekorativne-grede","8":"desktop-align-left","9":"tablet-align-left","10":"mobile-align-left","11":"ast-product-gallery-layout-horizontal","12":"ast-product-gallery-with-no-image","13":"ast-product-tabs-layout-horizontal","14":"ast-qv-on-image","16":"first","17":"instock","18":"taxable","19":"shipping-taxable","20":"purchasable","21":"product-type-simple"},"aioseo_notices":[],"_links":{"self":[{"href":"https:\/\/flanca.si\/hr\/wp-json\/wp\/v2\/product\/23550","targetHints":{"allow":["GET"]}}],"collection":[{"href":"https:\/\/flanca.si\/hr\/wp-json\/wp\/v2\/product"}],"about":[{"href":"https:\/\/flanca.si\/hr\/wp-json\/wp\/v2\/types\/product"}],"wp:featuredmedia":[{"embeddable":true,"href":"https:\/\/flanca.si\/hr\/wp-json\/wp\/v2\/media\/23552"}],"wp:attachment":[{"href":"https:\/\/flanca.si\/hr\/wp-json\/wp\/v2\/media?parent=23550"}],"wp:term":[{"taxonomy":"product_brand","embeddable":true,"href":"https:\/\/flanca.si\/hr\/wp-json\/wp\/v2\/product_brand?post=23550"},{"taxonomy":"product_cat","embeddable":true,"href":"https:\/\/flanca.si\/hr\/wp-json\/wp\/v2\/product_cat?post=23550"},{"taxonomy":"product_tag","embeddable":true,"href":"https:\/\/flanca.si\/hr\/wp-json\/wp\/v2\/product_tag?post=23550"}],"curies":[{"name":"wp","href":"https:\/\/api.w.org\/{rel}","templated":true}]}}