{"id":23530,"date":"2026-04-01T18:34:09","date_gmt":"2026-04-01T16:34:09","guid":{"rendered":"https:\/\/flanca.si\/?post_type=product&#038;p=23530"},"modified":"2026-04-01T18:41:17","modified_gmt":"2026-04-01T16:41:17","slug":"grm-bozura-kopija-kopija-kopija-kopija-kopija","status":"publish","type":"product","link":"https:\/\/flanca.si\/hr\/proizvod\/grm-bozura-kopija-kopija-kopija-kopija-kopija\/","title":{"rendered":"Grm bo\u017eura (Kopija) (Kopija) (Kopija) (Kopija) (Kopija)"},"content":{"rendered":"<p><strong>Grmoliki bo\u017eur &#8216;Mo Run Jue Lun&#8217;<\/strong> prekrasna je sorta bo\u017eura porijeklom iz Kine i cijenjena je zbog svojih velikih, tamnocrvenih cvjetova i bogatog mirisa. Cvjetovi su promjera oko 15\u201320 cm i ukra\u0161avaju biljku od kasnog prolje\u0107a do ranog ljeta. Biljka ima gust, grmoliki rast, dose\u017ee visinu od 1\u20131,5 m i tvori elegantnu strukturu koja zadr\u017eava svoju ljepotu tijekom cijele godine. Li\u0161\u0107e je tamnozeleno, blago nazubljeno i slu\u017ei kao atraktivna pozadina za luksuzno cvije\u0107e. <strong>Briga:<\/strong> Bo\u017eur &#8216;Mo Run Jue Lun&#8217; najbolje uspijeva na sun\u010danom polo\u017eaju ili u polusjeni, u dubokom, plodnom i dobro dreniranom tlu. Va\u017eno je da ima dovoljno prostora za rast i da se tlo redovito provjetrava. U jesen biljci dodajte sloj komposta ili organskog gnojiva za zdrav rast. Bo\u017euri imaju dug \u017eivotni vijek i mogu ostati na istom mjestu nekoliko desetlje\u0107a. <strong>Kori\u0161tenje:<\/strong> Ova je sorta idealna za \u017eari\u0161ne to\u010dke u ukrasnim gredicama ili kao samostalni grm u ve\u0107im vrtovima. Izvrsno se kombinira s biljkama kao \u0161to su <strong>delphiniums<\/strong>, <strong>iris sibirica<\/strong> ili ni\u017ee ukrasne trave koje nagla\u0161avaju njegov dramati\u010dan izgled. Njegovi cvjetovi tako\u0111er su pogodni za rezano cvije\u0107e i stvaranje luksuznih buketa.   <\/p>\n","protected":false},"excerpt":{"rendered":"<ul>\n<li><em>Paeonia suffruticosa &#8216;Mo Run Jue Lun&#8217;<\/em><\/li>\n<li>listopadni, drvenasti grm koji obi\u010dno naraste do 1,2 m visine i \u0161irine<\/li>\n<li>cvjeta u rano prolje\u0107e u elegantnim bar\u0161unasto crvenim cvjetovima<\/li>\n<li>Li\u0161\u0107e je tamnozeleno, blago nazubljeno i slu\u017ei kao atraktivna pozadina za luksuzno cvije\u0107e<\/li>\n<li>Najbolje uspijeva na sun\u010danom polo\u017eaju ili u polusjeni, na dubokim, plodnim i dobro dreniranim tlima<\/li>\n<li>Bo\u017euri imaju dug \u017eivotni vijek i mogu ostati na istom mjestu nekoliko desetlje\u0107a<\/li>\n<\/ul>\n<h5>Pakirana 1 sadnica odjednom!<\/h5>\n","protected":false},"featured_media":23536,"template":"","meta":{"site-sidebar-layout":"default","site-content-layout":"","ast-site-content-layout":"default","site-content-style":"default","site-sidebar-style":"default","ast-global-header-display":"","ast-banner-title-visibility":"","ast-main-header-display":"","ast-hfb-above-header-display":"","ast-hfb-below-header-display":"","ast-hfb-mobile-header-display":"","site-post-title":"","ast-breadcrumbs-content":"","ast-featured-img":"","footer-sml-layout":"","ast-disable-related-posts":"","theme-transparent-header-meta":"default","adv-header-id-meta":"","stick-header-meta":"default","header-above-stick-meta":"","header-main-stick-meta":"","header-below-stick-meta":"","astra-migrate-meta-layouts":"set","ast-page-background-enabled":"default","ast-page-background-meta":{"desktop":{"background-color":"","background-image":"","background-repeat":"repeat","background-position":"center center","background-size":"auto","background-attachment":"scroll","background-type":"","background-media":"","overlay-type":"","overlay-color":"","overlay-opacity":"","overlay-gradient":""},"tablet":{"background-color":"","background-image":"","background-repeat":"repeat","background-position":"center center","background-size":"auto","background-attachment":"scroll","background-type":"","background-media":"","overlay-type":"","overlay-color":"","overlay-opacity":"","overlay-gradient":""},"mobile":{"background-color":"","background-image":"","background-repeat":"repeat","background-position":"center center","background-size":"auto","background-attachment":"scroll","background-type":"","background-media":"","overlay-type":"","overlay-color":"","overlay-opacity":"","overlay-gradient":""}},"ast-content-background-meta":{"desktop":{"background-color":"var(--ast-global-color-5)","background-image":"","background-repeat":"repeat","background-position":"center center","background-size":"auto","background-attachment":"scroll","background-type":"","background-media":"","overlay-type":"","overlay-color":"","overlay-opacity":"","overlay-gradient":""},"tablet":{"background-color":"var(--ast-global-color-5)","background-image":"","background-repeat":"repeat","background-position":"center center","background-size":"auto","background-attachment":"scroll","background-type":"","background-media":"","overlay-type":"","overlay-color":"","overlay-opacity":"","overlay-gradient":""},"mobile":{"background-color":"var(--ast-global-color-5)","background-image":"","background-repeat":"repeat","background-position":"center center","background-size":"auto","background-attachment":"scroll","background-type":"","background-media":"","overlay-type":"","overlay-color":"","overlay-opacity":"","overlay-gradient":""}}},"product_brand":[],"product_cat":[1833],"product_tag":[],"class_list":{"0":"post-23530","1":"product","2":"type-product","3":"status-publish","4":"has-post-thumbnail","6":"product_cat-biljke-za-korita-i-gredice","7":"desktop-align-left","8":"tablet-align-left","9":"mobile-align-left","10":"ast-product-gallery-layout-horizontal","11":"ast-product-gallery-with-no-image","12":"ast-product-tabs-layout-horizontal","13":"ast-qv-on-image","15":"first","16":"instock","17":"taxable","18":"shipping-taxable","19":"purchasable","20":"product-type-simple"},"aioseo_notices":[],"_links":{"self":[{"href":"https:\/\/flanca.si\/hr\/wp-json\/wp\/v2\/product\/23530","targetHints":{"allow":["GET"]}}],"collection":[{"href":"https:\/\/flanca.si\/hr\/wp-json\/wp\/v2\/product"}],"about":[{"href":"https:\/\/flanca.si\/hr\/wp-json\/wp\/v2\/types\/product"}],"wp:featuredmedia":[{"embeddable":true,"href":"https:\/\/flanca.si\/hr\/wp-json\/wp\/v2\/media\/23536"}],"wp:attachment":[{"href":"https:\/\/flanca.si\/hr\/wp-json\/wp\/v2\/media?parent=23530"}],"wp:term":[{"taxonomy":"product_brand","embeddable":true,"href":"https:\/\/flanca.si\/hr\/wp-json\/wp\/v2\/product_brand?post=23530"},{"taxonomy":"product_cat","embeddable":true,"href":"https:\/\/flanca.si\/hr\/wp-json\/wp\/v2\/product_cat?post=23530"},{"taxonomy":"product_tag","embeddable":true,"href":"https:\/\/flanca.si\/hr\/wp-json\/wp\/v2\/product_tag?post=23530"}],"curies":[{"name":"wp","href":"https:\/\/api.w.org\/{rel}","templated":true}]}}