{"id":23357,"date":"2026-03-25T19:57:14","date_gmt":"2026-03-25T18:57:14","guid":{"rendered":"https:\/\/flanca.si\/?post_type=product&#038;p=23357"},"modified":"2026-04-08T07:16:05","modified_gmt":"2026-04-08T05:16:05","slug":"javorov-japanski-pahuljasti-narancasti-san-kopija-kopija-kopija","status":"publish","type":"product","link":"https:\/\/flanca.si\/hr\/proizvod\/javorov-japanski-pahuljasti-narancasti-san-kopija-kopija-kopija\/","title":{"rendered":"Javorov japanski pahuljasti &#8216;Naran\u010dasti san&#8217; (Kopija) (Kopija) (Kopija)"},"content":{"rendered":"<p>Sorta Orange Dream sporo je rastu\u0107a sorta javora koja naraste do 2,5 m. U prolje\u0107e je li\u0161\u0107e obojeno u nijanse naran\u010daste i \u017eute, kasnije postaje lijepe svijetlozelene boje, a na jesen je ponovno obojeno. To je nepretenciozno stablo koje lijepo raste u polusjeni. Idealan je za male vrtove, atrije, kao pojedinac ili u skupini s drugim javorima. Visina nadzemnog dijela sadnice: 30 &#8211; 4o cm  <\/p>\n","protected":false},"excerpt":{"rendered":"<ul>\n<li><em>  Acer palmatum &#8216;Naran\u010dasti san&#8217;<\/em><\/li>\n<li>Sporo rastu\u0107i japanski javor<\/li>\n<li>U prolje\u0107e je li\u0161\u0107e obojeno u nijanse naran\u010daste<\/li>\n<li>Idealno za male vrtove i atrije<\/li>\n<li>visina sadnice: 30 &#8211; 40 cm<\/li>\n<\/ul>\n<h3><strong>Pakirana 1 sadnica odjednom!<\/strong><\/h3>\n","protected":false},"featured_media":23359,"template":"","meta":{"site-sidebar-layout":"default","site-content-layout":"default","ast-site-content-layout":"default","site-content-style":"default","site-sidebar-style":"default","ast-global-header-display":"","ast-banner-title-visibility":"","ast-main-header-display":"","ast-hfb-above-header-display":"","ast-hfb-below-header-display":"","ast-hfb-mobile-header-display":"","site-post-title":"","ast-breadcrumbs-content":"","ast-featured-img":"","footer-sml-layout":"","ast-disable-related-posts":"","theme-transparent-header-meta":"default","adv-header-id-meta":"","stick-header-meta":"default","header-above-stick-meta":"","header-main-stick-meta":"","header-below-stick-meta":"","astra-migrate-meta-layouts":"set","ast-page-background-enabled":"default","ast-page-background-meta":{"desktop":{"background-color":"","background-image":"","background-repeat":"repeat","background-position":"center center","background-size":"auto","background-attachment":"scroll","background-type":"","background-media":"","overlay-type":"","overlay-color":"","overlay-opacity":"","overlay-gradient":""},"tablet":{"background-color":"","background-image":"","background-repeat":"repeat","background-position":"center center","background-size":"auto","background-attachment":"scroll","background-type":"","background-media":"","overlay-type":"","overlay-color":"","overlay-opacity":"","overlay-gradient":""},"mobile":{"background-color":"","background-image":"","background-repeat":"repeat","background-position":"center center","background-size":"auto","background-attachment":"scroll","background-type":"","background-media":"","overlay-type":"","overlay-color":"","overlay-opacity":"","overlay-gradient":""}},"ast-content-background-meta":{"desktop":{"background-color":"var(--ast-global-color-5)","background-image":"","background-repeat":"repeat","background-position":"center center","background-size":"auto","background-attachment":"scroll","background-type":"","background-media":"","overlay-type":"","overlay-color":"","overlay-opacity":"","overlay-gradient":""},"tablet":{"background-color":"var(--ast-global-color-5)","background-image":"","background-repeat":"repeat","background-position":"center center","background-size":"auto","background-attachment":"scroll","background-type":"","background-media":"","overlay-type":"","overlay-color":"","overlay-opacity":"","overlay-gradient":""},"mobile":{"background-color":"var(--ast-global-color-5)","background-image":"","background-repeat":"repeat","background-position":"center center","background-size":"auto","background-attachment":"scroll","background-type":"","background-media":"","overlay-type":"","overlay-color":"","overlay-opacity":"","overlay-gradient":""}}},"product_brand":[],"product_cat":[1916],"product_tag":[2124,2198,2222],"class_list":{"0":"post-23357","1":"product","2":"type-product","3":"status-publish","4":"has-post-thumbnail","6":"product_cat-grmlje-i-drvece","7":"product_tag-dekorativne-grede-hr","8":"product_tag-javor-hr","9":"product_tag-ukrasno-drvece","10":"desktop-align-left","11":"tablet-align-left","12":"mobile-align-left","13":"ast-product-gallery-layout-horizontal","14":"ast-product-tabs-layout-horizontal","15":"ast-qv-on-image","17":"first","18":"instock","19":"taxable","20":"shipping-taxable","21":"purchasable","22":"product-type-simple"},"aioseo_notices":[],"_links":{"self":[{"href":"https:\/\/flanca.si\/hr\/wp-json\/wp\/v2\/product\/23357","targetHints":{"allow":["GET"]}}],"collection":[{"href":"https:\/\/flanca.si\/hr\/wp-json\/wp\/v2\/product"}],"about":[{"href":"https:\/\/flanca.si\/hr\/wp-json\/wp\/v2\/types\/product"}],"wp:featuredmedia":[{"embeddable":true,"href":"https:\/\/flanca.si\/hr\/wp-json\/wp\/v2\/media\/23359"}],"wp:attachment":[{"href":"https:\/\/flanca.si\/hr\/wp-json\/wp\/v2\/media?parent=23357"}],"wp:term":[{"taxonomy":"product_brand","embeddable":true,"href":"https:\/\/flanca.si\/hr\/wp-json\/wp\/v2\/product_brand?post=23357"},{"taxonomy":"product_cat","embeddable":true,"href":"https:\/\/flanca.si\/hr\/wp-json\/wp\/v2\/product_cat?post=23357"},{"taxonomy":"product_tag","embeddable":true,"href":"https:\/\/flanca.si\/hr\/wp-json\/wp\/v2\/product_tag?post=23357"}],"curies":[{"name":"wp","href":"https:\/\/api.w.org\/{rel}","templated":true}]}}