{"id":23294,"date":"2026-03-23T18:12:44","date_gmt":"2026-03-23T17:12:44","guid":{"rendered":"https:\/\/flanca.si\/?post_type=product&#038;p=23294"},"modified":"2026-03-23T18:15:49","modified_gmt":"2026-03-23T17:15:49","slug":"lavanda-kopija","status":"publish","type":"product","link":"https:\/\/flanca.si\/hr\/proizvod\/lavanda-kopija\/","title":{"rendered":"Lavanda (Kopija)"},"content":{"rendered":"<p>Lavanda tvori trajnicu do 60 cm visok polugrm. Cvjetovi su u kralje\u0161cima i na kraju izbojaka. Raste na vrlo vru\u0107im stani\u0161tima kao \u0161to su kamenita i vapnenasta tla. Lavanda se sadi zbog svog izgleda, cvjetova i ugodnog mirisa koji emitira li\u0161\u0107e. Mo\u017ee se saditi na gredice pojedina\u010dno, ali bolje se izra\u017eava u skupinama od nekoliko biljaka zajedno ili kao pokrovna biljka. Pogodan je i za nisko rezane \u017eivice. Eteri\u010dno ulje se ekstrahira iz cvjetova. Koristi se u raznim kozmeti\u010dkim proizvodima, uklju\u010duju\u0107i i za lije\u010denje. Lijek blago smiruje migrene i iscrpljenost. Lavanda smiruje gr\u010deve, ubrzava probavu i ubla\u017eava reumatske bolove u obliku kupke. Listovi i cvjetni izbojci su jestivi i koriste se kao za\u010din. Cvjetovi su pogodni za kuhanje \u010daja. Medonosna biljka koja privla\u010di bumbare i p\u010dele.     <\/p>\n","protected":false},"excerpt":{"rendered":"<ul>\n<li><em>Lavandula angustifolia<\/em><\/li>\n<li>vi\u0161egodi\u0161nji polugrm<\/li>\n<li>Ukrasna vrijednost<\/li>\n<li>ugodan miris biljaka<\/li>\n<li>Eteri\u010dna ulja s mnogim ljekovitim svojstvima<\/li>\n<li>privla\u010di p\u010dele<\/li>\n<\/ul>\n<h4><strong>Pakirana 1 sadnica odjednom!<\/strong><\/h4>\n","protected":false},"featured_media":17037,"template":"","meta":{"site-sidebar-layout":"default","site-content-layout":"default","ast-site-content-layout":"default","site-content-style":"default","site-sidebar-style":"default","ast-global-header-display":"","ast-banner-title-visibility":"","ast-main-header-display":"","ast-hfb-above-header-display":"","ast-hfb-below-header-display":"","ast-hfb-mobile-header-display":"","site-post-title":"","ast-breadcrumbs-content":"","ast-featured-img":"","footer-sml-layout":"","ast-disable-related-posts":"","theme-transparent-header-meta":"default","adv-header-id-meta":"","stick-header-meta":"default","header-above-stick-meta":"","header-main-stick-meta":"","header-below-stick-meta":"","astra-migrate-meta-layouts":"set","ast-page-background-enabled":"default","ast-page-background-meta":{"desktop":{"background-color":"","background-image":"","background-repeat":"repeat","background-position":"center center","background-size":"auto","background-attachment":"scroll","background-type":"","background-media":"","overlay-type":"","overlay-color":"","overlay-opacity":"","overlay-gradient":""},"tablet":{"background-color":"","background-image":"","background-repeat":"repeat","background-position":"center center","background-size":"auto","background-attachment":"scroll","background-type":"","background-media":"","overlay-type":"","overlay-color":"","overlay-opacity":"","overlay-gradient":""},"mobile":{"background-color":"","background-image":"","background-repeat":"repeat","background-position":"center center","background-size":"auto","background-attachment":"scroll","background-type":"","background-media":"","overlay-type":"","overlay-color":"","overlay-opacity":"","overlay-gradient":""}},"ast-content-background-meta":{"desktop":{"background-color":"var(--ast-global-color-5)","background-image":"","background-repeat":"repeat","background-position":"center center","background-size":"auto","background-attachment":"scroll","background-type":"","background-media":"","overlay-type":"","overlay-color":"","overlay-opacity":"","overlay-gradient":""},"tablet":{"background-color":"var(--ast-global-color-5)","background-image":"","background-repeat":"repeat","background-position":"center center","background-size":"auto","background-attachment":"scroll","background-type":"","background-media":"","overlay-type":"","overlay-color":"","overlay-opacity":"","overlay-gradient":""},"mobile":{"background-color":"var(--ast-global-color-5)","background-image":"","background-repeat":"repeat","background-position":"center center","background-size":"auto","background-attachment":"scroll","background-type":"","background-media":"","overlay-type":"","overlay-color":"","overlay-opacity":"","overlay-gradient":""}}},"product_brand":[],"product_cat":[1752],"product_tag":[2100,1873,1869,2116,1763],"class_list":{"0":"post-23294","1":"product","2":"type-product","3":"status-publish","4":"has-post-thumbnail","6":"product_cat-ostalo-bilje","7":"product_tag-cvijece-hr","8":"product_tag-cvjetna-korita","9":"product_tag-cvjetnjaci","10":"product_tag-lavanda","11":"product_tag-ljekovita-biljka","12":"desktop-align-left","13":"tablet-align-left","14":"mobile-align-left","15":"ast-product-gallery-layout-horizontal","16":"ast-product-gallery-with-no-image","17":"ast-product-tabs-layout-horizontal","18":"ast-qv-on-image","20":"first","21":"instock","22":"taxable","23":"shipping-taxable","24":"purchasable","25":"product-type-simple"},"aioseo_notices":[],"_links":{"self":[{"href":"https:\/\/flanca.si\/hr\/wp-json\/wp\/v2\/product\/23294","targetHints":{"allow":["GET"]}}],"collection":[{"href":"https:\/\/flanca.si\/hr\/wp-json\/wp\/v2\/product"}],"about":[{"href":"https:\/\/flanca.si\/hr\/wp-json\/wp\/v2\/types\/product"}],"wp:featuredmedia":[{"embeddable":true,"href":"https:\/\/flanca.si\/hr\/wp-json\/wp\/v2\/media\/17037"}],"wp:attachment":[{"href":"https:\/\/flanca.si\/hr\/wp-json\/wp\/v2\/media?parent=23294"}],"wp:term":[{"taxonomy":"product_brand","embeddable":true,"href":"https:\/\/flanca.si\/hr\/wp-json\/wp\/v2\/product_brand?post=23294"},{"taxonomy":"product_cat","embeddable":true,"href":"https:\/\/flanca.si\/hr\/wp-json\/wp\/v2\/product_cat?post=23294"},{"taxonomy":"product_tag","embeddable":true,"href":"https:\/\/flanca.si\/hr\/wp-json\/wp\/v2\/product_tag?post=23294"}],"curies":[{"name":"wp","href":"https:\/\/api.w.org\/{rel}","templated":true}]}}