{"id":23046,"date":"2026-03-08T18:21:43","date_gmt":"2026-03-08T17:21:43","guid":{"rendered":"https:\/\/flanca.si\/?post_type=product&#038;p=23046"},"modified":"2026-03-08T18:43:10","modified_gmt":"2026-03-08T17:43:10","slug":"pinus-mugo-pumillo-planinski-bor-ili-ruvet-kopija-kopija-kopija-kopija-2","status":"publish","type":"product","link":"https:\/\/flanca.si\/hr\/proizvod\/pinus-mugo-pumillo-planinski-bor-ili-ruvet-kopija-kopija-kopija-kopija-2\/","title":{"rendered":"Pinus mugo Pumillo (planinski bor ili ruvet) (Kopija) (Kopija) (Kopija) (Kopija)"},"content":{"rendered":"<p>Planinski bor Pumillo sporo je rastu\u0107e crnogori\u010dno drvo koje ne zahtijeva posebnu njegu. To je zimzeleni grm s tamnozelenim \u010dupercima iglica. Tijekom svog dugog \u017eivotnog vijeka mo\u017ee narasti u visinu do 0,5 m. Tvori plitki korijenov sustav i otporan je na razli\u010dite uvjete tla. Mo\u017ee se saditi u cvjetnjake, ve\u0107e posude, kamenjare&#8230; Visina nadzemnog dijela sadnice: 10-15 cm. <\/p>\n","protected":false},"excerpt":{"rendered":"<ul>\n<li>spor rast<\/li>\n<li>tvori sfernu krunu<\/li>\n<li>otporan na mraz<\/li>\n<li>zimzelena biljka<\/li>\n<li>Tamnozelene grozdove iglica<\/li>\n<li>visina sadnice: 15-15 cm<\/li>\n<\/ul>\n<h4><strong>Pakirana 1 sadnica odjednom!<\/strong><\/h4>\n","protected":false},"featured_media":23048,"template":"","meta":{"site-sidebar-layout":"default","site-content-layout":"default","ast-site-content-layout":"default","site-content-style":"default","site-sidebar-style":"default","ast-global-header-display":"","ast-banner-title-visibility":"","ast-main-header-display":"","ast-hfb-above-header-display":"","ast-hfb-below-header-display":"","ast-hfb-mobile-header-display":"","site-post-title":"","ast-breadcrumbs-content":"","ast-featured-img":"","footer-sml-layout":"","ast-disable-related-posts":"","theme-transparent-header-meta":"default","adv-header-id-meta":"","stick-header-meta":"default","header-above-stick-meta":"","header-main-stick-meta":"","header-below-stick-meta":"","astra-migrate-meta-layouts":"set","ast-page-background-enabled":"default","ast-page-background-meta":{"desktop":{"background-color":"","background-image":"","background-repeat":"repeat","background-position":"center center","background-size":"auto","background-attachment":"scroll","background-type":"","background-media":"","overlay-type":"","overlay-color":"","overlay-opacity":"","overlay-gradient":""},"tablet":{"background-color":"","background-image":"","background-repeat":"repeat","background-position":"center center","background-size":"auto","background-attachment":"scroll","background-type":"","background-media":"","overlay-type":"","overlay-color":"","overlay-opacity":"","overlay-gradient":""},"mobile":{"background-color":"","background-image":"","background-repeat":"repeat","background-position":"center center","background-size":"auto","background-attachment":"scroll","background-type":"","background-media":"","overlay-type":"","overlay-color":"","overlay-opacity":"","overlay-gradient":""}},"ast-content-background-meta":{"desktop":{"background-color":"var(--ast-global-color-5)","background-image":"","background-repeat":"repeat","background-position":"center center","background-size":"auto","background-attachment":"scroll","background-type":"","background-media":"","overlay-type":"","overlay-color":"","overlay-opacity":"","overlay-gradient":""},"tablet":{"background-color":"var(--ast-global-color-5)","background-image":"","background-repeat":"repeat","background-position":"center center","background-size":"auto","background-attachment":"scroll","background-type":"","background-media":"","overlay-type":"","overlay-color":"","overlay-opacity":"","overlay-gradient":""},"mobile":{"background-color":"var(--ast-global-color-5)","background-image":"","background-repeat":"repeat","background-position":"center center","background-size":"auto","background-attachment":"scroll","background-type":"","background-media":"","overlay-type":"","overlay-color":"","overlay-opacity":"","overlay-gradient":""}}},"product_brand":[],"product_cat":[1916],"product_tag":[],"class_list":{"0":"post-23046","1":"product","2":"type-product","3":"status-publish","4":"has-post-thumbnail","6":"product_cat-grmlje-i-drvece","7":"desktop-align-left","8":"tablet-align-left","9":"mobile-align-left","10":"ast-product-gallery-layout-horizontal","11":"ast-product-tabs-layout-horizontal","12":"ast-qv-on-image","14":"first","15":"instock","16":"taxable","17":"shipping-taxable","18":"purchasable","19":"product-type-simple"},"aioseo_notices":[],"_links":{"self":[{"href":"https:\/\/flanca.si\/hr\/wp-json\/wp\/v2\/product\/23046","targetHints":{"allow":["GET"]}}],"collection":[{"href":"https:\/\/flanca.si\/hr\/wp-json\/wp\/v2\/product"}],"about":[{"href":"https:\/\/flanca.si\/hr\/wp-json\/wp\/v2\/types\/product"}],"wp:featuredmedia":[{"embeddable":true,"href":"https:\/\/flanca.si\/hr\/wp-json\/wp\/v2\/media\/23048"}],"wp:attachment":[{"href":"https:\/\/flanca.si\/hr\/wp-json\/wp\/v2\/media?parent=23046"}],"wp:term":[{"taxonomy":"product_brand","embeddable":true,"href":"https:\/\/flanca.si\/hr\/wp-json\/wp\/v2\/product_brand?post=23046"},{"taxonomy":"product_cat","embeddable":true,"href":"https:\/\/flanca.si\/hr\/wp-json\/wp\/v2\/product_cat?post=23046"},{"taxonomy":"product_tag","embeddable":true,"href":"https:\/\/flanca.si\/hr\/wp-json\/wp\/v2\/product_tag?post=23046"}],"curies":[{"name":"wp","href":"https:\/\/api.w.org\/{rel}","templated":true}]}}