{"id":22843,"date":"2026-02-14T07:10:46","date_gmt":"2026-02-14T06:10:46","guid":{"rendered":"https:\/\/flanca.si\/?post_type=product&#038;p=22843"},"modified":"2026-02-14T07:23:13","modified_gmt":"2026-02-14T06:23:13","slug":"hortenzija-metlice-limelight-kopija-kopija-kopija-kopija","status":"publish","type":"product","link":"https:\/\/flanca.si\/hr\/proizvod\/hortenzija-metlice-limelight-kopija-kopija-kopija-kopija\/","title":{"rendered":"Hortenzija metlice &#8216;Limelight&#8217; (Kopija) (Kopija) (Kopija) (Kopija)"},"content":{"rendered":"<p><strong>Hydrangea paniculata &#8216;Limelight&#8217;<\/strong> jedna je od najpopularnijih sorti hortenzije metlice, poznata po impresivnim cvjetovima i \u010dvrsto\u0107i. Ovaj listopadni grm mo\u017ee narasti do 2,5 metra visine i \u0161irine, s uspravnim rastom i \u0161irokim, \u0161iljastim cvjetovima. Cvjetovi se ljeti otvaraju u svje\u017eoj, zelenkasto-limunskoj boji, koja postupno prelazi u kremasto bijelu, a kasnije u ru\u017ei\u010daste i crvenkaste nijanse, stvaraju\u0107i \u0161arenu dinamiku u vrtu. Njega <strong>hortenzije &#8216;Limelight&#8217;<\/strong> je jednostavna. Uspijeva na sun\u010danim do polusjenovitim polo\u017eajima, u vla\u017enom, dobro dreniranom tlu. Biljka je vrlo otporna na niske temperature, \u0161to omogu\u0107uje uzgoj \u010dak i u hladnijim klimatskim uvjetima. Upotreba hortenzije &#8216;Limelight&#8217; je svestrana \u2013 izvrsno djeluje kao osamljena biljka na cvjetnim gredicama ili kao dio \u017eivice. Zbog svojih velikih, atraktivnih cvjetova \u010desto se koristi i u cvjetnim aran\u017emanima i buketima. Idealan je izbor za diverzifikaciju ljetnih i jesenskih vrtova s dugotrajnim cvjetanjem. <strong>Hortenzija paniculata &#8216;Limelight&#8217;<\/strong> obrezuje se u rano prolje\u0107e prije nego \u0161to zapo\u010dne novi rast. To je va\u017eno jer biljka cvjeta na novom drvu, \u0161to zna\u010di da \u0107e obrezivanje potaknuti ve\u0107e, ja\u010de cvjetove. Postupak obrezivanja:  <\/p>\n<ol>\n<li><strong>Uklanjanje starih izbojaka<\/strong>: Prvo uklonite sve o\u0161te\u0107ene, mrtve ili slabe grane kako biste pobolj\u0161ali prozra\u010divanje biljke.<\/li>\n<li><strong>Skra\u0107ivanje izbojaka<\/strong>: Preostale izbojke skratite za otprilike jednu tre\u0107inu duljine. To poti\u010de novi rast i ve\u0107e cvjetne grozdove. <\/li>\n<li><strong>Oblik<\/strong>: Prilikom obrezivanja odr\u017eavajte prirodni oblik biljke rezanjem grana neposredno iznad pupoljka okrenutog prema van. Tako \u0107e se biljka \u0161iriti prema van i ne\u0107e biti previ\u0161e zbijena. <\/li>\n<\/ol>\n<p>Obrezivanje pobolj\u0161ava cvjetanje i odr\u017eava biljku zdravom i sna\u017enom.<\/p>\n<p>&nbsp;<\/p>\n","protected":false},"excerpt":{"rendered":"<ul>\n<li>\n<p class=\"LC20lb MBeuO DKV0Md\"><em>Hydrangea paniculata &#8216;Svjetla reflektora<\/em><\/p>\n<\/li>\n<li>veliki svijetlozeleni cvjetovi koji dobivaju ru\u017ei\u010daste nijanse<\/li>\n<li>Cvije\u0107e je pogodno i za bukete i aran\u017emane<\/li>\n<li>Biljka je vrlo otporna na niske temperature i jednostavna za njegu<\/li>\n<li>uspijeva na sun\u010danim do polusjenovitim mjestima, vla\u017enom tlu<\/li>\n<li>cvjeta od lipnja do mraza<\/li>\n<li>naraste do 250 cm<\/li>\n<li>Mo\u017ee se saditi i kao osamljena biljka kao dio \u017eivice<\/li>\n<\/ul>\n<h5>Pakirana 1 sadnica odjednom!<\/h5>\n","protected":false},"featured_media":22845,"template":"","meta":{"site-sidebar-layout":"default","site-content-layout":"default","ast-site-content-layout":"default","site-content-style":"default","site-sidebar-style":"default","ast-global-header-display":"","ast-banner-title-visibility":"","ast-main-header-display":"","ast-hfb-above-header-display":"","ast-hfb-below-header-display":"","ast-hfb-mobile-header-display":"","site-post-title":"","ast-breadcrumbs-content":"","ast-featured-img":"","footer-sml-layout":"","ast-disable-related-posts":"","theme-transparent-header-meta":"default","adv-header-id-meta":"","stick-header-meta":"default","header-above-stick-meta":"","header-main-stick-meta":"","header-below-stick-meta":"","astra-migrate-meta-layouts":"set","ast-page-background-enabled":"default","ast-page-background-meta":{"desktop":{"background-color":"","background-image":"","background-repeat":"repeat","background-position":"center center","background-size":"auto","background-attachment":"scroll","background-type":"","background-media":"","overlay-type":"","overlay-color":"","overlay-opacity":"","overlay-gradient":""},"tablet":{"background-color":"","background-image":"","background-repeat":"repeat","background-position":"center center","background-size":"auto","background-attachment":"scroll","background-type":"","background-media":"","overlay-type":"","overlay-color":"","overlay-opacity":"","overlay-gradient":""},"mobile":{"background-color":"","background-image":"","background-repeat":"repeat","background-position":"center center","background-size":"auto","background-attachment":"scroll","background-type":"","background-media":"","overlay-type":"","overlay-color":"","overlay-opacity":"","overlay-gradient":""}},"ast-content-background-meta":{"desktop":{"background-color":"var(--ast-global-color-5)","background-image":"","background-repeat":"repeat","background-position":"center center","background-size":"auto","background-attachment":"scroll","background-type":"","background-media":"","overlay-type":"","overlay-color":"","overlay-opacity":"","overlay-gradient":""},"tablet":{"background-color":"var(--ast-global-color-5)","background-image":"","background-repeat":"repeat","background-position":"center center","background-size":"auto","background-attachment":"scroll","background-type":"","background-media":"","overlay-type":"","overlay-color":"","overlay-opacity":"","overlay-gradient":""},"mobile":{"background-color":"var(--ast-global-color-5)","background-image":"","background-repeat":"repeat","background-position":"center center","background-size":"auto","background-attachment":"scroll","background-type":"","background-media":"","overlay-type":"","overlay-color":"","overlay-opacity":"","overlay-gradient":""}}},"product_brand":[],"product_cat":[1916],"product_tag":[1917,1852],"class_list":{"0":"post-22843","1":"product","2":"type-product","3":"status-publish","4":"has-post-thumbnail","6":"product_cat-grmlje-i-drvece","7":"product_tag-grm","8":"product_tag-rezano-cvijece","9":"desktop-align-left","10":"tablet-align-left","11":"mobile-align-left","12":"ast-product-gallery-layout-horizontal","13":"ast-product-gallery-with-no-image","14":"ast-product-tabs-layout-horizontal","15":"ast-qv-on-image","17":"first","18":"instock","19":"taxable","20":"shipping-taxable","21":"purchasable","22":"product-type-simple"},"aioseo_notices":[],"_links":{"self":[{"href":"https:\/\/flanca.si\/hr\/wp-json\/wp\/v2\/product\/22843","targetHints":{"allow":["GET"]}}],"collection":[{"href":"https:\/\/flanca.si\/hr\/wp-json\/wp\/v2\/product"}],"about":[{"href":"https:\/\/flanca.si\/hr\/wp-json\/wp\/v2\/types\/product"}],"wp:featuredmedia":[{"embeddable":true,"href":"https:\/\/flanca.si\/hr\/wp-json\/wp\/v2\/media\/22845"}],"wp:attachment":[{"href":"https:\/\/flanca.si\/hr\/wp-json\/wp\/v2\/media?parent=22843"}],"wp:term":[{"taxonomy":"product_brand","embeddable":true,"href":"https:\/\/flanca.si\/hr\/wp-json\/wp\/v2\/product_brand?post=22843"},{"taxonomy":"product_cat","embeddable":true,"href":"https:\/\/flanca.si\/hr\/wp-json\/wp\/v2\/product_cat?post=22843"},{"taxonomy":"product_tag","embeddable":true,"href":"https:\/\/flanca.si\/hr\/wp-json\/wp\/v2\/product_tag?post=22843"}],"curies":[{"name":"wp","href":"https:\/\/api.w.org\/{rel}","templated":true}]}}