{"id":22745,"date":"2026-02-03T20:27:43","date_gmt":"2026-02-03T19:27:43","guid":{"rendered":"https:\/\/flanca.si\/?post_type=product&#038;p=22745"},"modified":"2026-04-06T19:00:20","modified_gmt":"2026-04-06T17:00:20","slug":"davidova-buddleia-ili-leptir-kopija","status":"publish","type":"product","link":"https:\/\/flanca.si\/hr\/proizvod\/davidova-buddleia-ili-leptir-kopija\/","title":{"rendered":"Davidova buddleia ili leptir (Kopija)"},"content":{"rendered":"<p>Mini leptir posebno je pogodan za uzgoj u ve\u0107im posudama ili koritima na terasi ili balkonu. Tako\u0111er se mo\u017ee saditi u cvjetne gredice u vrtu ili u kamenjaru. Biljka ima bogato razgranat i zbijen rast. Mo\u017ee narasti negdje do 1 m. Sadi se na sun\u010danim polo\u017eajima i dreniranim propusnim tlima. Kao vi\u0161egodi\u0161nja biljka, nepretenciozna je za uzgoj. Rezom odr\u017eavamo veli\u010dinu biljke. Od ranog ljeta do jeseni mazi nas dugim sto\u017eastim, ljubi\u010dastim, slatkomirisnim cvjetovima koji su bogati nektarom. Tako privla\u010di mnoge leptire i p\u010dele.   <\/p>\n","protected":false},"excerpt":{"rendered":"<ul>\n<li><em>Sorte Buddleja \/ Ljetna ptica C. ljubi\u010dasta<\/em><\/li>\n<li>vi\u0161egodi\u0161nji<\/li>\n<li>pogodno za sudopere i lonce<\/li>\n<li>sto\u017easti ljubi\u010dasti cvjetovi<\/li>\n<li>cvije\u0107e bogato nektarom<\/li>\n<li>privla\u010di leptire i p\u010dele<\/li>\n<\/ul>\n<h4><strong>Pakirana 1 po jedna biljka!<\/strong><\/h4>\n","protected":false},"featured_media":22747,"template":"","meta":{"site-sidebar-layout":"default","site-content-layout":"default","ast-site-content-layout":"default","site-content-style":"default","site-sidebar-style":"default","ast-global-header-display":"","ast-banner-title-visibility":"","ast-main-header-display":"","ast-hfb-above-header-display":"","ast-hfb-below-header-display":"","ast-hfb-mobile-header-display":"","site-post-title":"","ast-breadcrumbs-content":"","ast-featured-img":"","footer-sml-layout":"","ast-disable-related-posts":"","theme-transparent-header-meta":"default","adv-header-id-meta":"","stick-header-meta":"default","header-above-stick-meta":"","header-main-stick-meta":"","header-below-stick-meta":"","astra-migrate-meta-layouts":"set","ast-page-background-enabled":"default","ast-page-background-meta":{"desktop":{"background-color":"","background-image":"","background-repeat":"repeat","background-position":"center center","background-size":"auto","background-attachment":"scroll","background-type":"","background-media":"","overlay-type":"","overlay-color":"","overlay-opacity":"","overlay-gradient":""},"tablet":{"background-color":"","background-image":"","background-repeat":"repeat","background-position":"center center","background-size":"auto","background-attachment":"scroll","background-type":"","background-media":"","overlay-type":"","overlay-color":"","overlay-opacity":"","overlay-gradient":""},"mobile":{"background-color":"","background-image":"","background-repeat":"repeat","background-position":"center center","background-size":"auto","background-attachment":"scroll","background-type":"","background-media":"","overlay-type":"","overlay-color":"","overlay-opacity":"","overlay-gradient":""}},"ast-content-background-meta":{"desktop":{"background-color":"var(--ast-global-color-5)","background-image":"","background-repeat":"repeat","background-position":"center center","background-size":"auto","background-attachment":"scroll","background-type":"","background-media":"","overlay-type":"","overlay-color":"","overlay-opacity":"","overlay-gradient":""},"tablet":{"background-color":"var(--ast-global-color-5)","background-image":"","background-repeat":"repeat","background-position":"center center","background-size":"auto","background-attachment":"scroll","background-type":"","background-media":"","overlay-type":"","overlay-color":"","overlay-opacity":"","overlay-gradient":""},"mobile":{"background-color":"var(--ast-global-color-5)","background-image":"","background-repeat":"repeat","background-position":"center center","background-size":"auto","background-attachment":"scroll","background-type":"","background-media":"","overlay-type":"","overlay-color":"","overlay-opacity":"","overlay-gradient":""}}},"product_brand":[],"product_cat":[1916],"product_tag":[1873,1869,1922],"class_list":{"0":"post-22745","1":"product","2":"type-product","3":"status-publish","4":"has-post-thumbnail","6":"product_cat-grmlje-i-drvece","7":"product_tag-cvjetna-korita","8":"product_tag-cvjetnjaci","9":"product_tag-medonosna-biljka","10":"desktop-align-left","11":"tablet-align-left","12":"mobile-align-left","13":"ast-product-gallery-layout-horizontal","14":"ast-product-tabs-layout-horizontal","15":"ast-qv-on-image","17":"first","18":"instock","19":"taxable","20":"shipping-taxable","21":"purchasable","22":"product-type-simple"},"aioseo_notices":[],"_links":{"self":[{"href":"https:\/\/flanca.si\/hr\/wp-json\/wp\/v2\/product\/22745","targetHints":{"allow":["GET"]}}],"collection":[{"href":"https:\/\/flanca.si\/hr\/wp-json\/wp\/v2\/product"}],"about":[{"href":"https:\/\/flanca.si\/hr\/wp-json\/wp\/v2\/types\/product"}],"wp:featuredmedia":[{"embeddable":true,"href":"https:\/\/flanca.si\/hr\/wp-json\/wp\/v2\/media\/22747"}],"wp:attachment":[{"href":"https:\/\/flanca.si\/hr\/wp-json\/wp\/v2\/media?parent=22745"}],"wp:term":[{"taxonomy":"product_brand","embeddable":true,"href":"https:\/\/flanca.si\/hr\/wp-json\/wp\/v2\/product_brand?post=22745"},{"taxonomy":"product_cat","embeddable":true,"href":"https:\/\/flanca.si\/hr\/wp-json\/wp\/v2\/product_cat?post=22745"},{"taxonomy":"product_tag","embeddable":true,"href":"https:\/\/flanca.si\/hr\/wp-json\/wp\/v2\/product_tag?post=22745"}],"curies":[{"name":"wp","href":"https:\/\/api.w.org\/{rel}","templated":true}]}}