{"id":22688,"date":"2026-02-03T17:59:37","date_gmt":"2026-02-03T16:59:37","guid":{"rendered":"https:\/\/flanca.si\/?post_type=product&#038;p=22688"},"modified":"2026-02-03T18:04:35","modified_gmt":"2026-02-03T17:04:35","slug":"vetisa-cote-gnojivo-za-cetinjace-i-zivice-kopija-kopija","status":"publish","type":"product","link":"https:\/\/flanca.si\/hr\/proizvod\/vetisa-cote-gnojivo-za-cetinjace-i-zivice-kopija-kopija\/","title":{"rendered":"VETISA-COTE Gnojivo za \u010detinja\u010de i \u017eivice (Kopija) (Kopija)"},"content":{"rendered":"<p><strong>VETISA-COTE dugotrajno 100% kontrolirano gnojivo oblo\u017eeno s kontroliranim otpu\u0161tanjem hranjivih tvari<\/strong><\/p>\n<p>Odlikuje se originalnom Horti-Cote\u00ae CRF tehnologijom i profesionalnom kvalitetom, bez pretjeranog ispu\u0161tanja na visokim temperaturama. Jedna primjena <strong>dovoljna je za cijelu sezonu<\/strong>, jer gnojivo djeluje do 6 mjeseci. Osloba\u0111anje hranjivih sastojaka prilago\u0111eno je potrebama biljaka i regulirano je temperaturom. Ovo je ekolo\u0161ki prihvatljivo gnojivo s dugotrajnim u\u010dinkom na biljke. Prazna ovojnica je <strong>biorazgradiva<\/strong> i sastoji se od organskih komponenti. Gnojivo primijenite samo tamo gdje je to potrebno. Nemojte prekora\u010diti preporu\u010dene koncentracije.      <\/p>\n<p><strong>PRIMJENA VETIS-COTE Dugotrajnog 100% oblo\u017eenog gnojiva:<\/strong><\/p>\n<p>Gnojivo se mije\u0161a prilikom sadnje u supstrat ili tlo. Ako ga posipate po povr\u0161ini, naknadno se umije\u0161a u tlo. <\/p>\n<p><strong>Doziranje gnojiva:<\/strong><\/p>\n<p><strong>Balkonska korita, posude:<\/strong> 3-4 g po litri supstrata (tla) <strong>Sobne lon\u010danice: <\/strong>2-3 g po litri supstrata (tla) <strong>Vrt: cvije\u0107e na gredicama i trajnice: <\/strong>100 g na 1 m2 povr\u0161ine<\/p>\n<p>&nbsp;<\/p>\n<p><strong>OZNAKA GNOJIVA: FKS 1 (C) (I) (a) (ii) Slo\u017eeno kruto anorgansko gnojivo s makrohranjivima NPK (MgO) 16.6.11+(2) i mikrohranjivima  <\/strong><\/p>\n<p><strong>SADR\u017dAVA:  <\/strong><\/p>\n<ul>\n<li><strong>16% N (ukupni du\u0161ik)<\/strong> od toga: amonijev du\u0161ik 8,8%, nitratni du\u0161ik (NO3) 7,2%,<\/li>\n<li><strong>6% P2O5<\/strong> (ukupni fosforov pentoksid),<\/li>\n<li>3% P2O5 (fosforov pentoksid), topiv u vodi<\/li>\n<li>3% P2O5 (fosforov pentoksid), topljiv u neutralnom amonijevom c. i vodi, <\/li>\n<li><strong>11% K2O<\/strong> (kalijev oksid) topljiv u vodi,<\/li>\n<li>2,0% MgO magnezijevog oksida, topljivog u vodi, i<\/li>\n<li><strong>Mikronutrijenti:<\/strong> Cu (bakar) 0,0783%, sulfat topljiv u vodi, Fe (\u017eeljezo) 0,33%, Mn (mangan) 0,13%, topiv u vodi, , Mo (molibden) 0,011%, topiv u vodi, Zn (cink) 0,0783%, sulfat topiv u vodi.<\/li>\n<\/ul>\n<p>Gnojivo je pakirano u biorazgradivu ambala\u017eu od 1 kg.<\/p>\n","protected":false},"excerpt":{"rendered":"<ul>\n<li>dugotrajno gnojivo s kontroliranim otpu\u0161tanjem hranjivih tvari<\/li>\n<li>Jedna primjena dovoljna je za cijelu sezonu<\/li>\n<li>Ekolo\u0161ki prihvatljivo gnojivo<\/li>\n<li>Biorazgradiva ambala\u017ea<\/li>\n<\/ul>\n","protected":false},"featured_media":22690,"template":"","meta":{"site-sidebar-layout":"default","site-content-layout":"","ast-site-content-layout":"default","site-content-style":"default","site-sidebar-style":"default","ast-global-header-display":"","ast-banner-title-visibility":"","ast-main-header-display":"","ast-hfb-above-header-display":"","ast-hfb-below-header-display":"","ast-hfb-mobile-header-display":"","site-post-title":"","ast-breadcrumbs-content":"","ast-featured-img":"","footer-sml-layout":"","ast-disable-related-posts":"","theme-transparent-header-meta":"default","adv-header-id-meta":"","stick-header-meta":"default","header-above-stick-meta":"","header-main-stick-meta":"","header-below-stick-meta":"","astra-migrate-meta-layouts":"set","ast-page-background-enabled":"default","ast-page-background-meta":{"desktop":{"background-color":"","background-image":"","background-repeat":"repeat","background-position":"center center","background-size":"auto","background-attachment":"scroll","background-type":"","background-media":"","overlay-type":"","overlay-color":"","overlay-opacity":"","overlay-gradient":""},"tablet":{"background-color":"","background-image":"","background-repeat":"repeat","background-position":"center center","background-size":"auto","background-attachment":"scroll","background-type":"","background-media":"","overlay-type":"","overlay-color":"","overlay-opacity":"","overlay-gradient":""},"mobile":{"background-color":"","background-image":"","background-repeat":"repeat","background-position":"center center","background-size":"auto","background-attachment":"scroll","background-type":"","background-media":"","overlay-type":"","overlay-color":"","overlay-opacity":"","overlay-gradient":""}},"ast-content-background-meta":{"desktop":{"background-color":"var(--ast-global-color-5)","background-image":"","background-repeat":"repeat","background-position":"center center","background-size":"auto","background-attachment":"scroll","background-type":"","background-media":"","overlay-type":"","overlay-color":"","overlay-opacity":"","overlay-gradient":""},"tablet":{"background-color":"var(--ast-global-color-5)","background-image":"","background-repeat":"repeat","background-position":"center center","background-size":"auto","background-attachment":"scroll","background-type":"","background-media":"","overlay-type":"","overlay-color":"","overlay-opacity":"","overlay-gradient":""},"mobile":{"background-color":"var(--ast-global-color-5)","background-image":"","background-repeat":"repeat","background-position":"center center","background-size":"auto","background-attachment":"scroll","background-type":"","background-media":"","overlay-type":"","overlay-color":"","overlay-opacity":"","overlay-gradient":""}}},"product_brand":[],"product_cat":[1987],"product_tag":[1985,1591,1634],"class_list":{"0":"post-22688","1":"product","2":"type-product","3":"status-publish","4":"has-post-thumbnail","6":"product_cat-gnojiva","7":"product_tag-gnojivo","8":"product_tag-plodista","9":"product_tag-rajcice","10":"desktop-align-left","11":"tablet-align-left","12":"mobile-align-left","13":"ast-product-gallery-layout-horizontal","14":"ast-product-gallery-with-no-image","15":"ast-product-tabs-layout-horizontal","16":"ast-qv-on-image","18":"first","19":"instock","20":"taxable","21":"shipping-taxable","22":"purchasable","23":"product-type-simple"},"aioseo_notices":[],"_links":{"self":[{"href":"https:\/\/flanca.si\/hr\/wp-json\/wp\/v2\/product\/22688","targetHints":{"allow":["GET"]}}],"collection":[{"href":"https:\/\/flanca.si\/hr\/wp-json\/wp\/v2\/product"}],"about":[{"href":"https:\/\/flanca.si\/hr\/wp-json\/wp\/v2\/types\/product"}],"wp:featuredmedia":[{"embeddable":true,"href":"https:\/\/flanca.si\/hr\/wp-json\/wp\/v2\/media\/22690"}],"wp:attachment":[{"href":"https:\/\/flanca.si\/hr\/wp-json\/wp\/v2\/media?parent=22688"}],"wp:term":[{"taxonomy":"product_brand","embeddable":true,"href":"https:\/\/flanca.si\/hr\/wp-json\/wp\/v2\/product_brand?post=22688"},{"taxonomy":"product_cat","embeddable":true,"href":"https:\/\/flanca.si\/hr\/wp-json\/wp\/v2\/product_cat?post=22688"},{"taxonomy":"product_tag","embeddable":true,"href":"https:\/\/flanca.si\/hr\/wp-json\/wp\/v2\/product_tag?post=22688"}],"curies":[{"name":"wp","href":"https:\/\/api.w.org\/{rel}","templated":true}]}}