{"id":22523,"date":"2026-02-01T17:02:47","date_gmt":"2026-02-01T16:02:47","guid":{"rendered":"https:\/\/flanca.si\/?post_type=product&#038;p=22523"},"modified":"2026-03-04T19:15:32","modified_gmt":"2026-03-04T18:15:32","slug":"spanjolska-bazga-syringa-vulgaris-bloomerang-dark-purple-kopija-2","status":"publish","type":"product","link":"https:\/\/flanca.si\/hr\/proizvod\/spanjolska-bazga-syringa-vulgaris-bloomerang-dark-purple-kopija-2\/","title":{"rendered":"\u0160panjolska bazga &#8211; Syringa vulgaris &#8216;Bloomerang Dark Purple&#8217; (Kopija)"},"content":{"rendered":"<p>\u0160panjolska bazga je listopadni grm s metli\u010dastim cvatovima lila boje. Cvjetovi se razvijaju u svibnju i imaju sna\u017ean mirisni miris. Listovi su u obliku srca i zelene boje. Naraste do 2 m visine. \u0160panjolska bazga mo\u017ee se saditi kao pojedina\u010dna biljka u vrtovima, ali se mo\u017ee koristiti i za \u017eivice. Budu\u0107i da dobro podnosi obrezivanje, mo\u017ee se oblikovati i u manje stablo. Orezujemo ga zimi ili rano prolje\u0107e. Nepretenciozan je za uzgoj, otporan na hladno\u0107u, su\u0161u i razne bolesti. Najbolji izbor za sadnju su sun\u010dani polo\u017eaji, mogu biti i polusjenoviti. Visina nadzemnog dijela biljke: cca 30 cm   <\/p>\n","protected":false},"excerpt":{"rendered":"<ul>\n<li><em>Syringa vulgaris &#8216;Bloomerang Dark Purple&#8217;<\/em><\/li>\n<li>vrlo mirisno cvije\u0107e<\/li>\n<li>bujno cvjetanje<\/li>\n<li>ukrasni listovi u obliku srca<\/li>\n<li>nepretenciozan za rast<\/li>\n<\/ul>\n<h3>Pakirana 1 sadnica odjednom!<\/h3>\n","protected":false},"featured_media":22525,"template":"","meta":{"site-sidebar-layout":"default","site-content-layout":"default","ast-site-content-layout":"default","site-content-style":"default","site-sidebar-style":"default","ast-global-header-display":"","ast-banner-title-visibility":"","ast-main-header-display":"","ast-hfb-above-header-display":"","ast-hfb-below-header-display":"","ast-hfb-mobile-header-display":"","site-post-title":"","ast-breadcrumbs-content":"","ast-featured-img":"","footer-sml-layout":"","ast-disable-related-posts":"","theme-transparent-header-meta":"default","adv-header-id-meta":"","stick-header-meta":"default","header-above-stick-meta":"","header-main-stick-meta":"","header-below-stick-meta":"","astra-migrate-meta-layouts":"set","ast-page-background-enabled":"default","ast-page-background-meta":{"desktop":{"background-color":"","background-image":"","background-repeat":"repeat","background-position":"center center","background-size":"auto","background-attachment":"scroll","background-type":"","background-media":"","overlay-type":"","overlay-color":"","overlay-opacity":"","overlay-gradient":""},"tablet":{"background-color":"","background-image":"","background-repeat":"repeat","background-position":"center center","background-size":"auto","background-attachment":"scroll","background-type":"","background-media":"","overlay-type":"","overlay-color":"","overlay-opacity":"","overlay-gradient":""},"mobile":{"background-color":"","background-image":"","background-repeat":"repeat","background-position":"center center","background-size":"auto","background-attachment":"scroll","background-type":"","background-media":"","overlay-type":"","overlay-color":"","overlay-opacity":"","overlay-gradient":""}},"ast-content-background-meta":{"desktop":{"background-color":"var(--ast-global-color-5)","background-image":"","background-repeat":"repeat","background-position":"center center","background-size":"auto","background-attachment":"scroll","background-type":"","background-media":"","overlay-type":"","overlay-color":"","overlay-opacity":"","overlay-gradient":""},"tablet":{"background-color":"var(--ast-global-color-5)","background-image":"","background-repeat":"repeat","background-position":"center center","background-size":"auto","background-attachment":"scroll","background-type":"","background-media":"","overlay-type":"","overlay-color":"","overlay-opacity":"","overlay-gradient":""},"mobile":{"background-color":"var(--ast-global-color-5)","background-image":"","background-repeat":"repeat","background-position":"center center","background-size":"auto","background-attachment":"scroll","background-type":"","background-media":"","overlay-type":"","overlay-color":"","overlay-opacity":"","overlay-gradient":""}}},"product_brand":[],"product_cat":[1916],"product_tag":[2208],"class_list":{"0":"post-22523","1":"product","2":"type-product","3":"status-publish","4":"has-post-thumbnail","6":"product_cat-grmlje-i-drvece","7":"product_tag-ukrasni-grm","8":"desktop-align-left","9":"tablet-align-left","10":"mobile-align-left","11":"ast-product-gallery-layout-horizontal","12":"ast-product-gallery-with-no-image","13":"ast-product-tabs-layout-horizontal","14":"ast-qv-on-image","16":"first","17":"instock","18":"taxable","19":"shipping-taxable","20":"purchasable","21":"product-type-simple"},"aioseo_notices":[],"_links":{"self":[{"href":"https:\/\/flanca.si\/hr\/wp-json\/wp\/v2\/product\/22523","targetHints":{"allow":["GET"]}}],"collection":[{"href":"https:\/\/flanca.si\/hr\/wp-json\/wp\/v2\/product"}],"about":[{"href":"https:\/\/flanca.si\/hr\/wp-json\/wp\/v2\/types\/product"}],"wp:featuredmedia":[{"embeddable":true,"href":"https:\/\/flanca.si\/hr\/wp-json\/wp\/v2\/media\/22525"}],"wp:attachment":[{"href":"https:\/\/flanca.si\/hr\/wp-json\/wp\/v2\/media?parent=22523"}],"wp:term":[{"taxonomy":"product_brand","embeddable":true,"href":"https:\/\/flanca.si\/hr\/wp-json\/wp\/v2\/product_brand?post=22523"},{"taxonomy":"product_cat","embeddable":true,"href":"https:\/\/flanca.si\/hr\/wp-json\/wp\/v2\/product_cat?post=22523"},{"taxonomy":"product_tag","embeddable":true,"href":"https:\/\/flanca.si\/hr\/wp-json\/wp\/v2\/product_tag?post=22523"}],"curies":[{"name":"wp","href":"https:\/\/api.w.org\/{rel}","templated":true}]}}