{"id":22508,"date":"2026-02-01T16:45:11","date_gmt":"2026-02-01T15:45:11","guid":{"rendered":"https:\/\/flanca.si\/?post_type=product&#038;p=22508"},"modified":"2026-03-04T18:48:44","modified_gmt":"2026-03-04T17:48:44","slug":"obicni-glog-s-crvenim-cvjetovima-kopija-kopija","status":"publish","type":"product","link":"https:\/\/flanca.si\/hr\/proizvod\/obicni-glog-s-crvenim-cvjetovima-kopija-kopija\/","title":{"rendered":"Obi\u010dni glog s crvenim cvjetovima (Kopija) (Kopija)"},"content":{"rendered":"<p><strong>Crataegus laevigata &#8216;Paul&#8217;s Scarlet&#8217;,<\/strong> tako\u0111er poznat kao ukrasni glog, popularno je manje drvo cijenjeno zbog svoje zapanjuju\u0107e proljetne cvjetne predstave. Ova sorta razvija gustu kro\u0161nju, koja je u prolje\u0107e prekrivena prekrasnim grozdovima punih, \u017eivopisnih ru\u017ei\u010dastih cvjetova. Tamnozeleni, blago probu\u0161eni listovi pru\u017eaju zanimljiv kontrast cvjetovima i ljeti stvaraju bogatu hladovinu. U jesen stablo \u010desto razvija male crvene plodove koji privla\u010de ptice. <strong>Briga:<\/strong> &#8216;Paul&#8217;s Scarlet&#8217; uspijeva na sun\u010danim do polusjenovitim mjestima i iznimno je prilagodljiv tlu, jer mo\u017ee izdr\u017eati \u010dak i manje kvalitetna ili vapnenasta tla. Redovito zalijevanje nakon sadnje ubrzava rast, a kasnije je biljka otporna na su\u0161u. Obrezivanje se provodi zimi ili rano prolje\u0107e, uglavnom radi uklanjanja mrtvih grana i odr\u017eavanja lijepog oblika. <strong>Kori\u0161tenje:<\/strong> Ovaj ukrasni glog izvrstan je izbor za male vrtove, dvori\u0161ta ili kao stablo s drve\u0107em. Dobro se sla\u017ee s grmljem kao \u0161to su <strong>Spiraea japonica<\/strong> ili <strong>Lavandula angustifolia<\/strong>, koji nadopunjuju njegovu estetiku cvjetanja. Za dodatnu teksturu mo\u017eete ga kombinirati s ni\u017eim travama kao \u0161to je <strong>Festuca glauca<\/strong> ili sa zimzelenim biljkama koje pru\u017eaju interes tijekom cijele godine.   <\/p>\n","protected":false},"excerpt":{"rendered":"<ul>\n<li><em>Crataegus laevigata &#8216;Pavlova grimizna&#8217;<\/em><\/li>\n<li>listopadno manje stablo koje nas u prolje\u0107e odu\u0161evljava bujnim cvjetanjem<\/li>\n<li>Ru\u017ei\u010dasti cvjetovi pojavljuju se u grozdovima<\/li>\n<li>Tamnozeleni, blago zgru\u0161ani listovi pru\u017eaju zanimljiv kontrast cvjetovima i ljeti stvaraju bogatu hladovinu<\/li>\n<li>naraste do 6 m visine<\/li>\n<li>Biljka je otporna na hladno\u0107u i pogodna za urbane sredine<\/li>\n<\/ul>\n<h4><strong>Pakirana 1 sadnica odjednom!<\/strong><\/h4>\n","protected":false},"featured_media":22510,"template":"","meta":{"site-sidebar-layout":"default","site-content-layout":"default","ast-site-content-layout":"default","site-content-style":"default","site-sidebar-style":"default","ast-global-header-display":"","ast-banner-title-visibility":"","ast-main-header-display":"","ast-hfb-above-header-display":"","ast-hfb-below-header-display":"","ast-hfb-mobile-header-display":"","site-post-title":"","ast-breadcrumbs-content":"","ast-featured-img":"","footer-sml-layout":"","ast-disable-related-posts":"","theme-transparent-header-meta":"default","adv-header-id-meta":"","stick-header-meta":"default","header-above-stick-meta":"","header-main-stick-meta":"","header-below-stick-meta":"","astra-migrate-meta-layouts":"set","ast-page-background-enabled":"default","ast-page-background-meta":{"desktop":{"background-color":"","background-image":"","background-repeat":"repeat","background-position":"center center","background-size":"auto","background-attachment":"scroll","background-type":"","background-media":"","overlay-type":"","overlay-color":"","overlay-opacity":"","overlay-gradient":""},"tablet":{"background-color":"","background-image":"","background-repeat":"repeat","background-position":"center center","background-size":"auto","background-attachment":"scroll","background-type":"","background-media":"","overlay-type":"","overlay-color":"","overlay-opacity":"","overlay-gradient":""},"mobile":{"background-color":"","background-image":"","background-repeat":"repeat","background-position":"center center","background-size":"auto","background-attachment":"scroll","background-type":"","background-media":"","overlay-type":"","overlay-color":"","overlay-opacity":"","overlay-gradient":""}},"ast-content-background-meta":{"desktop":{"background-color":"var(--ast-global-color-5)","background-image":"","background-repeat":"repeat","background-position":"center center","background-size":"auto","background-attachment":"scroll","background-type":"","background-media":"","overlay-type":"","overlay-color":"","overlay-opacity":"","overlay-gradient":""},"tablet":{"background-color":"var(--ast-global-color-5)","background-image":"","background-repeat":"repeat","background-position":"center center","background-size":"auto","background-attachment":"scroll","background-type":"","background-media":"","overlay-type":"","overlay-color":"","overlay-opacity":"","overlay-gradient":""},"mobile":{"background-color":"var(--ast-global-color-5)","background-image":"","background-repeat":"repeat","background-position":"center center","background-size":"auto","background-attachment":"scroll","background-type":"","background-media":"","overlay-type":"","overlay-color":"","overlay-opacity":"","overlay-gradient":""}}},"product_brand":[],"product_cat":[1916],"product_tag":[2208],"class_list":{"0":"post-22508","1":"product","2":"type-product","3":"status-publish","4":"has-post-thumbnail","6":"product_cat-grmlje-i-drvece","7":"product_tag-ukrasni-grm","8":"product_shipping_class-osobno-preuzimanje","9":"desktop-align-left","10":"tablet-align-left","11":"mobile-align-left","12":"ast-product-gallery-layout-horizontal","13":"ast-product-tabs-layout-horizontal","14":"ast-qv-on-image","16":"first","17":"instock","18":"taxable","19":"shipping-taxable","20":"purchasable","21":"product-type-simple"},"aioseo_notices":[],"_links":{"self":[{"href":"https:\/\/flanca.si\/hr\/wp-json\/wp\/v2\/product\/22508","targetHints":{"allow":["GET"]}}],"collection":[{"href":"https:\/\/flanca.si\/hr\/wp-json\/wp\/v2\/product"}],"about":[{"href":"https:\/\/flanca.si\/hr\/wp-json\/wp\/v2\/types\/product"}],"wp:featuredmedia":[{"embeddable":true,"href":"https:\/\/flanca.si\/hr\/wp-json\/wp\/v2\/media\/22510"}],"wp:attachment":[{"href":"https:\/\/flanca.si\/hr\/wp-json\/wp\/v2\/media?parent=22508"}],"wp:term":[{"taxonomy":"product_brand","embeddable":true,"href":"https:\/\/flanca.si\/hr\/wp-json\/wp\/v2\/product_brand?post=22508"},{"taxonomy":"product_cat","embeddable":true,"href":"https:\/\/flanca.si\/hr\/wp-json\/wp\/v2\/product_cat?post=22508"},{"taxonomy":"product_tag","embeddable":true,"href":"https:\/\/flanca.si\/hr\/wp-json\/wp\/v2\/product_tag?post=22508"}],"curies":[{"name":"wp","href":"https:\/\/api.w.org\/{rel}","templated":true}]}}