{"id":22382,"date":"2026-01-28T18:30:22","date_gmt":"2026-01-28T17:30:22","guid":{"rendered":"https:\/\/flanca.si\/?post_type=product&#038;p=22382"},"modified":"2026-03-04T18:57:28","modified_gmt":"2026-03-04T17:57:28","slug":"ginkgo-sferican-na-stabljici-kopija","status":"publish","type":"product","link":"https:\/\/flanca.si\/hr\/proizvod\/ginkgo-sferican-na-stabljici-kopija\/","title":{"rendered":"Ginkgo sferi\u010dan na stabljici (Kopija)"},"content":{"rendered":"<p>Ginkgo biloba &#8216;Mariken&#8217; je sferna sorta ginka. Kompaktna i sporo rastu\u0107a sorta ginka s karakteristi\u010dnim dvokrilnim listovima koji stvaraju lijep i jedinstven izgled. Ova je sorta idealna za male vrtove ili za uzgoj u kontejnerima na terasama i balkonima zbog malog rasta i atraktivnog, grmolikog izgleda. &#8216;Mariken&#8217; je tako\u0111er izvrstan izbor za bonsai dizajn zbog svoje prirodne sklonosti usporavanju rasta i dizajna. Osim dekorativnog izgleda, Ginkgo biloba &#8216;Mariken&#8217; ima i ljekovite vrijednosti, jer su njegovi listovi korisni u tradicionalnoj medicini zbog svojih antioksidativnih svojstava i podr\u0161ke cjelokupnom zdravlju mozga. Uz minimalno odr\u017eavanje i jednostavnu njegu, &#8216;Mariken&#8217; je izvrstan izbor za svakoga tko \u017eeli dodati jedinstvenu i korisnu biljku u svoj vrt ili balkon.     <\/p>\n<p>&nbsp;<\/p>\n","protected":false},"excerpt":{"rendered":"<ul>\n<li><em>Ginkgo Biloba &#8216;Mariken&#8217;<\/em><\/li>\n<li>poseban sferni oblik krune<\/li>\n<li>Patuljasti rast<\/li>\n<li>\u017divi fosil<\/li>\n<li>Drvo sje\u0107anja<\/li>\n<li>Listovi u jesen postaju \u017eivo \u017euti<\/li>\n<\/ul>\n<h4><strong>Pakirana 1 sadnica odjednom!<\/strong><\/h4>\n","protected":false},"featured_media":22384,"template":"","meta":{"site-sidebar-layout":"default","site-content-layout":"default","ast-site-content-layout":"default","site-content-style":"default","site-sidebar-style":"default","ast-global-header-display":"","ast-banner-title-visibility":"","ast-main-header-display":"","ast-hfb-above-header-display":"","ast-hfb-below-header-display":"","ast-hfb-mobile-header-display":"","site-post-title":"","ast-breadcrumbs-content":"","ast-featured-img":"","footer-sml-layout":"","ast-disable-related-posts":"","theme-transparent-header-meta":"default","adv-header-id-meta":"","stick-header-meta":"default","header-above-stick-meta":"","header-main-stick-meta":"","header-below-stick-meta":"","astra-migrate-meta-layouts":"set","ast-page-background-enabled":"default","ast-page-background-meta":{"desktop":{"background-color":"","background-image":"","background-repeat":"repeat","background-position":"center center","background-size":"auto","background-attachment":"scroll","background-type":"","background-media":"","overlay-type":"","overlay-color":"","overlay-opacity":"","overlay-gradient":""},"tablet":{"background-color":"","background-image":"","background-repeat":"repeat","background-position":"center center","background-size":"auto","background-attachment":"scroll","background-type":"","background-media":"","overlay-type":"","overlay-color":"","overlay-opacity":"","overlay-gradient":""},"mobile":{"background-color":"","background-image":"","background-repeat":"repeat","background-position":"center center","background-size":"auto","background-attachment":"scroll","background-type":"","background-media":"","overlay-type":"","overlay-color":"","overlay-opacity":"","overlay-gradient":""}},"ast-content-background-meta":{"desktop":{"background-color":"var(--ast-global-color-5)","background-image":"","background-repeat":"repeat","background-position":"center center","background-size":"auto","background-attachment":"scroll","background-type":"","background-media":"","overlay-type":"","overlay-color":"","overlay-opacity":"","overlay-gradient":""},"tablet":{"background-color":"var(--ast-global-color-5)","background-image":"","background-repeat":"repeat","background-position":"center center","background-size":"auto","background-attachment":"scroll","background-type":"","background-media":"","overlay-type":"","overlay-color":"","overlay-opacity":"","overlay-gradient":""},"mobile":{"background-color":"var(--ast-global-color-5)","background-image":"","background-repeat":"repeat","background-position":"center center","background-size":"auto","background-attachment":"scroll","background-type":"","background-media":"","overlay-type":"","overlay-color":"","overlay-opacity":"","overlay-gradient":""}}},"product_brand":[],"product_cat":[1916],"product_tag":[1924,1925,1926,1927],"class_list":{"0":"post-22382","1":"product","2":"type-product","3":"status-publish","4":"has-post-thumbnail","6":"product_cat-grmlje-i-drvece","7":"product_tag-bjelogorican","8":"product_tag-bjelogoricno-drvo","9":"product_tag-fosil-hr","10":"product_tag-gingko-hr","11":"product_shipping_class-osobno-preuzimanje","12":"desktop-align-left","13":"tablet-align-left","14":"mobile-align-left","15":"ast-product-gallery-layout-horizontal","16":"ast-product-gallery-with-no-image","17":"ast-product-tabs-layout-horizontal","18":"ast-qv-on-image","20":"first","21":"instock","22":"taxable","23":"shipping-taxable","24":"purchasable","25":"product-type-simple"},"aioseo_notices":[],"_links":{"self":[{"href":"https:\/\/flanca.si\/hr\/wp-json\/wp\/v2\/product\/22382","targetHints":{"allow":["GET"]}}],"collection":[{"href":"https:\/\/flanca.si\/hr\/wp-json\/wp\/v2\/product"}],"about":[{"href":"https:\/\/flanca.si\/hr\/wp-json\/wp\/v2\/types\/product"}],"wp:featuredmedia":[{"embeddable":true,"href":"https:\/\/flanca.si\/hr\/wp-json\/wp\/v2\/media\/22384"}],"wp:attachment":[{"href":"https:\/\/flanca.si\/hr\/wp-json\/wp\/v2\/media?parent=22382"}],"wp:term":[{"taxonomy":"product_brand","embeddable":true,"href":"https:\/\/flanca.si\/hr\/wp-json\/wp\/v2\/product_brand?post=22382"},{"taxonomy":"product_cat","embeddable":true,"href":"https:\/\/flanca.si\/hr\/wp-json\/wp\/v2\/product_cat?post=22382"},{"taxonomy":"product_tag","embeddable":true,"href":"https:\/\/flanca.si\/hr\/wp-json\/wp\/v2\/product_tag?post=22382"}],"curies":[{"name":"wp","href":"https:\/\/api.w.org\/{rel}","templated":true}]}}