{"id":22180,"date":"2025-11-25T15:17:22","date_gmt":"2025-11-25T14:17:22","guid":{"rendered":"https:\/\/flanca.si\/?post_type=product&#038;p=22180"},"modified":"2025-11-25T15:31:32","modified_gmt":"2025-11-25T14:31:32","slug":"timijan-kopija","status":"publish","type":"product","link":"https:\/\/flanca.si\/hr\/proizvod\/timijan-kopija\/","title":{"rendered":"Timijan (Kopija)"},"content":{"rendered":"<p>Maj\u010dina du\u0161ica je zimzeleni grm koji naraste od 15 do 40 cm visine. Sitni aromati\u010dni zeleni ili sivkasti listovi imaju podignuti rub lista. Sitni ru\u017ei\u010dasti cvjetovi maj\u010dine du\u0161ice izvrsna su pa\u0161a za sve insekte od p\u010dela, bumbara, leptira,&#8230; To je nepretenciozna biljka, koju se u prolje\u0107e preporu\u010duje gnojiti kompostom, a ako je potrebno, napraviti rez starih izbojaka. Maj\u010dina du\u0161ica sastavni je dio biljnog vrta, ali se mo\u017ee saditi i na povrtnjacima. Pogodan je za cvjetnjake, kamenjare, kontejnere i stare zidove, gdje vrlo dobro uspijeva. Zbog ugodnog mirisa mo\u017ee se saditi u blizini terase i vrtnih staza. Listovi i izbojci koji se beru mogu se koristiti svje\u017ei ili su\u0161eni. Osu\u0161eni listovi imaju ja\u010du aromu od svje\u017eih. Maj\u010dina du\u0161ica koristi se kao za\u010din za mnoga jela. Neizostavan je dio mediteranske kuhinje. Eteri\u010dno ulje maj\u010dine du\u0161ice koristi se u kozmeti\u010dkoj industriji za proizvodnju parfema, sapuna, vodica za ispiranje usta, krema za zube,&#8230; Ima i fungicidna svojstva, pa se preporu\u010duje sadnja u vrtovima izme\u0111u mje\u0161ovitih usjeva.   <\/p>\n","protected":false},"excerpt":{"rendered":"<ul>\n<li><em>Thymus vulgaris<\/em><\/li>\n<li>Vi\u0161egodi\u0161nja biljka<\/li>\n<li>Cvije\u0107e privla\u010di mnoge insekte<\/li>\n<li>koristite svje\u017ee ili osu\u0161eno li\u0161\u0107e i izbojke<\/li>\n<li>Za\u010din mnogim jelima<\/li>\n<li>ima fungicidni u\u010dinak u vrtu<\/li>\n<\/ul>\n<h4><strong>Pakirana 1 sadnica odjednom!<\/strong><\/h4>\n","protected":false},"featured_media":22182,"template":"","meta":{"site-sidebar-layout":"default","site-content-layout":"default","ast-site-content-layout":"default","site-content-style":"default","site-sidebar-style":"default","ast-global-header-display":"","ast-banner-title-visibility":"","ast-main-header-display":"","ast-hfb-above-header-display":"","ast-hfb-below-header-display":"","ast-hfb-mobile-header-display":"","site-post-title":"","ast-breadcrumbs-content":"","ast-featured-img":"","footer-sml-layout":"","ast-disable-related-posts":"","theme-transparent-header-meta":"default","adv-header-id-meta":"","stick-header-meta":"default","header-above-stick-meta":"","header-main-stick-meta":"","header-below-stick-meta":"","astra-migrate-meta-layouts":"set","ast-page-background-enabled":"default","ast-page-background-meta":{"desktop":{"background-color":"","background-image":"","background-repeat":"repeat","background-position":"center center","background-size":"auto","background-attachment":"scroll","background-type":"","background-media":"","overlay-type":"","overlay-color":"","overlay-opacity":"","overlay-gradient":""},"tablet":{"background-color":"","background-image":"","background-repeat":"repeat","background-position":"center center","background-size":"auto","background-attachment":"scroll","background-type":"","background-media":"","overlay-type":"","overlay-color":"","overlay-opacity":"","overlay-gradient":""},"mobile":{"background-color":"","background-image":"","background-repeat":"repeat","background-position":"center center","background-size":"auto","background-attachment":"scroll","background-type":"","background-media":"","overlay-type":"","overlay-color":"","overlay-opacity":"","overlay-gradient":""}},"ast-content-background-meta":{"desktop":{"background-color":"var(--ast-global-color-5)","background-image":"","background-repeat":"repeat","background-position":"center center","background-size":"auto","background-attachment":"scroll","background-type":"","background-media":"","overlay-type":"","overlay-color":"","overlay-opacity":"","overlay-gradient":""},"tablet":{"background-color":"var(--ast-global-color-5)","background-image":"","background-repeat":"repeat","background-position":"center center","background-size":"auto","background-attachment":"scroll","background-type":"","background-media":"","overlay-type":"","overlay-color":"","overlay-opacity":"","overlay-gradient":""},"mobile":{"background-color":"var(--ast-global-color-5)","background-image":"","background-repeat":"repeat","background-position":"center center","background-size":"auto","background-attachment":"scroll","background-type":"","background-media":"","overlay-type":"","overlay-color":"","overlay-opacity":"","overlay-gradient":""}}},"product_brand":[],"product_cat":[15],"product_tag":[1755,1786,1630,1892,1886],"class_list":{"0":"post-22180","1":"product","2":"type-product","3":"status-publish","4":"has-post-thumbnail","6":"product_cat-nekategorizirano","7":"product_tag-biljke","8":"product_tag-juha-hr","9":"product_tag-kuhinja-hr","10":"product_tag-timijan-hr","11":"product_tag-zacin","12":"desktop-align-left","13":"tablet-align-left","14":"mobile-align-left","15":"ast-product-gallery-layout-horizontal","16":"ast-product-tabs-layout-horizontal","17":"ast-qv-on-image","19":"first","20":"instock","21":"taxable","22":"shipping-taxable","23":"purchasable","24":"product-type-simple"},"aioseo_notices":[],"_links":{"self":[{"href":"https:\/\/flanca.si\/hr\/wp-json\/wp\/v2\/product\/22180","targetHints":{"allow":["GET"]}}],"collection":[{"href":"https:\/\/flanca.si\/hr\/wp-json\/wp\/v2\/product"}],"about":[{"href":"https:\/\/flanca.si\/hr\/wp-json\/wp\/v2\/types\/product"}],"wp:featuredmedia":[{"embeddable":true,"href":"https:\/\/flanca.si\/hr\/wp-json\/wp\/v2\/media\/22182"}],"wp:attachment":[{"href":"https:\/\/flanca.si\/hr\/wp-json\/wp\/v2\/media?parent=22180"}],"wp:term":[{"taxonomy":"product_brand","embeddable":true,"href":"https:\/\/flanca.si\/hr\/wp-json\/wp\/v2\/product_brand?post=22180"},{"taxonomy":"product_cat","embeddable":true,"href":"https:\/\/flanca.si\/hr\/wp-json\/wp\/v2\/product_cat?post=22180"},{"taxonomy":"product_tag","embeddable":true,"href":"https:\/\/flanca.si\/hr\/wp-json\/wp\/v2\/product_tag?post=22180"}],"curies":[{"name":"wp","href":"https:\/\/api.w.org\/{rel}","templated":true}]}}