{"id":21623,"date":"2025-09-16T14:13:06","date_gmt":"2025-09-16T12:13:06","guid":{"rendered":"https:\/\/flanca.si\/?post_type=product&#038;p=21623"},"modified":"2025-09-16T14:17:12","modified_gmt":"2025-09-16T12:17:12","slug":"pampas-trava-evita-kopija-kopija","status":"publish","type":"product","link":"https:\/\/flanca.si\/hr\/proizvod\/pampas-trava-evita-kopija-kopija\/","title":{"rendered":"Pampas trava &#8216;Evita&#8217; (Kopija) (Kopija)"},"content":{"rendered":"<p>&#8220;Cortaderia selloana &#8216;Evita'&#8221; je vrsta pampas trave koja je poznata po svom elegantnom izgledu i bogatim bijelim cvatovima. Ova je sorta popularna zbog svojih visokih i uspravnih cvjetnih stabljika i dugih, pahuljastih cvatova, koji stvaraju impresivan krajolik u vrtovima ili parkovima. Uzgoj &#8220;Evite&#8221; sli\u010dan je drugim sortama trave pampasa, zahtijeva sun\u010dano mjesto i dobro drenirano tlo. Njega uklju\u010duje redovito zalijevanje i povremeno uklanjanje mrtvog li\u0161\u0107a kako bi se odr\u017eao \u010dist izgled biljke. Cvije\u0107e &#8220;Evite&#8221; popularno je za upotrebu u suhim cvjetnim aran\u017emanima ili kao sredi\u0161nji dio u vrtovima za dodavanje visine i teksture.    <\/p>\n<p>&nbsp;<\/p>\n","protected":false},"excerpt":{"rendered":"<ul>\n<li><em>Cortaderia selloana &#8216;Evita&#8217;<\/em><\/li>\n<li>Elegantan izgled: Cortaderia selloana &#8216;Evita&#8217; odlikuje se elegantnim uspravnim rastom i bogatim bijelim cvatovima koji privla\u010de pa\u017enju u bilo kojem vrtu.<\/li>\n<li>Visok rast: Ova sorta pampas trave dose\u017ee impresivne visine, \u0161to je \u010dini odli\u010dnim izborom za dodavanje visine i strukture u vrtovima ili parkovima.<\/li>\n<li>Uspravna struktura: &#8220;Evita&#8221; ima sna\u017ene i uspravne cvjetne stabljike koje stoje uspravno i ponosno, \u0161to nadopunjuje njezin elegantan izgled.<\/li>\n<li>Pubertetni cvatovi: Bijeli cvatovi ove sorte su dugi, pubertetski i puni, stvaraju\u0107i mekan i atraktivan izgled.<\/li>\n<li>Jednostavna njega: &#8220;Evita&#8221; zahtijeva minimalno odr\u017eavanje, redovito zalijevanje i povremeno uklanjanje mrtvog li\u0161\u0107a kako bi se odr\u017eao \u010dist izgled.<\/li>\n<li>Otpornost: Ova je sorta obi\u010dno prili\u010dno otporna na \u0161teto\u010dine i bolesti i dobro se prilago\u0111ava razli\u010ditim vremenskim uvjetima.<\/li>\n<li>Korisnost: Cvjetovi &#8220;Evita&#8221; popularni su za upotrebu u suhim cvjetnim aran\u017emanima ili kao sredi\u0161nji dio u vrtovima koji \u017eele dodati visinu i teksturu.<\/li>\n<\/ul>\n<h4><strong>Pakirana 1 sadnica odjednom!<\/strong><\/h4>\n","protected":false},"featured_media":21625,"template":"","meta":{"site-sidebar-layout":"default","site-content-layout":"default","ast-site-content-layout":"default","site-content-style":"default","site-sidebar-style":"default","ast-global-header-display":"","ast-banner-title-visibility":"","ast-main-header-display":"","ast-hfb-above-header-display":"","ast-hfb-below-header-display":"","ast-hfb-mobile-header-display":"","site-post-title":"","ast-breadcrumbs-content":"","ast-featured-img":"","footer-sml-layout":"","ast-disable-related-posts":"","theme-transparent-header-meta":"default","adv-header-id-meta":"","stick-header-meta":"default","header-above-stick-meta":"","header-main-stick-meta":"","header-below-stick-meta":"","astra-migrate-meta-layouts":"set","ast-page-background-enabled":"default","ast-page-background-meta":{"desktop":{"background-color":"","background-image":"","background-repeat":"repeat","background-position":"center center","background-size":"auto","background-attachment":"scroll","background-type":"","background-media":"","overlay-type":"","overlay-color":"","overlay-opacity":"","overlay-gradient":""},"tablet":{"background-color":"","background-image":"","background-repeat":"repeat","background-position":"center center","background-size":"auto","background-attachment":"scroll","background-type":"","background-media":"","overlay-type":"","overlay-color":"","overlay-opacity":"","overlay-gradient":""},"mobile":{"background-color":"","background-image":"","background-repeat":"repeat","background-position":"center center","background-size":"auto","background-attachment":"scroll","background-type":"","background-media":"","overlay-type":"","overlay-color":"","overlay-opacity":"","overlay-gradient":""}},"ast-content-background-meta":{"desktop":{"background-color":"var(--ast-global-color-5)","background-image":"","background-repeat":"repeat","background-position":"center center","background-size":"auto","background-attachment":"scroll","background-type":"","background-media":"","overlay-type":"","overlay-color":"","overlay-opacity":"","overlay-gradient":""},"tablet":{"background-color":"var(--ast-global-color-5)","background-image":"","background-repeat":"repeat","background-position":"center center","background-size":"auto","background-attachment":"scroll","background-type":"","background-media":"","overlay-type":"","overlay-color":"","overlay-opacity":"","overlay-gradient":""},"mobile":{"background-color":"var(--ast-global-color-5)","background-image":"","background-repeat":"repeat","background-position":"center center","background-size":"auto","background-attachment":"scroll","background-type":"","background-media":"","overlay-type":"","overlay-color":"","overlay-opacity":"","overlay-gradient":""}}},"product_brand":[],"product_cat":[1883],"product_tag":[1765,1840,2196],"class_list":{"0":"post-21623","1":"product","2":"type-product","3":"status-publish","4":"has-post-thumbnail","6":"product_cat-ukrasne-trave","7":"product_tag-trava-hr-2","8":"product_tag-ukrasna-biljka","9":"product_tag-ukrasna-trava","10":"desktop-align-left","11":"tablet-align-left","12":"mobile-align-left","13":"ast-product-gallery-layout-horizontal","14":"ast-product-gallery-with-no-image","15":"ast-product-tabs-layout-horizontal","16":"ast-qv-on-image","18":"first","19":"instock","20":"taxable","21":"shipping-taxable","22":"purchasable","23":"product-type-simple"},"aioseo_notices":[],"_links":{"self":[{"href":"https:\/\/flanca.si\/hr\/wp-json\/wp\/v2\/product\/21623","targetHints":{"allow":["GET"]}}],"collection":[{"href":"https:\/\/flanca.si\/hr\/wp-json\/wp\/v2\/product"}],"about":[{"href":"https:\/\/flanca.si\/hr\/wp-json\/wp\/v2\/types\/product"}],"wp:featuredmedia":[{"embeddable":true,"href":"https:\/\/flanca.si\/hr\/wp-json\/wp\/v2\/media\/21625"}],"wp:attachment":[{"href":"https:\/\/flanca.si\/hr\/wp-json\/wp\/v2\/media?parent=21623"}],"wp:term":[{"taxonomy":"product_brand","embeddable":true,"href":"https:\/\/flanca.si\/hr\/wp-json\/wp\/v2\/product_brand?post=21623"},{"taxonomy":"product_cat","embeddable":true,"href":"https:\/\/flanca.si\/hr\/wp-json\/wp\/v2\/product_cat?post=21623"},{"taxonomy":"product_tag","embeddable":true,"href":"https:\/\/flanca.si\/hr\/wp-json\/wp\/v2\/product_tag?post=21623"}],"curies":[{"name":"wp","href":"https:\/\/api.w.org\/{rel}","templated":true}]}}