{"id":21602,"date":"2025-09-16T13:18:38","date_gmt":"2025-09-16T11:18:38","guid":{"rendered":"https:\/\/flanca.si\/?post_type=product&#038;p=21602"},"modified":"2025-09-16T13:24:56","modified_gmt":"2025-09-16T11:24:56","slug":"himalajski-cedar-pendula-kopija-2","status":"publish","type":"product","link":"https:\/\/flanca.si\/hr\/proizvod\/himalajski-cedar-pendula-kopija-2\/","title":{"rendered":"Himalajski cedar &#8216;Pendula&#8217; (Kopija)"},"content":{"rendered":"<p><strong>Cedrus deodara &#8216;Pendula&#8217;<\/strong>, poznat kao vise\u0107i cedar, elegantno je zimzeleno crnogori\u010dno drvo koje se isti\u010de svojim vise\u0107im granama i bujnim, vise\u0107im oblikom. Biljka relativno sporo raste, ali s vremenom dose\u017ee impresivnu \u0161irinu jer njezine duge, vise\u0107e grane rastu vodoravno, stvaraju\u0107i dramati\u010dan kaskadni efekt. Njegove meke, srebrnozelene do plavkasto-zelene iglice duge su i pru\u017eaju suptilan sjaj tijekom cijele godine. Ova je sorta idealna za sun\u010dane polo\u017eaje, gdje tlo dobro odvodi vodu, jer ne podnosi zadr\u017eavanje vlage. Iako je relativno otporan na su\u0161u, potrebno je redovito zalijevanje u prvim godinama nakon sadnje kako bi se dobro ukorijenio. Gnojidba gnojivom sa sporim otpu\u0161tanjem u prolje\u0107e podr\u017eat \u0107e zdrav rast. Obrezivanje obi\u010dno nije potrebno osim ako ne \u017eelite kontrolirati \u0161irenje ili naglasiti odre\u0111eni oblik. <strong>Cedrus deodara &#8216;Pendula&#8217;<\/strong> idealan je za formalno ili neformalno ure\u0111enje vrtova, gdje se koristi kao sredi\u0161nji ukrasni element. Odli\u010dno se sla\u017ee s grmljem poput <a href=\"https:\/\/flanca.si\/izdelek\/thunbergov-cesmin-admiration\/\">Berberisa <\/a>ili Cotoneastera ili s kontrastnim \u010detinja\u010dima poput Juniperus horizontalis. Tako\u0111er je prekrasan izbor za kamenjare, gdje njegove vise\u0107e grane stvaraju dinami\u010dan vizualni naglasak.  <\/p>\n","protected":false},"excerpt":{"rendered":"<ul>\n<li><em>Cedrus deodara &#8216;Pendula&#8217;<\/em><\/li>\n<li>Elegantno zimzeleno crnogori\u010dno drvo koje se isti\u010de svojim vise\u0107im granama i bujnim, vise\u0107im oblikom<\/li>\n<li>sporo rastu\u0107a biljka koja dose\u017ee impresivnu \u0161irinu zbog vise\u0107ih\/puzaju\u0107ih grana<\/li>\n<li>Pogodan je za sun\u010dane polo\u017eaje na podlogama gdje ne dolazi do stagnacije vode<\/li>\n<li>Obrezivanje je potrebno samo ako \u017eelite odre\u0111eni oblik<\/li>\n<\/ul>\n<h6>Pakirana 1 sadnica odjednom!<\/h6>\n","protected":false},"featured_media":21604,"template":"","meta":{"site-sidebar-layout":"default","site-content-layout":"","ast-site-content-layout":"default","site-content-style":"default","site-sidebar-style":"default","ast-global-header-display":"","ast-banner-title-visibility":"","ast-main-header-display":"","ast-hfb-above-header-display":"","ast-hfb-below-header-display":"","ast-hfb-mobile-header-display":"","site-post-title":"","ast-breadcrumbs-content":"","ast-featured-img":"","footer-sml-layout":"","ast-disable-related-posts":"","theme-transparent-header-meta":"default","adv-header-id-meta":"","stick-header-meta":"default","header-above-stick-meta":"","header-main-stick-meta":"","header-below-stick-meta":"","astra-migrate-meta-layouts":"set","ast-page-background-enabled":"default","ast-page-background-meta":{"desktop":{"background-color":"","background-image":"","background-repeat":"repeat","background-position":"center center","background-size":"auto","background-attachment":"scroll","background-type":"","background-media":"","overlay-type":"","overlay-color":"","overlay-opacity":"","overlay-gradient":""},"tablet":{"background-color":"","background-image":"","background-repeat":"repeat","background-position":"center center","background-size":"auto","background-attachment":"scroll","background-type":"","background-media":"","overlay-type":"","overlay-color":"","overlay-opacity":"","overlay-gradient":""},"mobile":{"background-color":"","background-image":"","background-repeat":"repeat","background-position":"center center","background-size":"auto","background-attachment":"scroll","background-type":"","background-media":"","overlay-type":"","overlay-color":"","overlay-opacity":"","overlay-gradient":""}},"ast-content-background-meta":{"desktop":{"background-color":"var(--ast-global-color-5)","background-image":"","background-repeat":"repeat","background-position":"center center","background-size":"auto","background-attachment":"scroll","background-type":"","background-media":"","overlay-type":"","overlay-color":"","overlay-opacity":"","overlay-gradient":""},"tablet":{"background-color":"var(--ast-global-color-5)","background-image":"","background-repeat":"repeat","background-position":"center center","background-size":"auto","background-attachment":"scroll","background-type":"","background-media":"","overlay-type":"","overlay-color":"","overlay-opacity":"","overlay-gradient":""},"mobile":{"background-color":"var(--ast-global-color-5)","background-image":"","background-repeat":"repeat","background-position":"center center","background-size":"auto","background-attachment":"scroll","background-type":"","background-media":"","overlay-type":"","overlay-color":"","overlay-opacity":"","overlay-gradient":""}}},"product_brand":[],"product_cat":[1916],"product_tag":[2323,2309,2327,2324],"class_list":{"0":"post-21602","1":"product","2":"type-product","3":"status-publish","4":"has-post-thumbnail","6":"product_cat-grmlje-i-drvece","7":"product_tag-cedar","8":"product_tag-cetinjaca","9":"product_tag-kamenjar","10":"product_tag-zimzelen","11":"desktop-align-left","12":"tablet-align-left","13":"mobile-align-left","14":"ast-product-gallery-layout-horizontal","15":"ast-product-gallery-with-no-image","16":"ast-product-tabs-layout-horizontal","17":"ast-qv-on-image","19":"first","20":"instock","21":"taxable","22":"shipping-taxable","23":"purchasable","24":"product-type-simple"},"aioseo_notices":[],"_links":{"self":[{"href":"https:\/\/flanca.si\/hr\/wp-json\/wp\/v2\/product\/21602","targetHints":{"allow":["GET"]}}],"collection":[{"href":"https:\/\/flanca.si\/hr\/wp-json\/wp\/v2\/product"}],"about":[{"href":"https:\/\/flanca.si\/hr\/wp-json\/wp\/v2\/types\/product"}],"wp:featuredmedia":[{"embeddable":true,"href":"https:\/\/flanca.si\/hr\/wp-json\/wp\/v2\/media\/21604"}],"wp:attachment":[{"href":"https:\/\/flanca.si\/hr\/wp-json\/wp\/v2\/media?parent=21602"}],"wp:term":[{"taxonomy":"product_brand","embeddable":true,"href":"https:\/\/flanca.si\/hr\/wp-json\/wp\/v2\/product_brand?post=21602"},{"taxonomy":"product_cat","embeddable":true,"href":"https:\/\/flanca.si\/hr\/wp-json\/wp\/v2\/product_cat?post=21602"},{"taxonomy":"product_tag","embeddable":true,"href":"https:\/\/flanca.si\/hr\/wp-json\/wp\/v2\/product_tag?post=21602"}],"curies":[{"name":"wp","href":"https:\/\/api.w.org\/{rel}","templated":true}]}}