{"id":21528,"date":"2025-09-09T09:23:33","date_gmt":"2025-09-09T07:23:33","guid":{"rendered":"https:\/\/flanca.si\/?post_type=product&#038;p=21528"},"modified":"2025-09-09T09:30:36","modified_gmt":"2025-09-09T07:30:36","slug":"cercis-chinensis-avondale-kopija-2","status":"publish","type":"product","link":"https:\/\/flanca.si\/hr\/proizvod\/cercis-chinensis-avondale-kopija-2\/","title":{"rendered":"Cercis chinensis &#8216;Avondale&#8217; (Kopija)"},"content":{"rendered":"<p>Manje stablo koje cvjeta u prolje\u0107e od gran\u010dica i debla. Najve\u0107a ukrasna vrijednost roda su cvjetovi koji cvjetaju samo jednom godi\u0161nje, u prolje\u0107e. Cvjetovi leptira u ru\u017ei\u010dastim nijansama otvaraju se na tankim cvjetnim peteljkama, koje ni\u010du pojedina\u010dno ili u grozdovima izravno s drvenastog dijela stabla. Listovi su prili\u010dno veliki, okrugli, blistavo zeleni, u jesen \u017euto-naran\u010dasti i vrlo dekorativni. Rezom se mogu oblikovati u grm ili drvo. Svake godine grane unutar kro\u0161nje uklanjaju se kontinuirano. Pomla\u0111ivanje je jednostavno, jer dobro podnose i intenzivan rez. U vrtu odaberite sun\u010dano mjesto za njih, tlo mo\u017ee sadr\u017eavati i malo kalcija. Mogu podnijeti su\u0161a tla, ali \u0107e nas na odgovaraju\u0107i na\u010din nagraditi bujnijim cvjetanjem za dobro mjesto za uzgoj. Sorta &#8216;Avondale&#8217; sporo raste (za 10 godina naraste do 2m), pa je pogodna za manje gredice, ukrasne vrtove&#8230;      <\/p>\n","protected":false},"excerpt":{"rendered":"<ul>\n<li>Cercis chinensis \u0301Avondale \u0301<\/li>\n<li>Stablo koje cvjeta iz debla<\/li>\n<li>izuzetno ukrasni cvjetovi ru\u017ei\u010daste boje<\/li>\n<\/ul>\n<h5>Pakirana 1 sadnica odjednom!<\/h5>\n","protected":false},"featured_media":21530,"template":"","meta":{"site-sidebar-layout":"default","site-content-layout":"default","ast-site-content-layout":"default","site-content-style":"default","site-sidebar-style":"default","ast-global-header-display":"","ast-banner-title-visibility":"","ast-main-header-display":"","ast-hfb-above-header-display":"","ast-hfb-below-header-display":"","ast-hfb-mobile-header-display":"","site-post-title":"","ast-breadcrumbs-content":"","ast-featured-img":"","footer-sml-layout":"","ast-disable-related-posts":"","theme-transparent-header-meta":"default","adv-header-id-meta":"","stick-header-meta":"default","header-above-stick-meta":"","header-main-stick-meta":"","header-below-stick-meta":"","astra-migrate-meta-layouts":"set","ast-page-background-enabled":"default","ast-page-background-meta":{"desktop":{"background-color":"","background-image":"","background-repeat":"repeat","background-position":"center center","background-size":"auto","background-attachment":"scroll","background-type":"","background-media":"","overlay-type":"","overlay-color":"","overlay-opacity":"","overlay-gradient":""},"tablet":{"background-color":"","background-image":"","background-repeat":"repeat","background-position":"center center","background-size":"auto","background-attachment":"scroll","background-type":"","background-media":"","overlay-type":"","overlay-color":"","overlay-opacity":"","overlay-gradient":""},"mobile":{"background-color":"","background-image":"","background-repeat":"repeat","background-position":"center center","background-size":"auto","background-attachment":"scroll","background-type":"","background-media":"","overlay-type":"","overlay-color":"","overlay-opacity":"","overlay-gradient":""}},"ast-content-background-meta":{"desktop":{"background-color":"var(--ast-global-color-5)","background-image":"","background-repeat":"repeat","background-position":"center center","background-size":"auto","background-attachment":"scroll","background-type":"","background-media":"","overlay-type":"","overlay-color":"","overlay-opacity":"","overlay-gradient":""},"tablet":{"background-color":"var(--ast-global-color-5)","background-image":"","background-repeat":"repeat","background-position":"center center","background-size":"auto","background-attachment":"scroll","background-type":"","background-media":"","overlay-type":"","overlay-color":"","overlay-opacity":"","overlay-gradient":""},"mobile":{"background-color":"var(--ast-global-color-5)","background-image":"","background-repeat":"repeat","background-position":"center center","background-size":"auto","background-attachment":"scroll","background-type":"","background-media":"","overlay-type":"","overlay-color":"","overlay-opacity":"","overlay-gradient":""}}},"product_brand":[],"product_cat":[1916],"product_tag":[2222],"class_list":{"0":"post-21528","1":"product","2":"type-product","3":"status-publish","4":"has-post-thumbnail","6":"product_cat-grmlje-i-drvece","7":"product_tag-ukrasno-drvece","8":"desktop-align-left","9":"tablet-align-left","10":"mobile-align-left","11":"ast-product-gallery-layout-horizontal","12":"ast-product-tabs-layout-horizontal","13":"ast-qv-on-image","15":"first","16":"instock","17":"taxable","18":"shipping-taxable","19":"purchasable","20":"product-type-simple"},"aioseo_notices":[],"_links":{"self":[{"href":"https:\/\/flanca.si\/hr\/wp-json\/wp\/v2\/product\/21528","targetHints":{"allow":["GET"]}}],"collection":[{"href":"https:\/\/flanca.si\/hr\/wp-json\/wp\/v2\/product"}],"about":[{"href":"https:\/\/flanca.si\/hr\/wp-json\/wp\/v2\/types\/product"}],"wp:featuredmedia":[{"embeddable":true,"href":"https:\/\/flanca.si\/hr\/wp-json\/wp\/v2\/media\/21530"}],"wp:attachment":[{"href":"https:\/\/flanca.si\/hr\/wp-json\/wp\/v2\/media?parent=21528"}],"wp:term":[{"taxonomy":"product_brand","embeddable":true,"href":"https:\/\/flanca.si\/hr\/wp-json\/wp\/v2\/product_brand?post=21528"},{"taxonomy":"product_cat","embeddable":true,"href":"https:\/\/flanca.si\/hr\/wp-json\/wp\/v2\/product_cat?post=21528"},{"taxonomy":"product_tag","embeddable":true,"href":"https:\/\/flanca.si\/hr\/wp-json\/wp\/v2\/product_tag?post=21528"}],"curies":[{"name":"wp","href":"https:\/\/api.w.org\/{rel}","templated":true}]}}