{"id":19363,"date":"2025-01-21T10:06:45","date_gmt":"2025-01-21T09:06:45","guid":{"rendered":"https:\/\/flanca.si\/izdelek\/kineska-krijesnica-fanal\/"},"modified":"2025-01-21T10:06:45","modified_gmt":"2025-01-21T09:06:45","slug":"kineska-krijesnica-fanal","status":"publish","type":"product","link":"https:\/\/flanca.si\/hr\/proizvod\/kineska-krijesnica-fanal\/","title":{"rendered":"Kineska krijesnica &#8216;Fanal&#8217;"},"content":{"rendered":"<p><strong>Astilbe &#8216;Fanal&#8217;<\/strong> jedna je od najpopularnijih sorti krijesnica, cijenjena zbog intenzivnih tamnocrvenih cvjetova i atraktivnog li\u0161\u0107a. Ova vi\u0161egodi\u0161nja biljka dose\u017ee visinu od oko 60 cm i tvori grudasti rast, koji se odlikuje elegantnim izgledom. Listovi su u po\u010detku bron\u010dano crveni, ali kasnije se razvijaju u tamnozelene nijanse koje stvaraju prekrasan kontrast s cvjetovima. <strong>Briga:<\/strong> Astilbe &#8216;Fanal&#8217; uspijeva u polusjeni do sjene i voli bogata, vla\u017ena i dobro drenirana tla. Zalijevanje je klju\u010dno, jer biljka ne podnosi su\u0161u. Dodavanje komposta ili mal\u010da u prolje\u0107e poma\u017ee u zadr\u017eavanju vlage i osigurava hranjive tvari. Nakon cvatnje uklonite izblijedjele cvjetove za uredniji izgled. <strong>Kori\u0161tenje:<\/strong> Zbog svoje prepoznatljive boje idealan je za sjenovite vrtove, rubove vodenih tijela ili sjenovite gredice. Dobro se sla\u017ee s drugim biljkama kao \u0161to su <strong>hosta<\/strong>, <strong>paprati<\/strong> i <strong>heuchera<\/strong>, koje nadopunjuju njegov bujni izgled. Astilba &#8216;Fanal&#8217; tako\u0111er je izvrsna za sadnje u skupinama, gdje stvara \u017eari\u0161nu to\u010dku boje, ili kao dio zasada razli\u010ditim sortama astilbe kako bi se stvorio vi\u0161ebojni efekt.  <\/p>\n","protected":false},"excerpt":{"rendered":"<ul>\n<li><em>Astilbe &#8216;Fanal&#8217;<\/em><\/li>\n<li>Prekrasna trajnica koja \u0107e zasigurno privu\u0107i pa\u017enju u va\u0161em vrtu<\/li>\n<li>Ima atraktivne, pahuljaste cvjetove u tamnocrvenoj boji. Cvjetovi su skupljeni u uspravne cvatove, koji stvaraju prekrasan kontrast zelenom li\u0161\u0107u <\/li>\n<li>Uspijeva u umjerenoj klimi i voli blago sjenovita ili djelomi\u010dno sjenovita mjesta<\/li>\n<li>  jednostavan za odr\u017eavanje. Nakon cvatnje mo\u017eete ukloniti izblijedjele cvjetove i obrezati osu\u0161ene listove. Redovito zalijevanje je va\u017eno, posebno tijekom su\u0161nih razdoblja  <\/li>\n<\/ul>\n<h6><strong>Pakirana 1 sadnica odjednom!<\/strong><\/h6>\n","protected":false},"featured_media":19360,"template":"","meta":{"site-sidebar-layout":"default","site-content-layout":"","ast-site-content-layout":"default","site-content-style":"default","site-sidebar-style":"default","ast-global-header-display":"","ast-banner-title-visibility":"","ast-main-header-display":"","ast-hfb-above-header-display":"","ast-hfb-below-header-display":"","ast-hfb-mobile-header-display":"","site-post-title":"","ast-breadcrumbs-content":"","ast-featured-img":"","footer-sml-layout":"","ast-disable-related-posts":"","theme-transparent-header-meta":"default","adv-header-id-meta":"","stick-header-meta":"default","header-above-stick-meta":"","header-main-stick-meta":"","header-below-stick-meta":"","astra-migrate-meta-layouts":"default","ast-page-background-enabled":"default","ast-page-background-meta":{"desktop":{"background-color":"","background-image":"","background-repeat":"repeat","background-position":"center center","background-size":"auto","background-attachment":"scroll","background-type":"","background-media":"","overlay-type":"","overlay-color":"","overlay-opacity":"","overlay-gradient":""},"tablet":{"background-color":"","background-image":"","background-repeat":"repeat","background-position":"center center","background-size":"auto","background-attachment":"scroll","background-type":"","background-media":"","overlay-type":"","overlay-color":"","overlay-opacity":"","overlay-gradient":""},"mobile":{"background-color":"","background-image":"","background-repeat":"repeat","background-position":"center center","background-size":"auto","background-attachment":"scroll","background-type":"","background-media":"","overlay-type":"","overlay-color":"","overlay-opacity":"","overlay-gradient":""}},"ast-content-background-meta":{"desktop":{"background-color":"var(--ast-global-color-5)","background-image":"","background-repeat":"repeat","background-position":"center center","background-size":"auto","background-attachment":"scroll","background-type":"","background-media":"","overlay-type":"","overlay-color":"","overlay-opacity":"","overlay-gradient":""},"tablet":{"background-color":"var(--ast-global-color-5)","background-image":"","background-repeat":"repeat","background-position":"center center","background-size":"auto","background-attachment":"scroll","background-type":"","background-media":"","overlay-type":"","overlay-color":"","overlay-opacity":"","overlay-gradient":""},"mobile":{"background-color":"var(--ast-global-color-5)","background-image":"","background-repeat":"repeat","background-position":"center center","background-size":"auto","background-attachment":"scroll","background-type":"","background-media":"","overlay-type":"","overlay-color":"","overlay-opacity":"","overlay-gradient":""}}},"product_brand":[],"product_cat":[1833],"product_tag":[1971,2339],"class_list":{"0":"post-19363","1":"product","2":"type-product","3":"status-publish","4":"has-post-thumbnail","6":"product_cat-biljke-za-korita-i-gredice","7":"product_tag-crveno-cvijece","8":"product_tag-sjena","9":"desktop-align-left","10":"tablet-align-left","11":"mobile-align-left","12":"ast-product-gallery-layout-horizontal","13":"ast-product-gallery-with-no-image","14":"ast-product-tabs-layout-horizontal","15":"ast-qv-on-image","17":"first","18":"outofstock","19":"taxable","20":"shipping-taxable","21":"purchasable","22":"product-type-simple"},"aioseo_notices":[],"_links":{"self":[{"href":"https:\/\/flanca.si\/hr\/wp-json\/wp\/v2\/product\/19363","targetHints":{"allow":["GET"]}}],"collection":[{"href":"https:\/\/flanca.si\/hr\/wp-json\/wp\/v2\/product"}],"about":[{"href":"https:\/\/flanca.si\/hr\/wp-json\/wp\/v2\/types\/product"}],"wp:featuredmedia":[{"embeddable":true,"href":"https:\/\/flanca.si\/hr\/wp-json\/wp\/v2\/media\/19360"}],"wp:attachment":[{"href":"https:\/\/flanca.si\/hr\/wp-json\/wp\/v2\/media?parent=19363"}],"wp:term":[{"taxonomy":"product_brand","embeddable":true,"href":"https:\/\/flanca.si\/hr\/wp-json\/wp\/v2\/product_brand?post=19363"},{"taxonomy":"product_cat","embeddable":true,"href":"https:\/\/flanca.si\/hr\/wp-json\/wp\/v2\/product_cat?post=19363"},{"taxonomy":"product_tag","embeddable":true,"href":"https:\/\/flanca.si\/hr\/wp-json\/wp\/v2\/product_tag?post=19363"}],"curies":[{"name":"wp","href":"https:\/\/api.w.org\/{rel}","templated":true}]}}