{"id":19318,"date":"2025-01-21T08:07:23","date_gmt":"2025-01-21T07:07:23","guid":{"rendered":"https:\/\/flanca.si\/?post_type=product&#038;p=19318"},"modified":"2025-01-21T08:33:33","modified_gmt":"2025-01-21T07:33:33","slug":"hortenzija-mala-plava-kopija","status":"publish","type":"product","link":"https:\/\/flanca.si\/hr\/proizvod\/hortenzija-mala-plava-kopija\/","title":{"rendered":"Penjanje hortenzije"},"content":{"rendered":"<p><strong>Hydrangea anomala subsp. petiolaris <\/strong>  To je prekrasna hortenzija penja\u010dica koja svojim bujnim rastom i atraktivnim cvjetovima dodaje eleganciju svakom vrtu. Ova listopadna biljka poznata je po velikim, ravnim bijelim cvjetnim kro\u0161njama koje cvjetaju od kasnog prolje\u0107a do ranog ljeta (lipanj, srpanj). Cvjetovi privla\u010de p\u010dele i leptire i dodaju \u017eivost svakoj sobi. Listovi su u obliku srca, ljeti svijetlozeleni, a u jesen dobivaju zlatno\u017eute nijanse. <strong>Osobitosti<\/strong> ove hortenzije su njezina sposobnost penjanja po zidovima, ogradama ili pergolama, jer ima prianjaju\u0107e korijenje. Biljka mo\u017ee dose\u0107i visinu do 10 metara ako ima odgovaraju\u0107u potporu. <strong>Lako se brine<\/strong> , jer dobro uspijeva u sjeni ili polusjeni, u vla\u017enom, ali dobro dreniranom tlu, bogatom organskom tvari. Redovito zalijevanje je klju\u010dno, posebno tijekom su\u0161nih razdoblja. U prolje\u0107e se preporu\u010duje uklanjanje mrtvih ili o\u0161te\u0107enih grana, ali obrezivanje nije potrebno za cvatnju. <strong>Upotreba<\/strong>: Idealan je za oblaganje zidova, pergola, pa \u010dak i debelog drve\u0107a. Izvrstan je izbor za sjenovite vrtove u kojima druge biljke te\u017ee rastu. Zbog svoje penja\u010dke prirode pogodan je i kao ukrasna biljka za ve\u0107e posude. Mo\u017eete ga kombinirati s drugim <a href=\"https:\/\/flanca.si\/?s=hortenzija&amp;post_type=product\">hortenzijama<\/a> i grmljem.   <\/p>\n","protected":false},"excerpt":{"rendered":"<ul>\n<li><em>Hydrangea anomala subsp. petiolaris <\/em><\/li>\n<li>Penja\u010dka sorta koja naraste do 10 m visine<\/li>\n<li>  Poznat je po svojim lijepim, bijelim cvjetovima<\/li>\n<li>cvjeta na pro\u0161logodi\u0161njem drvu, \u0161to se mora uzeti u obzir prilikom obrezivanja<\/li>\n<li>Stavite ga na djelomi\u010dno sjenovito mjesto, jer prejako sunce mo\u017ee uzrokovati opekline na li\u0161\u0107u. U su\u0161nim danima va\u017eno je redovito zalijevanje <\/li>\n<li>Izvrstan izbor za oblaganje zidova, pergola ili stabala drve\u0107a<\/li>\n<\/ul>\n<h5>Pakirana 1 sadnica odjednom!<\/h5>\n","protected":false},"featured_media":19320,"template":"","meta":{"site-sidebar-layout":"default","site-content-layout":"default","ast-site-content-layout":"default","site-content-style":"default","site-sidebar-style":"default","ast-global-header-display":"","ast-banner-title-visibility":"","ast-main-header-display":"","ast-hfb-above-header-display":"","ast-hfb-below-header-display":"","ast-hfb-mobile-header-display":"","site-post-title":"","ast-breadcrumbs-content":"","ast-featured-img":"","footer-sml-layout":"","ast-disable-related-posts":"","theme-transparent-header-meta":"default","adv-header-id-meta":"","stick-header-meta":"default","header-above-stick-meta":"","header-main-stick-meta":"","header-below-stick-meta":"","astra-migrate-meta-layouts":"set","ast-page-background-enabled":"default","ast-page-background-meta":{"desktop":{"background-color":"","background-image":"","background-repeat":"repeat","background-position":"center center","background-size":"auto","background-attachment":"scroll","background-type":"","background-media":"","overlay-type":"","overlay-color":"","overlay-opacity":"","overlay-gradient":""},"tablet":{"background-color":"","background-image":"","background-repeat":"repeat","background-position":"center center","background-size":"auto","background-attachment":"scroll","background-type":"","background-media":"","overlay-type":"","overlay-color":"","overlay-opacity":"","overlay-gradient":""},"mobile":{"background-color":"","background-image":"","background-repeat":"repeat","background-position":"center center","background-size":"auto","background-attachment":"scroll","background-type":"","background-media":"","overlay-type":"","overlay-color":"","overlay-opacity":"","overlay-gradient":""}},"ast-content-background-meta":{"desktop":{"background-color":"var(--ast-global-color-5)","background-image":"","background-repeat":"repeat","background-position":"center center","background-size":"auto","background-attachment":"scroll","background-type":"","background-media":"","overlay-type":"","overlay-color":"","overlay-opacity":"","overlay-gradient":""},"tablet":{"background-color":"var(--ast-global-color-5)","background-image":"","background-repeat":"repeat","background-position":"center center","background-size":"auto","background-attachment":"scroll","background-type":"","background-media":"","overlay-type":"","overlay-color":"","overlay-opacity":"","overlay-gradient":""},"mobile":{"background-color":"var(--ast-global-color-5)","background-image":"","background-repeat":"repeat","background-position":"center center","background-size":"auto","background-attachment":"scroll","background-type":"","background-media":"","overlay-type":"","overlay-color":"","overlay-opacity":"","overlay-gradient":""}}},"product_brand":[],"product_cat":[],"product_tag":[1959],"class_list":{"0":"post-19318","1":"product","2":"type-product","3":"status-publish","4":"has-post-thumbnail","6":"product_tag-uspijeva","7":"desktop-align-left","8":"tablet-align-left","9":"mobile-align-left","10":"ast-product-gallery-layout-horizontal","11":"ast-product-tabs-layout-horizontal","12":"ast-qv-on-image","14":"first","15":"instock","16":"taxable","17":"shipping-taxable","18":"purchasable","19":"product-type-simple"},"aioseo_notices":[],"_links":{"self":[{"href":"https:\/\/flanca.si\/hr\/wp-json\/wp\/v2\/product\/19318","targetHints":{"allow":["GET"]}}],"collection":[{"href":"https:\/\/flanca.si\/hr\/wp-json\/wp\/v2\/product"}],"about":[{"href":"https:\/\/flanca.si\/hr\/wp-json\/wp\/v2\/types\/product"}],"wp:featuredmedia":[{"embeddable":true,"href":"https:\/\/flanca.si\/hr\/wp-json\/wp\/v2\/media\/19320"}],"wp:attachment":[{"href":"https:\/\/flanca.si\/hr\/wp-json\/wp\/v2\/media?parent=19318"}],"wp:term":[{"taxonomy":"product_brand","embeddable":true,"href":"https:\/\/flanca.si\/hr\/wp-json\/wp\/v2\/product_brand?post=19318"},{"taxonomy":"product_cat","embeddable":true,"href":"https:\/\/flanca.si\/hr\/wp-json\/wp\/v2\/product_cat?post=19318"},{"taxonomy":"product_tag","embeddable":true,"href":"https:\/\/flanca.si\/hr\/wp-json\/wp\/v2\/product_tag?post=19318"}],"curies":[{"name":"wp","href":"https:\/\/api.w.org\/{rel}","templated":true}]}}