{"id":19297,"date":"2025-01-17T13:01:10","date_gmt":"2025-01-17T12:01:10","guid":{"rendered":"https:\/\/flanca.si\/?post_type=product&#038;p=19297"},"modified":"2025-01-17T13:13:17","modified_gmt":"2025-01-17T12:13:17","slug":"himalajski-cedar-pendula-kopija","status":"publish","type":"product","link":"https:\/\/flanca.si\/hr\/proizvod\/himalajski-cedar-pendula-kopija\/","title":{"rendered":"Srebrno bo\u017ei\u0107no drvce"},"content":{"rendered":"<p><strong>Abies procera &#8216;Glauca&#8217;<\/strong>, poznata i kao srebrna ili siva jela, vrsta je visokih \u010detinja\u010da koja se isti\u010de spektakularnim plavo-srebrnim izgledom. Ova sorta ima guste, uspravne grane, prekrivene karakteristi\u010dnim plavkastim iglicama koje sjaje u raznim nijansama plave, \u0161to stablu daje jedinstven i elegantan izgled. Zbog svog impozantnog oblika popularan je izbor u pejza\u017enim zasadima i kao ukrasno drvo u ve\u0107im vrtovima i parkovima. Stablo mo\u017ee dose\u0107i visinu od 10 do 15 metara, ali raste sporo, \u0161to omogu\u0107uje dugotrajan razvoj bez potrebe za \u010destim obrezivanjem. <strong>Abies procera &#8216;Glauca&#8217;<\/strong> najbolje uspijeva na hladnijim, vla\u017enim, dobro dreniranim tlima te na sun\u010danim ili djelomi\u010dno sjenovitim mjestima. Ne podnosi su\u0161u ili zaga\u0111eni zrak, pa se preporu\u010duje sadnja na vla\u017enijim podru\u010djima gdje su povoljni uvjeti uzgoja. Za optimalan rast preporu\u010duje se redovita gnojidba u prolje\u0107e gnojivom za crnogori\u010dno drve\u0107e. Obrezivanje nije potrebno osim ako ne \u017eelite oblikovati stablo ili ukloniti o\u0161te\u0107ene ili mrtve grane. <strong>Abies procera &#8216;Glauca&#8217;<\/strong> izvrstan je dodatak visokim \u017eivicama, paravanima ili kao sredi\u0161nji dio ve\u0107ih vrtova. Stvara kontrast s drugim \u010detinja\u010dima poput <a href=\"https:\/\/flanca.si\/izdelek\/pinus-mugo-planinski-bor-ali-rusje\/\">Pinusa <\/a>ili Juniperusa, kao i grmljem poput rododendrona i azaleje.  <\/p>\n","protected":false},"excerpt":{"rendered":"<ul>\n<li><em>Abies procera &#8216;Glauca&#8217;<\/em><\/li>\n<li>Elegantno zimzeleno crnogori\u010dno drvo koje se isti\u010de srebrno-plavom bojom<\/li>\n<li>sporo rastu\u0107a biljka koja dose\u017ee visinu do 15 m<\/li>\n<li>Najbolje uspijeva na hladnijim, vla\u017enim, dobro dreniranim tlima te na sun\u010danim ili djelomi\u010dno sjenovitim mjestima<\/li>\n<li>Obrezivanje je potrebno samo ako \u017eelite odre\u0111eni oblik<\/li>\n<li>Preporu\u010dena redovita gnojidba u prolje\u0107e gnojivom za \u010detinja\u010de<\/li>\n<\/ul>\n<h6>Pakirana 1 sadnica odjednom!<\/h6>\n","protected":false},"featured_media":19303,"template":"","meta":{"site-sidebar-layout":"default","site-content-layout":"","ast-site-content-layout":"default","site-content-style":"default","site-sidebar-style":"default","ast-global-header-display":"","ast-banner-title-visibility":"","ast-main-header-display":"","ast-hfb-above-header-display":"","ast-hfb-below-header-display":"","ast-hfb-mobile-header-display":"","site-post-title":"","ast-breadcrumbs-content":"","ast-featured-img":"","footer-sml-layout":"","ast-disable-related-posts":"","theme-transparent-header-meta":"default","adv-header-id-meta":"","stick-header-meta":"default","header-above-stick-meta":"","header-main-stick-meta":"","header-below-stick-meta":"","astra-migrate-meta-layouts":"set","ast-page-background-enabled":"default","ast-page-background-meta":{"desktop":{"background-color":"","background-image":"","background-repeat":"repeat","background-position":"center center","background-size":"auto","background-attachment":"scroll","background-type":"","background-media":"","overlay-type":"","overlay-color":"","overlay-opacity":"","overlay-gradient":""},"tablet":{"background-color":"","background-image":"","background-repeat":"repeat","background-position":"center center","background-size":"auto","background-attachment":"scroll","background-type":"","background-media":"","overlay-type":"","overlay-color":"","overlay-opacity":"","overlay-gradient":""},"mobile":{"background-color":"","background-image":"","background-repeat":"repeat","background-position":"center center","background-size":"auto","background-attachment":"scroll","background-type":"","background-media":"","overlay-type":"","overlay-color":"","overlay-opacity":"","overlay-gradient":""}},"ast-content-background-meta":{"desktop":{"background-color":"var(--ast-global-color-5)","background-image":"","background-repeat":"repeat","background-position":"center center","background-size":"auto","background-attachment":"scroll","background-type":"","background-media":"","overlay-type":"","overlay-color":"","overlay-opacity":"","overlay-gradient":""},"tablet":{"background-color":"var(--ast-global-color-5)","background-image":"","background-repeat":"repeat","background-position":"center center","background-size":"auto","background-attachment":"scroll","background-type":"","background-media":"","overlay-type":"","overlay-color":"","overlay-opacity":"","overlay-gradient":""},"mobile":{"background-color":"var(--ast-global-color-5)","background-image":"","background-repeat":"repeat","background-position":"center center","background-size":"auto","background-attachment":"scroll","background-type":"","background-media":"","overlay-type":"","overlay-color":"","overlay-opacity":"","overlay-gradient":""}}},"product_brand":[],"product_cat":[1916],"product_tag":[2323,2309,2327,2324],"class_list":{"0":"post-19297","1":"product","2":"type-product","3":"status-publish","4":"has-post-thumbnail","6":"product_cat-grmlje-i-drvece","7":"product_tag-cedar","8":"product_tag-cetinjaca","9":"product_tag-kamenjar","10":"product_tag-zimzelen","11":"desktop-align-left","12":"tablet-align-left","13":"mobile-align-left","14":"ast-product-gallery-layout-horizontal","15":"ast-product-tabs-layout-horizontal","16":"ast-qv-on-image","18":"first","19":"instock","20":"taxable","21":"shipping-taxable","22":"purchasable","23":"product-type-simple"},"aioseo_notices":[],"_links":{"self":[{"href":"https:\/\/flanca.si\/hr\/wp-json\/wp\/v2\/product\/19297","targetHints":{"allow":["GET"]}}],"collection":[{"href":"https:\/\/flanca.si\/hr\/wp-json\/wp\/v2\/product"}],"about":[{"href":"https:\/\/flanca.si\/hr\/wp-json\/wp\/v2\/types\/product"}],"wp:featuredmedia":[{"embeddable":true,"href":"https:\/\/flanca.si\/hr\/wp-json\/wp\/v2\/media\/19303"}],"wp:attachment":[{"href":"https:\/\/flanca.si\/hr\/wp-json\/wp\/v2\/media?parent=19297"}],"wp:term":[{"taxonomy":"product_brand","embeddable":true,"href":"https:\/\/flanca.si\/hr\/wp-json\/wp\/v2\/product_brand?post=19297"},{"taxonomy":"product_cat","embeddable":true,"href":"https:\/\/flanca.si\/hr\/wp-json\/wp\/v2\/product_cat?post=19297"},{"taxonomy":"product_tag","embeddable":true,"href":"https:\/\/flanca.si\/hr\/wp-json\/wp\/v2\/product_tag?post=19297"}],"curies":[{"name":"wp","href":"https:\/\/api.w.org\/{rel}","templated":true}]}}