{"id":19274,"date":"2025-01-17T11:49:25","date_gmt":"2025-01-17T10:49:25","guid":{"rendered":"https:\/\/flanca.si\/izdelek\/japanski-pacipres-fernspray-gold\/"},"modified":"2025-01-17T11:49:25","modified_gmt":"2025-01-17T10:49:25","slug":"japanski-pacipres-fernspray-gold","status":"publish","type":"product","link":"https:\/\/flanca.si\/hr\/proizvod\/japanski-pacipres-fernspray-gold\/","title":{"rendered":"Japanski pacipres &#8216;Fernspray Gold&#8217;"},"content":{"rendered":"<p><strong>Chamaecyparis obtusa &#8216;Fernspray Gold&#8217;<\/strong> atraktivno je zimzeleno crnogori\u010dno drvo koje se isti\u010de svojim zlatno obojenim gran\u010dicama nalik paprati. To je sporo rastu\u0107a sorta japanskog \u010dempresa, koja dose\u017ee visinu do 2-3 metra i \u0161irinu oko 1,5 metra. Biljka ima guste, elegantno zakrivljene grane, koje daju osje\u0107aj nje\u017ene teksture i stvaraju bu\u010dan izgled. Najbolje uspijeva na sun\u010danim do polusjenovitim mjestima, gdje njegova zlatna boja dolazi do izra\u017eaja. Potrebno je dobro drenirano, blago kiselo tlo, bogato organskim tvarima. Zalijevanje je va\u017eno, posebno tijekom su\u0161nih razdoblja, jer \u010dempresi ne podnose dugotrajnu su\u0161u. Obrezivanje nije potrebno, ali oblik mo\u017eete prilagoditi laganim rezanjem u prolje\u0107e. <strong>Chamaecyparis obtusa &#8216;Fernspray Gold&#8217;<\/strong> idealan je za samostalnu sadnju, gdje svojom zlatno-zelenom nijansom dodaje naglasak vrtu. Savr\u0161eno se kombinira s japanskim <a href=\"https:\/\/flanca.si\/?s=javor&amp;post_type=product\">javorima<\/a> , koji nudi kontrast u teksturi li\u0161\u0107a, ili trajnicama kao \u0161to su Hosta i Heuchera, koje stvaraju zanimljivu kombinaciju boja i oblika. Tako\u0111er se lijepo podvrgava kamenjarima, azijskim vrtovima ili kao dio mje\u0161ovitih zasada.  <\/p>\n","protected":false},"excerpt":{"rendered":"<ul>\n<li><em>Chamaecyparis obtusa &#8216;Fernspray Gold&#8217;<\/em><\/li>\n<li>atraktivna zimzelena \u010detinja\u010da koja se isti\u010de gran\u010dicama paprati zlatne boje<\/li>\n<li>sporo rastu\u0107i japanski \u010dempres koji naraste do 3 m<\/li>\n<li>Najbolje uspijeva na sun\u010danim i polusjenovitim mjestima<\/li>\n<li>Obrezivanje nije potrebno, obrezivanje ako je potrebno za pode\u0161avanje oblika<\/li>\n<li>Idealan je kao usamljenik<\/li>\n<\/ul>\n<h5>Pakirana 1 sadnica odjednom!<\/h5>\n","protected":false},"featured_media":19271,"template":"","meta":{"site-sidebar-layout":"default","site-content-layout":"","ast-site-content-layout":"default","site-content-style":"default","site-sidebar-style":"default","ast-global-header-display":"","ast-banner-title-visibility":"","ast-main-header-display":"","ast-hfb-above-header-display":"","ast-hfb-below-header-display":"","ast-hfb-mobile-header-display":"","site-post-title":"","ast-breadcrumbs-content":"","ast-featured-img":"","footer-sml-layout":"","ast-disable-related-posts":"","theme-transparent-header-meta":"default","adv-header-id-meta":"","stick-header-meta":"default","header-above-stick-meta":"","header-main-stick-meta":"","header-below-stick-meta":"","astra-migrate-meta-layouts":"default","ast-page-background-enabled":"default","ast-page-background-meta":{"desktop":{"background-color":"","background-image":"","background-repeat":"repeat","background-position":"center center","background-size":"auto","background-attachment":"scroll","background-type":"","background-media":"","overlay-type":"","overlay-color":"","overlay-opacity":"","overlay-gradient":""},"tablet":{"background-color":"","background-image":"","background-repeat":"repeat","background-position":"center center","background-size":"auto","background-attachment":"scroll","background-type":"","background-media":"","overlay-type":"","overlay-color":"","overlay-opacity":"","overlay-gradient":""},"mobile":{"background-color":"","background-image":"","background-repeat":"repeat","background-position":"center center","background-size":"auto","background-attachment":"scroll","background-type":"","background-media":"","overlay-type":"","overlay-color":"","overlay-opacity":"","overlay-gradient":""}},"ast-content-background-meta":{"desktop":{"background-color":"var(--ast-global-color-5)","background-image":"","background-repeat":"repeat","background-position":"center center","background-size":"auto","background-attachment":"scroll","background-type":"","background-media":"","overlay-type":"","overlay-color":"","overlay-opacity":"","overlay-gradient":""},"tablet":{"background-color":"var(--ast-global-color-5)","background-image":"","background-repeat":"repeat","background-position":"center center","background-size":"auto","background-attachment":"scroll","background-type":"","background-media":"","overlay-type":"","overlay-color":"","overlay-opacity":"","overlay-gradient":""},"mobile":{"background-color":"var(--ast-global-color-5)","background-image":"","background-repeat":"repeat","background-position":"center center","background-size":"auto","background-attachment":"scroll","background-type":"","background-media":"","overlay-type":"","overlay-color":"","overlay-opacity":"","overlay-gradient":""}}},"product_brand":[],"product_cat":[1916],"product_tag":[2019,2309,1829],"class_list":{"0":"post-19274","1":"product","2":"type-product","3":"status-publish","4":"has-post-thumbnail","6":"product_cat-grmlje-i-drvece","7":"product_tag-cempres","8":"product_tag-cetinjaca","9":"product_tag-kamenjari","10":"desktop-align-left","11":"tablet-align-left","12":"mobile-align-left","13":"ast-product-gallery-layout-horizontal","14":"ast-product-gallery-with-no-image","15":"ast-product-tabs-layout-horizontal","16":"ast-qv-on-image","18":"first","19":"instock","20":"taxable","21":"shipping-taxable","22":"purchasable","23":"product-type-simple"},"aioseo_notices":[],"_links":{"self":[{"href":"https:\/\/flanca.si\/hr\/wp-json\/wp\/v2\/product\/19274","targetHints":{"allow":["GET"]}}],"collection":[{"href":"https:\/\/flanca.si\/hr\/wp-json\/wp\/v2\/product"}],"about":[{"href":"https:\/\/flanca.si\/hr\/wp-json\/wp\/v2\/types\/product"}],"wp:featuredmedia":[{"embeddable":true,"href":"https:\/\/flanca.si\/hr\/wp-json\/wp\/v2\/media\/19271"}],"wp:attachment":[{"href":"https:\/\/flanca.si\/hr\/wp-json\/wp\/v2\/media?parent=19274"}],"wp:term":[{"taxonomy":"product_brand","embeddable":true,"href":"https:\/\/flanca.si\/hr\/wp-json\/wp\/v2\/product_brand?post=19274"},{"taxonomy":"product_cat","embeddable":true,"href":"https:\/\/flanca.si\/hr\/wp-json\/wp\/v2\/product_cat?post=19274"},{"taxonomy":"product_tag","embeddable":true,"href":"https:\/\/flanca.si\/hr\/wp-json\/wp\/v2\/product_tag?post=19274"}],"curies":[{"name":"wp","href":"https:\/\/api.w.org\/{rel}","templated":true}]}}