{"id":17957,"date":"2021-02-12T08:50:36","date_gmt":"2021-02-12T07:50:36","guid":{"rendered":"https:\/\/flanca.si\/izdelek\/visegodisnji-sas-overdam\/"},"modified":"2021-02-12T08:50:36","modified_gmt":"2021-02-12T07:50:36","slug":"visegodisnji-sas-overdam","status":"publish","type":"product","link":"https:\/\/flanca.si\/hr\/proizvod\/visegodisnji-sas-overdam\/","title":{"rendered":"Vi\u0161egodi\u0161nji \u0161a\u0161 &#8216;Overdam&#8217;"},"content":{"rendered":"<p>Vi\u0161egodi\u0161nja trava &#8216;Overdam&#8217; ima grmoliki rast i ne prerasta. Visoko razgranati sme\u0111i klasovi \u010desto krase cvjetnjake i zimi. Listovi su uski, \u0161areni, mladozeleni sa \u017eutim rubom, kasnije zeleni s bijelim rubom i ru\u017ei\u010dastim nijansama. Cvjetovi u blago uspravnim klasovima, ljubi\u010dasti, kasnije sivo-ru\u017ei\u010dasti. Tako\u0111er dobro uspijeva na siroma\u0161nim, djelomi\u010dno pjeskovitim tlima, na sun\u010danim stani\u0161tima. Dobro podnosi su\u0161u, vru\u0107inu i hladno\u0107u.<\/p>\n","protected":false},"excerpt":{"rendered":"<ul>\n<li><em>Calamagrostis acutiflora \/ Overdam<\/em><\/li>\n<li>vi\u0161egodi\u0161nja trava<\/li>\n<li>Dlakavi rast<\/li>\n<li>Cvjetovi u uspravnim klasovima<\/li>\n<li>Slabo opskrbljena tla pogodna su i za rast<\/li>\n<\/ul>\n<h4><strong>Pakirana 1 sadnica odjednom!<\/strong><\/h4>\n","protected":false},"featured_media":17959,"template":"","meta":{"site-sidebar-layout":"default","site-content-layout":"default","ast-site-content-layout":"default","site-content-style":"default","site-sidebar-style":"default","ast-global-header-display":"","ast-banner-title-visibility":"","ast-main-header-display":"","ast-hfb-above-header-display":"","ast-hfb-below-header-display":"","ast-hfb-mobile-header-display":"","site-post-title":"","ast-breadcrumbs-content":"","ast-featured-img":"","footer-sml-layout":"","ast-disable-related-posts":"","theme-transparent-header-meta":"default","adv-header-id-meta":"","stick-header-meta":"default","header-above-stick-meta":"","header-main-stick-meta":"","header-below-stick-meta":"","astra-migrate-meta-layouts":"default","ast-page-background-enabled":"default","ast-page-background-meta":{"desktop":{"background-color":"","background-image":"","background-repeat":"repeat","background-position":"center center","background-size":"auto","background-attachment":"scroll","background-type":"","background-media":"","overlay-type":"","overlay-color":"","overlay-opacity":"","overlay-gradient":""},"tablet":{"background-color":"","background-image":"","background-repeat":"repeat","background-position":"center center","background-size":"auto","background-attachment":"scroll","background-type":"","background-media":"","overlay-type":"","overlay-color":"","overlay-opacity":"","overlay-gradient":""},"mobile":{"background-color":"","background-image":"","background-repeat":"repeat","background-position":"center center","background-size":"auto","background-attachment":"scroll","background-type":"","background-media":"","overlay-type":"","overlay-color":"","overlay-opacity":"","overlay-gradient":""}},"ast-content-background-meta":{"desktop":{"background-color":"var(--ast-global-color-5)","background-image":"","background-repeat":"repeat","background-position":"center center","background-size":"auto","background-attachment":"scroll","background-type":"","background-media":"","overlay-type":"","overlay-color":"","overlay-opacity":"","overlay-gradient":""},"tablet":{"background-color":"var(--ast-global-color-5)","background-image":"","background-repeat":"repeat","background-position":"center center","background-size":"auto","background-attachment":"scroll","background-type":"","background-media":"","overlay-type":"","overlay-color":"","overlay-opacity":"","overlay-gradient":""},"mobile":{"background-color":"var(--ast-global-color-5)","background-image":"","background-repeat":"repeat","background-position":"center center","background-size":"auto","background-attachment":"scroll","background-type":"","background-media":"","overlay-type":"","overlay-color":"","overlay-opacity":"","overlay-gradient":""}}},"product_brand":[],"product_cat":[1883],"product_tag":[1828,1765,2196],"class_list":{"0":"post-17957","1":"product","2":"type-product","3":"status-publish","4":"has-post-thumbnail","6":"product_cat-ukrasne-trave","7":"product_tag-korita-i-cvjetnjaci","8":"product_tag-trava-hr-2","9":"product_tag-ukrasna-trava","10":"desktop-align-left","11":"tablet-align-left","12":"mobile-align-left","13":"ast-product-gallery-layout-horizontal","14":"ast-product-gallery-with-no-image","15":"ast-product-tabs-layout-horizontal","16":"ast-qv-on-image","18":"first","19":"instock","20":"taxable","21":"shipping-taxable","22":"purchasable","23":"product-type-simple"},"aioseo_notices":[],"_links":{"self":[{"href":"https:\/\/flanca.si\/hr\/wp-json\/wp\/v2\/product\/17957","targetHints":{"allow":["GET"]}}],"collection":[{"href":"https:\/\/flanca.si\/hr\/wp-json\/wp\/v2\/product"}],"about":[{"href":"https:\/\/flanca.si\/hr\/wp-json\/wp\/v2\/types\/product"}],"wp:featuredmedia":[{"embeddable":true,"href":"https:\/\/flanca.si\/hr\/wp-json\/wp\/v2\/media\/17959"}],"wp:attachment":[{"href":"https:\/\/flanca.si\/hr\/wp-json\/wp\/v2\/media?parent=17957"}],"wp:term":[{"taxonomy":"product_brand","embeddable":true,"href":"https:\/\/flanca.si\/hr\/wp-json\/wp\/v2\/product_brand?post=17957"},{"taxonomy":"product_cat","embeddable":true,"href":"https:\/\/flanca.si\/hr\/wp-json\/wp\/v2\/product_cat?post=17957"},{"taxonomy":"product_tag","embeddable":true,"href":"https:\/\/flanca.si\/hr\/wp-json\/wp\/v2\/product_tag?post=17957"}],"curies":[{"name":"wp","href":"https:\/\/api.w.org\/{rel}","templated":true}]}}