{"id":17935,"date":"2021-02-12T12:18:51","date_gmt":"2021-02-12T11:18:51","guid":{"rendered":"https:\/\/flanca.si\/izdelek\/crnogoricni-flamingo-crvena-krila\/"},"modified":"2021-02-12T12:18:51","modified_gmt":"2021-02-12T11:18:51","slug":"crnogoricni-flamingo-crvena-krila","status":"publish","type":"product","link":"https:\/\/flanca.si\/hr\/proizvod\/crnogoricni-flamingo-crvena-krila\/","title":{"rendered":"Crnogori\u010dni flamingo &#8216;Crvena krila&#8217;"},"content":{"rendered":"<p>Crnogori\u010dni flamingo odgovara sun\u010danom polo\u017eaju i suhom do vla\u017enom i drena\u017enom mjestu. Odabrana sorta cvjeta od travnja do svibnja intenzivno ru\u017ei\u010dastim cvjetovima u obliku zvijezde.<br \/>\nZimzelena trajnica koja tvori gusti, niski, pokrivaju\u0107i zarastanje. Prekrasna biljka za kamenjare, obrube ili mje\u0161ovite sadnje i kontejnere. Odmah nakon cvatnje preporu\u010da se stisnuti biljku kako bi se odr\u017eao gust i nizak oblik rasta. Trajnica je pogodna za sadnju balkonskih korita i posuda.   <\/p>\n","protected":false},"excerpt":{"rendered":"<ul>\n<li><em>Phlox subulata  <\/em><\/li>\n<li>Pokrijte zarastanje<\/li>\n<li>cvjetni tepih<\/li>\n<li>rano proljetno cvjetanje<\/li>\n<li>kamenjari, grede, korita<\/li>\n<\/ul>\n<h4><strong>Pakirana 1 sadnica odjednom!<\/strong><\/h4>\n","protected":false},"featured_media":17937,"template":"","meta":{"site-sidebar-layout":"default","site-content-layout":"default","ast-site-content-layout":"default","site-content-style":"default","site-sidebar-style":"default","ast-global-header-display":"","ast-banner-title-visibility":"","ast-main-header-display":"","ast-hfb-above-header-display":"","ast-hfb-below-header-display":"","ast-hfb-mobile-header-display":"","site-post-title":"","ast-breadcrumbs-content":"","ast-featured-img":"","footer-sml-layout":"","ast-disable-related-posts":"","theme-transparent-header-meta":"default","adv-header-id-meta":"","stick-header-meta":"default","header-above-stick-meta":"","header-main-stick-meta":"","header-below-stick-meta":"","astra-migrate-meta-layouts":"default","ast-page-background-enabled":"default","ast-page-background-meta":{"desktop":{"background-color":"","background-image":"","background-repeat":"repeat","background-position":"center center","background-size":"auto","background-attachment":"scroll","background-type":"","background-media":"","overlay-type":"","overlay-color":"","overlay-opacity":"","overlay-gradient":""},"tablet":{"background-color":"","background-image":"","background-repeat":"repeat","background-position":"center center","background-size":"auto","background-attachment":"scroll","background-type":"","background-media":"","overlay-type":"","overlay-color":"","overlay-opacity":"","overlay-gradient":""},"mobile":{"background-color":"","background-image":"","background-repeat":"repeat","background-position":"center center","background-size":"auto","background-attachment":"scroll","background-type":"","background-media":"","overlay-type":"","overlay-color":"","overlay-opacity":"","overlay-gradient":""}},"ast-content-background-meta":{"desktop":{"background-color":"var(--ast-global-color-5)","background-image":"","background-repeat":"repeat","background-position":"center center","background-size":"auto","background-attachment":"scroll","background-type":"","background-media":"","overlay-type":"","overlay-color":"","overlay-opacity":"","overlay-gradient":""},"tablet":{"background-color":"var(--ast-global-color-5)","background-image":"","background-repeat":"repeat","background-position":"center center","background-size":"auto","background-attachment":"scroll","background-type":"","background-media":"","overlay-type":"","overlay-color":"","overlay-opacity":"","overlay-gradient":""},"mobile":{"background-color":"var(--ast-global-color-5)","background-image":"","background-repeat":"repeat","background-position":"center center","background-size":"auto","background-attachment":"scroll","background-type":"","background-media":"","overlay-type":"","overlay-color":"","overlay-opacity":"","overlay-gradient":""}}},"product_brand":[],"product_cat":[1833],"product_tag":[2293,1860,1839],"class_list":{"0":"post-17935","1":"product","2":"type-product","3":"status-publish","4":"has-post-thumbnail","6":"product_cat-biljke-za-korita-i-gredice","7":"product_tag-phlox-hr","8":"product_tag-trajnica-pokrivaca-tla","9":"product_tag-trajnice-hr","10":"desktop-align-left","11":"tablet-align-left","12":"mobile-align-left","13":"ast-product-gallery-layout-horizontal","14":"ast-product-gallery-with-no-image","15":"ast-product-tabs-layout-horizontal","16":"ast-qv-on-image","18":"first","19":"outofstock","20":"taxable","21":"shipping-taxable","22":"purchasable","23":"product-type-simple"},"aioseo_notices":[],"_links":{"self":[{"href":"https:\/\/flanca.si\/hr\/wp-json\/wp\/v2\/product\/17935","targetHints":{"allow":["GET"]}}],"collection":[{"href":"https:\/\/flanca.si\/hr\/wp-json\/wp\/v2\/product"}],"about":[{"href":"https:\/\/flanca.si\/hr\/wp-json\/wp\/v2\/types\/product"}],"wp:featuredmedia":[{"embeddable":true,"href":"https:\/\/flanca.si\/hr\/wp-json\/wp\/v2\/media\/17937"}],"wp:attachment":[{"href":"https:\/\/flanca.si\/hr\/wp-json\/wp\/v2\/media?parent=17935"}],"wp:term":[{"taxonomy":"product_brand","embeddable":true,"href":"https:\/\/flanca.si\/hr\/wp-json\/wp\/v2\/product_brand?post=17935"},{"taxonomy":"product_cat","embeddable":true,"href":"https:\/\/flanca.si\/hr\/wp-json\/wp\/v2\/product_cat?post=17935"},{"taxonomy":"product_tag","embeddable":true,"href":"https:\/\/flanca.si\/hr\/wp-json\/wp\/v2\/product_tag?post=17935"}],"curies":[{"name":"wp","href":"https:\/\/api.w.org\/{rel}","templated":true}]}}