{"id":17852,"date":"2022-01-31T08:46:53","date_gmt":"2022-01-31T07:46:53","guid":{"rendered":"https:\/\/flanca.si\/izdelek\/lupinus-viselisna-lupina-crvena\/"},"modified":"2022-01-31T08:46:53","modified_gmt":"2022-01-31T07:46:53","slug":"lupinus-viselisna-lupina-crvena","status":"publish","type":"product","link":"https:\/\/flanca.si\/hr\/proizvod\/lupinus-viselisna-lupina-crvena\/","title":{"rendered":"Lupinus (vi\u0161elisna lupina) &#8211; crvena"},"content":{"rendered":"<p>Vi\u0161ecvjetna lupina vrlo je atraktivna i popularna ukrasna trajnica, zbog vrlo atraktivnih cvjetova i zanimljivog izgleda li\u0161\u0107a. Sadi se na gredice s trajnicama za tapete ili u malim skupinama. Vrlo dobar u\u010dinak posti\u017ee se ako se posadi u ve\u0107u posudu, koja se postavlja na rub terase ili u dvori\u0161te. Budu\u0107i da oboga\u0107uje tlo du\u0161ikom, koristi se za zelenu gnojidbu. Uz ranu transplantaciju, va\u0161a \u0107e trajnica procvjetati iste godine.  <\/p>\n","protected":false},"excerpt":{"rendered":"<ul>\n<li><em>Lupinus polyphyllus \/ Lupini Red<\/em><\/li>\n<li>vi\u0161elisna lupina<\/li>\n<li>crveno cvije\u0107e<\/li>\n<li>Sadnja korita i posuda<\/li>\n<li>vi\u0161egodi\u0161nji<\/li>\n<\/ul>\n<h4><strong>Pakirana 1 po jedna biljka!<\/strong><\/h4>\n","protected":false},"featured_media":17854,"template":"","meta":{"site-sidebar-layout":"default","site-content-layout":"default","ast-site-content-layout":"default","site-content-style":"default","site-sidebar-style":"default","ast-global-header-display":"","ast-banner-title-visibility":"","ast-main-header-display":"","ast-hfb-above-header-display":"","ast-hfb-below-header-display":"","ast-hfb-mobile-header-display":"","site-post-title":"","ast-breadcrumbs-content":"","ast-featured-img":"","footer-sml-layout":"","ast-disable-related-posts":"","theme-transparent-header-meta":"default","adv-header-id-meta":"","stick-header-meta":"default","header-above-stick-meta":"","header-main-stick-meta":"","header-below-stick-meta":"","astra-migrate-meta-layouts":"default","ast-page-background-enabled":"default","ast-page-background-meta":{"desktop":{"background-color":"","background-image":"","background-repeat":"repeat","background-position":"center center","background-size":"auto","background-attachment":"scroll","background-type":"","background-media":"","overlay-type":"","overlay-color":"","overlay-opacity":"","overlay-gradient":""},"tablet":{"background-color":"","background-image":"","background-repeat":"repeat","background-position":"center center","background-size":"auto","background-attachment":"scroll","background-type":"","background-media":"","overlay-type":"","overlay-color":"","overlay-opacity":"","overlay-gradient":""},"mobile":{"background-color":"","background-image":"","background-repeat":"repeat","background-position":"center center","background-size":"auto","background-attachment":"scroll","background-type":"","background-media":"","overlay-type":"","overlay-color":"","overlay-opacity":"","overlay-gradient":""}},"ast-content-background-meta":{"desktop":{"background-color":"var(--ast-global-color-5)","background-image":"","background-repeat":"repeat","background-position":"center center","background-size":"auto","background-attachment":"scroll","background-type":"","background-media":"","overlay-type":"","overlay-color":"","overlay-opacity":"","overlay-gradient":""},"tablet":{"background-color":"var(--ast-global-color-5)","background-image":"","background-repeat":"repeat","background-position":"center center","background-size":"auto","background-attachment":"scroll","background-type":"","background-media":"","overlay-type":"","overlay-color":"","overlay-opacity":"","overlay-gradient":""},"mobile":{"background-color":"var(--ast-global-color-5)","background-image":"","background-repeat":"repeat","background-position":"center center","background-size":"auto","background-attachment":"scroll","background-type":"","background-media":"","overlay-type":"","overlay-color":"","overlay-opacity":"","overlay-gradient":""}}},"product_brand":[],"product_cat":[1833],"product_tag":[1828,1976,1839],"class_list":{"0":"post-17852","1":"product","2":"type-product","3":"status-publish","4":"has-post-thumbnail","6":"product_cat-biljke-za-korita-i-gredice","7":"product_tag-korita-i-cvjetnjaci","8":"product_tag-lupinus-hr","9":"product_tag-trajnice-hr","10":"desktop-align-left","11":"tablet-align-left","12":"mobile-align-left","13":"ast-product-gallery-layout-horizontal","14":"ast-product-tabs-layout-horizontal","15":"ast-qv-on-image","17":"first","18":"outofstock","19":"taxable","20":"shipping-taxable","21":"purchasable","22":"product-type-simple"},"aioseo_notices":[],"_links":{"self":[{"href":"https:\/\/flanca.si\/hr\/wp-json\/wp\/v2\/product\/17852","targetHints":{"allow":["GET"]}}],"collection":[{"href":"https:\/\/flanca.si\/hr\/wp-json\/wp\/v2\/product"}],"about":[{"href":"https:\/\/flanca.si\/hr\/wp-json\/wp\/v2\/types\/product"}],"wp:featuredmedia":[{"embeddable":true,"href":"https:\/\/flanca.si\/hr\/wp-json\/wp\/v2\/media\/17854"}],"wp:attachment":[{"href":"https:\/\/flanca.si\/hr\/wp-json\/wp\/v2\/media?parent=17852"}],"wp:term":[{"taxonomy":"product_brand","embeddable":true,"href":"https:\/\/flanca.si\/hr\/wp-json\/wp\/v2\/product_brand?post=17852"},{"taxonomy":"product_cat","embeddable":true,"href":"https:\/\/flanca.si\/hr\/wp-json\/wp\/v2\/product_cat?post=17852"},{"taxonomy":"product_tag","embeddable":true,"href":"https:\/\/flanca.si\/hr\/wp-json\/wp\/v2\/product_tag?post=17852"}],"curies":[{"name":"wp","href":"https:\/\/api.w.org\/{rel}","templated":true}]}}