{"id":17842,"date":"2024-09-30T08:05:35","date_gmt":"2024-09-30T06:05:35","guid":{"rendered":"https:\/\/flanca.si\/izdelek\/atlas-kivija-muska-biljka\/"},"modified":"2024-09-30T08:05:35","modified_gmt":"2024-09-30T06:05:35","slug":"atlas-kivija-muska-biljka","status":"publish","type":"product","link":"https:\/\/flanca.si\/hr\/proizvod\/atlas-kivija-muska-biljka\/","title":{"rendered":"Atlas kivija &#8211; mu\u0161ka biljka"},"content":{"rendered":"<p><strong>Atlas kivija je mu\u0161ka<\/strong> <strong>debeloplodna biljka kivija i univerzalni je opra\u0161iva\u010d debeloplodnog kivija.<\/strong> Uspijeva na blago kiselim tlima. Uzgajajte ga kao uspinja\u010du u obliku re\u0161etke. Cvate u mjesecu svibnju bijelim cvjetovima. Univerzalni je opra\u0161iva\u010d za ve\u0107inu sorti debeloplodnog kivija. Sadi se izme\u0111u 2 do 4 \u017eenske biljke. Visina nadzemnog dijela biljke: cca 30 cm    <\/p>\n","protected":false},"excerpt":{"rendered":"<ul>\n<li><em>Actinidia deliciosa &#8216;Atlas&#8217;<\/em><\/li>\n<li>Kivi s debelim plodovima<\/li>\n<li>plodovi su blago pubertetski<\/li>\n<li><strong>mu\u0161ka biljka, opra\u0161iva\u010d<\/strong><\/li>\n<li>Sadi se izme\u0111u 2-4 \u017eenske biljke<\/li>\n<li>brzo prelazi u plodnost<\/li>\n<li>dobro podnosi niske temperature<\/li>\n<li>Visina sadnice: 30cm<\/li>\n<\/ul>\n<h3><strong>Pakirana 1 sadnica odjednom!<\/strong><\/h3>\n","protected":false},"featured_media":17844,"template":"","meta":{"site-sidebar-layout":"default","site-content-layout":"default","ast-site-content-layout":"default","site-content-style":"default","site-sidebar-style":"default","ast-global-header-display":"","ast-banner-title-visibility":"","ast-main-header-display":"","ast-hfb-above-header-display":"","ast-hfb-below-header-display":"","ast-hfb-mobile-header-display":"","site-post-title":"","ast-breadcrumbs-content":"","ast-featured-img":"","footer-sml-layout":"","ast-disable-related-posts":"","theme-transparent-header-meta":"default","adv-header-id-meta":"","stick-header-meta":"default","header-above-stick-meta":"","header-main-stick-meta":"","header-below-stick-meta":"","astra-migrate-meta-layouts":"default","ast-page-background-enabled":"default","ast-page-background-meta":{"desktop":{"background-color":"","background-image":"","background-repeat":"repeat","background-position":"center center","background-size":"auto","background-attachment":"scroll","background-type":"","background-media":"","overlay-type":"","overlay-color":"","overlay-opacity":"","overlay-gradient":""},"tablet":{"background-color":"","background-image":"","background-repeat":"repeat","background-position":"center center","background-size":"auto","background-attachment":"scroll","background-type":"","background-media":"","overlay-type":"","overlay-color":"","overlay-opacity":"","overlay-gradient":""},"mobile":{"background-color":"","background-image":"","background-repeat":"repeat","background-position":"center center","background-size":"auto","background-attachment":"scroll","background-type":"","background-media":"","overlay-type":"","overlay-color":"","overlay-opacity":"","overlay-gradient":""}},"ast-content-background-meta":{"desktop":{"background-color":"var(--ast-global-color-5)","background-image":"","background-repeat":"repeat","background-position":"center center","background-size":"auto","background-attachment":"scroll","background-type":"","background-media":"","overlay-type":"","overlay-color":"","overlay-opacity":"","overlay-gradient":""},"tablet":{"background-color":"var(--ast-global-color-5)","background-image":"","background-repeat":"repeat","background-position":"center center","background-size":"auto","background-attachment":"scroll","background-type":"","background-media":"","overlay-type":"","overlay-color":"","overlay-opacity":"","overlay-gradient":""},"mobile":{"background-color":"var(--ast-global-color-5)","background-image":"","background-repeat":"repeat","background-position":"center center","background-size":"auto","background-attachment":"scroll","background-type":"","background-media":"","overlay-type":"","overlay-color":"","overlay-opacity":"","overlay-gradient":""}}},"product_brand":[],"product_cat":[2170],"product_tag":[2213,2207,1771,1990],"class_list":{"0":"post-17842","1":"product","2":"type-product","3":"status-publish","4":"has-post-thumbnail","6":"product_cat-ostale-bobice","7":"product_tag-kivi-hr","8":"product_tag-kuhinja-hr-2","9":"product_tag-vitamini-hr","10":"product_tag-voce","11":"desktop-align-left","12":"tablet-align-left","13":"mobile-align-left","14":"ast-product-gallery-layout-horizontal","15":"ast-product-tabs-layout-horizontal","16":"ast-qv-on-image","18":"first","19":"instock","20":"taxable","21":"shipping-taxable","22":"purchasable","23":"product-type-simple"},"aioseo_notices":[],"_links":{"self":[{"href":"https:\/\/flanca.si\/hr\/wp-json\/wp\/v2\/product\/17842","targetHints":{"allow":["GET"]}}],"collection":[{"href":"https:\/\/flanca.si\/hr\/wp-json\/wp\/v2\/product"}],"about":[{"href":"https:\/\/flanca.si\/hr\/wp-json\/wp\/v2\/types\/product"}],"wp:featuredmedia":[{"embeddable":true,"href":"https:\/\/flanca.si\/hr\/wp-json\/wp\/v2\/media\/17844"}],"wp:attachment":[{"href":"https:\/\/flanca.si\/hr\/wp-json\/wp\/v2\/media?parent=17842"}],"wp:term":[{"taxonomy":"product_brand","embeddable":true,"href":"https:\/\/flanca.si\/hr\/wp-json\/wp\/v2\/product_brand?post=17842"},{"taxonomy":"product_cat","embeddable":true,"href":"https:\/\/flanca.si\/hr\/wp-json\/wp\/v2\/product_cat?post=17842"},{"taxonomy":"product_tag","embeddable":true,"href":"https:\/\/flanca.si\/hr\/wp-json\/wp\/v2\/product_tag?post=17842"}],"curies":[{"name":"wp","href":"https:\/\/api.w.org\/{rel}","templated":true}]}}