{"id":17840,"date":"2024-09-24T08:01:53","date_gmt":"2024-09-24T06:01:53","guid":{"rendered":"https:\/\/flanca.si\/izdelek\/lonicera-nitida\/"},"modified":"2024-09-24T08:01:53","modified_gmt":"2024-09-24T06:01:53","slug":"lonicera-nitida","status":"publish","type":"product","link":"https:\/\/flanca.si\/hr\/proizvod\/lonicera-nitida\/","title":{"rendered":"Lonicera nitida"},"content":{"rendered":"<p><strong>Lonicera nitida &#8216;Maigr\u00fcn&#8217;<\/strong> je zimzeleni grm koji se odlikuje gustom, kompaktno rastu\u0107om navikom i sitnim, svijetlozelenim li\u0161\u0107em. Ova sorta medono\u0161a dose\u017ee visinu do 1 metra i zbog svog gustog rasta izvrsna je za niske \u017eivice ili kao pokriva\u010d tla. Listovi su ovalni, sjajni i ostaju zeleni tijekom cijele godine, \u0161to ga \u010dini atraktivnim \u010dak i zimi. Briga o <strong>Lonicere nitida &#8216;Maigr\u00fcn&#8217;<\/strong> je nepretenciozna. Uspijeva u raznim vrstama tla, ali najbolje uspijeva u dobro dreniranom tlu. Podnosi sun\u010dane do sjenovite polo\u017eaje, ali na sun\u010danim polo\u017eajima postaje gu\u0161\u0107i i bujniji. Redovito zalijevanje preporu\u010duje se u prvim godinama nakon sadnje, a kasnije je prili\u010dno otporno na su\u0161u. Obrezivanje je klju\u010dno za odr\u017eavanje njegovog kompaktnog oblika. Najbolje ga je orezivati u prolje\u0107e ili ljeto, \u0161to poti\u010de gu\u0161\u0107i rast i ljep\u0161i oblik.  <\/p>\n","protected":false},"excerpt":{"rendered":"<ul>\n<li><em>Lonicera nitida &#8216;Maigr\u00fcn&#8217;<\/em><\/li>\n<li><strong>Zimzeleno<\/strong>: O\u010duvanje svijetlozelenih, sjajnih listova tijekom cijele godine, \u0161to osigurava stalnu \u0161arenilo vrta.<\/li>\n<li><strong>Kompaktan i gust rast<\/strong>: Dosti\u017ee visinu do 1 metra, \u0161to ga \u010dini idealnim za niske \u017eivice ili kao pokriva\u010d tla.<\/li>\n<li><strong>Prilagodljiv razli\u010ditim uvjetima<\/strong>: Uspijeva na sun\u010danim ili sjenovitim mjestima i podnosi razli\u010dite vrste tla.<\/li>\n<li><strong>Otporan na obrezivanje<\/strong>: Redovita rezidba poti\u010de gu\u0161\u0107i rast, \u0161to ga \u010dini odli\u010dnim izborom za formalne sadnje ili formiranje \u017eivice.<\/li>\n<\/ul>\n<h3>Pakirana 1 sadnica odjednom!<\/h3>\n","protected":false},"featured_media":17841,"template":"","meta":{"site-sidebar-layout":"default","site-content-layout":"","ast-site-content-layout":"default","site-content-style":"default","site-sidebar-style":"default","ast-global-header-display":"","ast-banner-title-visibility":"","ast-main-header-display":"","ast-hfb-above-header-display":"","ast-hfb-below-header-display":"","ast-hfb-mobile-header-display":"","site-post-title":"","ast-breadcrumbs-content":"","ast-featured-img":"","footer-sml-layout":"","ast-disable-related-posts":"","theme-transparent-header-meta":"default","adv-header-id-meta":"","stick-header-meta":"default","header-above-stick-meta":"","header-main-stick-meta":"","header-below-stick-meta":"","astra-migrate-meta-layouts":"default","ast-page-background-enabled":"default","ast-page-background-meta":{"desktop":{"background-color":"","background-image":"","background-repeat":"repeat","background-position":"center center","background-size":"auto","background-attachment":"scroll","background-type":"","background-media":"","overlay-type":"","overlay-color":"","overlay-opacity":"","overlay-gradient":""},"tablet":{"background-color":"","background-image":"","background-repeat":"repeat","background-position":"center center","background-size":"auto","background-attachment":"scroll","background-type":"","background-media":"","overlay-type":"","overlay-color":"","overlay-opacity":"","overlay-gradient":""},"mobile":{"background-color":"","background-image":"","background-repeat":"repeat","background-position":"center center","background-size":"auto","background-attachment":"scroll","background-type":"","background-media":"","overlay-type":"","overlay-color":"","overlay-opacity":"","overlay-gradient":""}},"ast-content-background-meta":{"desktop":{"background-color":"var(--ast-global-color-5)","background-image":"","background-repeat":"repeat","background-position":"center center","background-size":"auto","background-attachment":"scroll","background-type":"","background-media":"","overlay-type":"","overlay-color":"","overlay-opacity":"","overlay-gradient":""},"tablet":{"background-color":"var(--ast-global-color-5)","background-image":"","background-repeat":"repeat","background-position":"center center","background-size":"auto","background-attachment":"scroll","background-type":"","background-media":"","overlay-type":"","overlay-color":"","overlay-opacity":"","overlay-gradient":""},"mobile":{"background-color":"var(--ast-global-color-5)","background-image":"","background-repeat":"repeat","background-position":"center center","background-size":"auto","background-attachment":"scroll","background-type":"","background-media":"","overlay-type":"","overlay-color":"","overlay-opacity":"","overlay-gradient":""}}},"product_brand":[],"product_cat":[1916],"product_tag":[2195,2220],"class_list":{"0":"post-17840","1":"product","2":"type-product","3":"status-publish","4":"has-post-thumbnail","6":"product_cat-grmlje-i-drvece","7":"product_tag-grmova","8":"product_tag-ukrasni","9":"desktop-align-left","10":"tablet-align-left","11":"mobile-align-left","12":"ast-product-gallery-layout-horizontal","13":"ast-product-gallery-with-no-image","14":"ast-product-tabs-layout-horizontal","15":"ast-qv-on-image","17":"first","18":"instock","19":"taxable","20":"shipping-taxable","21":"purchasable","22":"product-type-simple"},"aioseo_notices":[],"_links":{"self":[{"href":"https:\/\/flanca.si\/hr\/wp-json\/wp\/v2\/product\/17840","targetHints":{"allow":["GET"]}}],"collection":[{"href":"https:\/\/flanca.si\/hr\/wp-json\/wp\/v2\/product"}],"about":[{"href":"https:\/\/flanca.si\/hr\/wp-json\/wp\/v2\/types\/product"}],"wp:featuredmedia":[{"embeddable":true,"href":"https:\/\/flanca.si\/hr\/wp-json\/wp\/v2\/media\/17841"}],"wp:attachment":[{"href":"https:\/\/flanca.si\/hr\/wp-json\/wp\/v2\/media?parent=17840"}],"wp:term":[{"taxonomy":"product_brand","embeddable":true,"href":"https:\/\/flanca.si\/hr\/wp-json\/wp\/v2\/product_brand?post=17840"},{"taxonomy":"product_cat","embeddable":true,"href":"https:\/\/flanca.si\/hr\/wp-json\/wp\/v2\/product_cat?post=17840"},{"taxonomy":"product_tag","embeddable":true,"href":"https:\/\/flanca.si\/hr\/wp-json\/wp\/v2\/product_tag?post=17840"}],"curies":[{"name":"wp","href":"https:\/\/api.w.org\/{rel}","templated":true}]}}