{"id":17837,"date":"2024-09-30T08:34:09","date_gmt":"2024-09-30T06:34:09","guid":{"rendered":"https:\/\/flanca.si\/izdelek\/kiwi-hayward-zenska-biljka\/"},"modified":"2024-09-30T08:34:09","modified_gmt":"2024-09-30T06:34:09","slug":"kiwi-hayward-zenska-biljka","status":"publish","type":"product","link":"https:\/\/flanca.si\/hr\/proizvod\/kiwi-hayward-zenska-biljka\/","title":{"rendered":"Kiwi Hayward &#8211; \u017eenska biljka"},"content":{"rendered":"<p><strong>Kiwi Hayward je \u017eenska biljka debeloplodnog kivija.<\/strong>  Uspijeva na blago kiselim tlima i sun\u010danim mjestima. Podi\u017eemo ga kao uspinja\u010du u obliku re\u0161etke. Za oplodnju treba mu\u0161ka biljka, prikladne sorte su <a href=\"https:\/\/flanca.si\/hr\/izdelek\/atlas-kivija-muska-biljka\/\">Atlas<\/a> i Tomuri. Cvate u mjesecu svibnju bijelim cvjetovima. Ra\u0111a se nakon otprilike 4 do 5 godina. Obi\u010dno krupni plodovi sazrijevaju u mjesecu studenom. Ko\u017eica ploda je sme\u0111a i obrasla dla\u010dicama. Meso ploda je zeleno i slatko kiselkastog okusa. Kivi se bere prije hladno\u0107e (listopad), sazrijevaju i posreduju u podrumu. Visina nadzemnog dijela biljke: cca 40 cm        <\/p>\n","protected":false},"excerpt":{"rendered":"<ul>\n<li><em>Actinidia deliciosa &#8216;Hayward&#8217;<\/em><\/li>\n<li>Kivi s debelim plodovima<\/li>\n<li>plodovi su blago pubertetski<\/li>\n<li><strong>\u017denska biljka<\/strong><\/li>\n<li>za opra\u0161ivanje treba mu\u0161ka biljka<\/li>\n<li>Prelazi u plodnost u dobi od 4 &#8211; 6 godina<\/li>\n<li>dobro podnosi niske temperature<\/li>\n<li>Visina sadnice: 40cm<\/li>\n<\/ul>\n<h3><strong>Pakirana 1 sadnica odjednom!<\/strong><\/h3>\n","protected":false},"featured_media":17839,"template":"","meta":{"site-sidebar-layout":"default","site-content-layout":"default","ast-site-content-layout":"default","site-content-style":"default","site-sidebar-style":"default","ast-global-header-display":"","ast-banner-title-visibility":"","ast-main-header-display":"","ast-hfb-above-header-display":"","ast-hfb-below-header-display":"","ast-hfb-mobile-header-display":"","site-post-title":"","ast-breadcrumbs-content":"","ast-featured-img":"","footer-sml-layout":"","ast-disable-related-posts":"","theme-transparent-header-meta":"default","adv-header-id-meta":"","stick-header-meta":"default","header-above-stick-meta":"","header-main-stick-meta":"","header-below-stick-meta":"","astra-migrate-meta-layouts":"default","ast-page-background-enabled":"default","ast-page-background-meta":{"desktop":{"background-color":"","background-image":"","background-repeat":"repeat","background-position":"center center","background-size":"auto","background-attachment":"scroll","background-type":"","background-media":"","overlay-type":"","overlay-color":"","overlay-opacity":"","overlay-gradient":""},"tablet":{"background-color":"","background-image":"","background-repeat":"repeat","background-position":"center center","background-size":"auto","background-attachment":"scroll","background-type":"","background-media":"","overlay-type":"","overlay-color":"","overlay-opacity":"","overlay-gradient":""},"mobile":{"background-color":"","background-image":"","background-repeat":"repeat","background-position":"center center","background-size":"auto","background-attachment":"scroll","background-type":"","background-media":"","overlay-type":"","overlay-color":"","overlay-opacity":"","overlay-gradient":""}},"ast-content-background-meta":{"desktop":{"background-color":"var(--ast-global-color-5)","background-image":"","background-repeat":"repeat","background-position":"center center","background-size":"auto","background-attachment":"scroll","background-type":"","background-media":"","overlay-type":"","overlay-color":"","overlay-opacity":"","overlay-gradient":""},"tablet":{"background-color":"var(--ast-global-color-5)","background-image":"","background-repeat":"repeat","background-position":"center center","background-size":"auto","background-attachment":"scroll","background-type":"","background-media":"","overlay-type":"","overlay-color":"","overlay-opacity":"","overlay-gradient":""},"mobile":{"background-color":"var(--ast-global-color-5)","background-image":"","background-repeat":"repeat","background-position":"center center","background-size":"auto","background-attachment":"scroll","background-type":"","background-media":"","overlay-type":"","overlay-color":"","overlay-opacity":"","overlay-gradient":""}}},"product_brand":[],"product_cat":[2170],"product_tag":[2213,2207,1771,1990],"class_list":{"0":"post-17837","1":"product","2":"type-product","3":"status-publish","4":"has-post-thumbnail","6":"product_cat-ostale-bobice","7":"product_tag-kivi-hr","8":"product_tag-kuhinja-hr-2","9":"product_tag-vitamini-hr","10":"product_tag-voce","11":"desktop-align-left","12":"tablet-align-left","13":"mobile-align-left","14":"ast-product-gallery-layout-horizontal","15":"ast-product-gallery-with-no-image","16":"ast-product-tabs-layout-horizontal","17":"ast-qv-on-image","19":"first","20":"instock","21":"taxable","22":"shipping-taxable","23":"purchasable","24":"product-type-simple"},"aioseo_notices":[],"_links":{"self":[{"href":"https:\/\/flanca.si\/hr\/wp-json\/wp\/v2\/product\/17837","targetHints":{"allow":["GET"]}}],"collection":[{"href":"https:\/\/flanca.si\/hr\/wp-json\/wp\/v2\/product"}],"about":[{"href":"https:\/\/flanca.si\/hr\/wp-json\/wp\/v2\/types\/product"}],"wp:featuredmedia":[{"embeddable":true,"href":"https:\/\/flanca.si\/hr\/wp-json\/wp\/v2\/media\/17839"}],"wp:attachment":[{"href":"https:\/\/flanca.si\/hr\/wp-json\/wp\/v2\/media?parent=17837"}],"wp:term":[{"taxonomy":"product_brand","embeddable":true,"href":"https:\/\/flanca.si\/hr\/wp-json\/wp\/v2\/product_brand?post=17837"},{"taxonomy":"product_cat","embeddable":true,"href":"https:\/\/flanca.si\/hr\/wp-json\/wp\/v2\/product_cat?post=17837"},{"taxonomy":"product_tag","embeddable":true,"href":"https:\/\/flanca.si\/hr\/wp-json\/wp\/v2\/product_tag?post=17837"}],"curies":[{"name":"wp","href":"https:\/\/api.w.org\/{rel}","templated":true}]}}