{"id":17800,"date":"2024-12-02T12:23:29","date_gmt":"2024-12-02T11:23:29","guid":{"rendered":"https:\/\/flanca.si\/izdelek\/jagode-mjesecno-ostara\/"},"modified":"2025-01-15T12:40:55","modified_gmt":"2025-01-15T11:40:55","slug":"jagode-mjesecno-ostara","status":"publish","type":"product","link":"https:\/\/flanca.si\/hr\/proizvod\/jagode-mjesecno-ostara\/","title":{"rendered":"Jagode mjeseca &#8216;Ostara&#8217;"},"content":{"rendered":"<p><strong>Jagode Ostara<\/strong> jedna su od najpopularnijih vi\u0161egodi\u0161njih (mjese\u010dnih) sorti, koje odu\u0161evljavaju obilnom berbom slatkih i aromati\u010dnih bobica tijekom cijele sezone. Ova sorta donosi plodove od ranog ljeta do prvog mraza, \u0161to nekoliko mjeseci osigurava svje\u017ee bobice. Plodovi su srednje veliki, svijetlocrveni, so\u010dni i punog okusa. Biljka je kompaktna, bujnog rasta i svijetlozelenog li\u0161\u0107a, \u0161to olak\u0161ava uzgoj i u vrtu i u kontejnerima. <strong>Ostara<\/strong> uspijeva u dobro dreniranom, blago kiselom tlu na sun\u010danom ili polusjenovitom mjestu. Redovito zalijevanje, posebno tijekom su\u0161nih razdoblja, osigurat \u0107e maksimalan prinos. <strong>Bobice Ostara<\/strong> idealne su za svje\u017eu konzumaciju, d\u017eemove, deserte ili zamrzavanje. Zbog dugog razdoblja plodono\u0161enja nezamjenjivi su u svakom ku\u0107nom vrtu i izvrstan dodatak ljubiteljima jagoda tijekom cijele godine.  <\/p>\n","protected":false},"excerpt":{"rendered":"<ul>\n<li>Mjese\u010dna jagoda<\/li>\n<li>Malo smole<\/li>\n<li>krupno, aromati\u010dno vo\u0107e<\/li>\n<li>Plodove beremo od lipnja do listopada<\/li>\n<\/ul>\n<h4><strong>Pakirana 1 sadnica odjednom!<\/strong><\/h4>\n","protected":false},"featured_media":17802,"template":"","meta":{"site-sidebar-layout":"default","site-content-layout":"default","ast-site-content-layout":"default","site-content-style":"default","site-sidebar-style":"default","ast-global-header-display":"","ast-banner-title-visibility":"","ast-main-header-display":"","ast-hfb-above-header-display":"","ast-hfb-below-header-display":"","ast-hfb-mobile-header-display":"","site-post-title":"","ast-breadcrumbs-content":"","ast-featured-img":"","footer-sml-layout":"","ast-disable-related-posts":"","theme-transparent-header-meta":"default","adv-header-id-meta":"","stick-header-meta":"default","header-above-stick-meta":"","header-main-stick-meta":"","header-below-stick-meta":"","astra-migrate-meta-layouts":"default","ast-page-background-enabled":"default","ast-page-background-meta":{"desktop":{"background-color":"","background-image":"","background-repeat":"repeat","background-position":"center center","background-size":"auto","background-attachment":"scroll","background-type":"","background-media":"","overlay-type":"","overlay-color":"","overlay-opacity":"","overlay-gradient":""},"tablet":{"background-color":"","background-image":"","background-repeat":"repeat","background-position":"center center","background-size":"auto","background-attachment":"scroll","background-type":"","background-media":"","overlay-type":"","overlay-color":"","overlay-opacity":"","overlay-gradient":""},"mobile":{"background-color":"","background-image":"","background-repeat":"repeat","background-position":"center center","background-size":"auto","background-attachment":"scroll","background-type":"","background-media":"","overlay-type":"","overlay-color":"","overlay-opacity":"","overlay-gradient":""}},"ast-content-background-meta":{"desktop":{"background-color":"var(--ast-global-color-5)","background-image":"","background-repeat":"repeat","background-position":"center center","background-size":"auto","background-attachment":"scroll","background-type":"","background-media":"","overlay-type":"","overlay-color":"","overlay-opacity":"","overlay-gradient":""},"tablet":{"background-color":"var(--ast-global-color-5)","background-image":"","background-repeat":"repeat","background-position":"center center","background-size":"auto","background-attachment":"scroll","background-type":"","background-media":"","overlay-type":"","overlay-color":"","overlay-opacity":"","overlay-gradient":""},"mobile":{"background-color":"var(--ast-global-color-5)","background-image":"","background-repeat":"repeat","background-position":"center center","background-size":"auto","background-attachment":"scroll","background-type":"","background-media":"","overlay-type":"","overlay-color":"","overlay-opacity":"","overlay-gradient":""}}},"product_brand":[],"product_cat":[1903],"product_tag":[1904,1905,2177,1990],"class_list":{"0":"post-17800","1":"product","2":"type-product","3":"status-publish","4":"has-post-thumbnail","6":"product_cat-jagode-hr","7":"product_tag-jagoda-hr-2","8":"product_tag-mjesecni","9":"product_tag-mnogostruk","10":"product_tag-voce","11":"desktop-align-left","12":"tablet-align-left","13":"mobile-align-left","14":"ast-product-gallery-layout-horizontal","15":"ast-product-gallery-with-no-image","16":"ast-product-tabs-layout-horizontal","17":"ast-qv-on-image","19":"first","20":"outofstock","21":"taxable","22":"shipping-taxable","23":"purchasable","24":"product-type-simple"},"aioseo_notices":[],"_links":{"self":[{"href":"https:\/\/flanca.si\/hr\/wp-json\/wp\/v2\/product\/17800","targetHints":{"allow":["GET"]}}],"collection":[{"href":"https:\/\/flanca.si\/hr\/wp-json\/wp\/v2\/product"}],"about":[{"href":"https:\/\/flanca.si\/hr\/wp-json\/wp\/v2\/types\/product"}],"wp:featuredmedia":[{"embeddable":true,"href":"https:\/\/flanca.si\/hr\/wp-json\/wp\/v2\/media\/17802"}],"wp:attachment":[{"href":"https:\/\/flanca.si\/hr\/wp-json\/wp\/v2\/media?parent=17800"}],"wp:term":[{"taxonomy":"product_brand","embeddable":true,"href":"https:\/\/flanca.si\/hr\/wp-json\/wp\/v2\/product_brand?post=17800"},{"taxonomy":"product_cat","embeddable":true,"href":"https:\/\/flanca.si\/hr\/wp-json\/wp\/v2\/product_cat?post=17800"},{"taxonomy":"product_tag","embeddable":true,"href":"https:\/\/flanca.si\/hr\/wp-json\/wp\/v2\/product_tag?post=17800"}],"curies":[{"name":"wp","href":"https:\/\/api.w.org\/{rel}","templated":true}]}}