{"id":17767,"date":"2022-02-01T12:55:05","date_gmt":"2022-02-01T11:55:05","guid":{"rendered":"https:\/\/flanca.si\/izdelek\/malina-dvostruko-nosi-jesensko-blazenstvo\/"},"modified":"2025-04-01T09:40:01","modified_gmt":"2025-04-01T07:40:01","slug":"malina-dvostruko-nosi-jesensko-blazenstvo","status":"publish","type":"product","link":"https:\/\/flanca.si\/hr\/proizvod\/malina-dvostruko-nosi-jesensko-blazenstvo\/","title":{"rendered":"Malina dvorodna \u2018Autumn Bliss\u2019"},"content":{"rendered":"<p>Dvorodna malina, koja prvo donosi plodove od sredine lipnja, drugo sazrijevanje zapo\u010dinje u kolovozu i traje do studenog ili do prvog mraza. Odu\u0161evljava nas crvenim plodovima srednje veli\u010dine koji su aromati\u010dni, blagi i blago kiseli. Po kvaliteti znatno nadma\u0161uje ostale sorte. Mjesto treba biti sun\u010dano i za\u0161ti\u0107eno.<\/p>\n<p>&nbsp;<\/p>\n<p>Maline se lako uzgajaju i izvrstan su dodatak svakom vrtu. Za uspje\u0161an uzgoj malina va\u017eno je odabrati prikladno mjesto na kojem \u0107e primati najmanje 6 sati sun\u010deve svjetlosti dnevno. Tlo treba biti dobro drenirano i bogato hranjivim tvarima. Prilikom sadnje maline treba paziti da ih ne sadite preblizu kako biste izbjegli pretjeranu konkurenciju za vodu i hranjive tvari. Maline je potrebno redovito zalijevati, posebno tijekom su\u0161nih razdoblja, kao i gnojiti kompostom ili organskim gnojivom. Redovito obrezivanje tako\u0111er je va\u017eno za poticanje rasta novih izbojaka i pove\u0107anje prinosa.<\/p>\n","protected":false},"excerpt":{"rendered":"<ul>\n<li><em><em>Rubus idaeus &#8216;Autumn bliss&#8217;<\/em><\/em><\/li>\n<li>Visoko isplativo<\/li>\n<li>aromati\u010dno vo\u0107e srednje debljine<\/li>\n<li>prvi put sazrijeva sredinom lipnja<\/li>\n<li>Kompaktni rast rozete<\/li>\n<\/ul>\n<h4><strong>Pakirana 1 sadnica odjednom!<\/strong><\/h4>\n","protected":false},"featured_media":17769,"template":"","meta":{"site-sidebar-layout":"default","site-content-layout":"default","ast-site-content-layout":"default","site-content-style":"default","site-sidebar-style":"default","ast-global-header-display":"","ast-banner-title-visibility":"","ast-main-header-display":"","ast-hfb-above-header-display":"","ast-hfb-below-header-display":"","ast-hfb-mobile-header-display":"","site-post-title":"","ast-breadcrumbs-content":"","ast-featured-img":"","footer-sml-layout":"","ast-disable-related-posts":"","theme-transparent-header-meta":"default","adv-header-id-meta":"","stick-header-meta":"default","header-above-stick-meta":"","header-main-stick-meta":"","header-below-stick-meta":"","astra-migrate-meta-layouts":"set","ast-page-background-enabled":"default","ast-page-background-meta":{"desktop":{"background-color":"","background-image":"","background-repeat":"repeat","background-position":"center center","background-size":"auto","background-attachment":"scroll","background-type":"","background-media":"","overlay-type":"","overlay-color":"","overlay-opacity":"","overlay-gradient":""},"tablet":{"background-color":"","background-image":"","background-repeat":"repeat","background-position":"center center","background-size":"auto","background-attachment":"scroll","background-type":"","background-media":"","overlay-type":"","overlay-color":"","overlay-opacity":"","overlay-gradient":""},"mobile":{"background-color":"","background-image":"","background-repeat":"repeat","background-position":"center center","background-size":"auto","background-attachment":"scroll","background-type":"","background-media":"","overlay-type":"","overlay-color":"","overlay-opacity":"","overlay-gradient":""}},"ast-content-background-meta":{"desktop":{"background-color":"var(--ast-global-color-5)","background-image":"","background-repeat":"repeat","background-position":"center center","background-size":"auto","background-attachment":"scroll","background-type":"","background-media":"","overlay-type":"","overlay-color":"","overlay-opacity":"","overlay-gradient":""},"tablet":{"background-color":"var(--ast-global-color-5)","background-image":"","background-repeat":"repeat","background-position":"center center","background-size":"auto","background-attachment":"scroll","background-type":"","background-media":"","overlay-type":"","overlay-color":"","overlay-opacity":"","overlay-gradient":""},"mobile":{"background-color":"var(--ast-global-color-5)","background-image":"","background-repeat":"repeat","background-position":"center center","background-size":"auto","background-attachment":"scroll","background-type":"","background-media":"","overlay-type":"","overlay-color":"","overlay-opacity":"","overlay-gradient":""}}},"product_brand":[],"product_cat":[1903],"product_tag":[1609,2165,1908,1990],"class_list":{"0":"post-17767","1":"product","2":"type-product","3":"status-publish","4":"has-post-thumbnail","6":"product_cat-jagode-hr","7":"product_tag-ljeto","8":"product_tag-malina-hr","9":"product_tag-telugu-hr-5","10":"product_tag-voce","11":"desktop-align-left","12":"tablet-align-left","13":"mobile-align-left","14":"ast-product-gallery-layout-horizontal","15":"ast-product-gallery-with-no-image","16":"ast-product-tabs-layout-horizontal","17":"ast-qv-on-image","19":"first","20":"instock","21":"taxable","22":"shipping-taxable","23":"purchasable","24":"product-type-simple"},"aioseo_notices":[],"_links":{"self":[{"href":"https:\/\/flanca.si\/hr\/wp-json\/wp\/v2\/product\/17767","targetHints":{"allow":["GET"]}}],"collection":[{"href":"https:\/\/flanca.si\/hr\/wp-json\/wp\/v2\/product"}],"about":[{"href":"https:\/\/flanca.si\/hr\/wp-json\/wp\/v2\/types\/product"}],"wp:featuredmedia":[{"embeddable":true,"href":"https:\/\/flanca.si\/hr\/wp-json\/wp\/v2\/media\/17769"}],"wp:attachment":[{"href":"https:\/\/flanca.si\/hr\/wp-json\/wp\/v2\/media?parent=17767"}],"wp:term":[{"taxonomy":"product_brand","embeddable":true,"href":"https:\/\/flanca.si\/hr\/wp-json\/wp\/v2\/product_brand?post=17767"},{"taxonomy":"product_cat","embeddable":true,"href":"https:\/\/flanca.si\/hr\/wp-json\/wp\/v2\/product_cat?post=17767"},{"taxonomy":"product_tag","embeddable":true,"href":"https:\/\/flanca.si\/hr\/wp-json\/wp\/v2\/product_tag?post=17767"}],"curies":[{"name":"wp","href":"https:\/\/api.w.org\/{rel}","templated":true}]}}