{"id":17763,"date":"2022-02-07T09:46:04","date_gmt":"2022-02-07T08:46:04","guid":{"rendered":"https:\/\/flanca.si\/izdelek\/tatarska-mreznica\/"},"modified":"2022-02-07T09:46:04","modified_gmt":"2022-02-07T08:46:04","slug":"tatarska-mreznica","status":"publish","type":"product","link":"https:\/\/flanca.si\/hr\/proizvod\/tatarska-mreznica\/","title":{"rendered":"Tatarska mre\u017enica"},"content":{"rendered":"<p>Statice su otvoreno uzgojeno rezano cvije\u0107e s velikim, gusto naseljenim cvjetnim klasovima u plavoj boji na dugim jakim stabljikama. Za rast odabiremo sun\u010dano mjesto i hranjivo tlo. Neki ljudi statice nazivaju i napuhanom mre\u017eom.  <\/p>\n<p><span style=\"font-size: 16px\">Cvate od srpnja do kolovoza. Namijenjeni su za svje\u017eu preradu i su\u0161enje. <\/span><\/p>\n<p>Pogodno za ukra\u0161avanje cvjetnjaka, izradu svje\u017eih i, prije svega, suhih buketa. Prekrasan suhi cvijet. Su\u0161eno dobro zadr\u017eava boju cvije\u0107a, tako da s njim mo\u017eete oblikovati najljep\u0161e bukete suhog cvije\u0107a. Stabljike se re\u017eu kad se otvore posljednji cvjetovi. Osu\u0161ite u zra\u010dnom prostoru za\u0161ti\u0107enom od ki\u0161e.    <\/p>\n","protected":false},"excerpt":{"rendered":"<ul>\n<li>Limonium tataricum<\/li>\n<li>Nazivaju se i napuhanom mre\u017eicom<\/li>\n<li>nje\u017eni ru\u017ei\u010dasti cvjetovi na dugim stabljikama<\/li>\n<li>Biljke<\/li>\n<li>Pogodno za rezanje<\/li>\n<li>buketi, suhi aran\u017emani<\/li>\n<\/ul>\n<h4><strong>Pakirana 1 sadnica odjednom!<\/strong><\/h4>\n<p>&nbsp;<\/p>\n","protected":false},"featured_media":17764,"template":"","meta":{"site-sidebar-layout":"default","site-content-layout":"default","ast-site-content-layout":"default","site-content-style":"default","site-sidebar-style":"default","ast-global-header-display":"","ast-banner-title-visibility":"","ast-main-header-display":"","ast-hfb-above-header-display":"","ast-hfb-below-header-display":"","ast-hfb-mobile-header-display":"","site-post-title":"","ast-breadcrumbs-content":"","ast-featured-img":"","footer-sml-layout":"","ast-disable-related-posts":"","theme-transparent-header-meta":"default","adv-header-id-meta":"","stick-header-meta":"default","header-above-stick-meta":"","header-main-stick-meta":"","header-below-stick-meta":"","astra-migrate-meta-layouts":"default","ast-page-background-enabled":"default","ast-page-background-meta":{"desktop":{"background-color":"","background-image":"","background-repeat":"repeat","background-position":"center center","background-size":"auto","background-attachment":"scroll","background-type":"","background-media":"","overlay-type":"","overlay-color":"","overlay-opacity":"","overlay-gradient":""},"tablet":{"background-color":"","background-image":"","background-repeat":"repeat","background-position":"center center","background-size":"auto","background-attachment":"scroll","background-type":"","background-media":"","overlay-type":"","overlay-color":"","overlay-opacity":"","overlay-gradient":""},"mobile":{"background-color":"","background-image":"","background-repeat":"repeat","background-position":"center center","background-size":"auto","background-attachment":"scroll","background-type":"","background-media":"","overlay-type":"","overlay-color":"","overlay-opacity":"","overlay-gradient":""}},"ast-content-background-meta":{"desktop":{"background-color":"var(--ast-global-color-5)","background-image":"","background-repeat":"repeat","background-position":"center center","background-size":"auto","background-attachment":"scroll","background-type":"","background-media":"","overlay-type":"","overlay-color":"","overlay-opacity":"","overlay-gradient":""},"tablet":{"background-color":"var(--ast-global-color-5)","background-image":"","background-repeat":"repeat","background-position":"center center","background-size":"auto","background-attachment":"scroll","background-type":"","background-media":"","overlay-type":"","overlay-color":"","overlay-opacity":"","overlay-gradient":""},"mobile":{"background-color":"var(--ast-global-color-5)","background-image":"","background-repeat":"repeat","background-position":"center center","background-size":"auto","background-attachment":"scroll","background-type":"","background-media":"","overlay-type":"","overlay-color":"","overlay-opacity":"","overlay-gradient":""}}},"product_brand":[],"product_cat":[1833],"product_tag":[2077,2076,1852,2075,1840],"class_list":{"0":"post-17763","1":"product","2":"type-product","3":"status-publish","4":"has-post-thumbnail","6":"product_cat-biljke-za-korita-i-gredice","7":"product_tag-buketi","8":"product_tag-napuhana-mreza","9":"product_tag-rezano-cvijece","10":"product_tag-statika","11":"product_tag-ukrasna-biljka","12":"desktop-align-left","13":"tablet-align-left","14":"mobile-align-left","15":"ast-product-gallery-layout-horizontal","16":"ast-product-gallery-with-no-image","17":"ast-product-tabs-layout-horizontal","18":"ast-qv-on-image","20":"first","21":"instock","22":"taxable","23":"shipping-taxable","24":"purchasable","25":"product-type-simple"},"aioseo_notices":[],"_links":{"self":[{"href":"https:\/\/flanca.si\/hr\/wp-json\/wp\/v2\/product\/17763","targetHints":{"allow":["GET"]}}],"collection":[{"href":"https:\/\/flanca.si\/hr\/wp-json\/wp\/v2\/product"}],"about":[{"href":"https:\/\/flanca.si\/hr\/wp-json\/wp\/v2\/types\/product"}],"wp:featuredmedia":[{"embeddable":true,"href":"https:\/\/flanca.si\/hr\/wp-json\/wp\/v2\/media\/17764"}],"wp:attachment":[{"href":"https:\/\/flanca.si\/hr\/wp-json\/wp\/v2\/media?parent=17763"}],"wp:term":[{"taxonomy":"product_brand","embeddable":true,"href":"https:\/\/flanca.si\/hr\/wp-json\/wp\/v2\/product_brand?post=17763"},{"taxonomy":"product_cat","embeddable":true,"href":"https:\/\/flanca.si\/hr\/wp-json\/wp\/v2\/product_cat?post=17763"},{"taxonomy":"product_tag","embeddable":true,"href":"https:\/\/flanca.si\/hr\/wp-json\/wp\/v2\/product_tag?post=17763"}],"curies":[{"name":"wp","href":"https:\/\/api.w.org\/{rel}","templated":true}]}}