{"id":17757,"date":"2022-02-07T10:45:48","date_gmt":"2022-02-07T09:45:48","guid":{"rendered":"https:\/\/flanca.si\/izdelek\/obicni-fenjer-verbascum-phlomoides\/"},"modified":"2022-02-07T10:45:48","modified_gmt":"2022-02-07T09:45:48","slug":"obicni-fenjer-verbascum-phlomoides","status":"publish","type":"product","link":"https:\/\/flanca.si\/hr\/proizvod\/obicni-fenjer-verbascum-phlomoides\/","title":{"rendered":"Obi\u010dni fenjer Verbascum phlomoides"},"content":{"rendered":"<p>Obi\u010dni fenjer ili papina svije\u0107a ljekovita je biljka, dvogodi\u0161nja biljka koja naraste do 200 cm. Tvori prizemni lisni vjen\u010di\u0107 iz kojeg raste visoka stabljika, posuta malim, \u017eutim cvjetovima. Cvate od lipnja do rujna. Cvjetovi rastu u klasastim cvatovima i sna\u017eno posreduju. U prirodi lampion raste na sun\u010danim, \u0161ljun\u010danim tlima, na obalama, odlagali\u0161tima otpada, uz staze, usjeke, \u017eeljezni\u010dke nasipe i tra\u010dnice. U narodnoj medicini uglavnom se koristi u lije\u010denju respiratornih bolesti i prehlade. Ubrzava razgradnju sluzi, iska\u0161ljavanje, ubla\u017eava iritaciju u grlu, promuklost, bronhitis i astmu.   <\/p>\n","protected":false},"excerpt":{"rendered":"<ul>\n<li><em>Verbascum phlomoides<\/em><\/li>\n<li>dvogodi\u0161nja ljekovita biljka<\/li>\n<li>naraste do 200 cm<\/li>\n<li>\u017duti cvjetovi koji sna\u017eno posreduju<\/li>\n<li>ubla\u017eava prehladu i respiratorne tegobe<\/li>\n<\/ul>\n<h2><strong>Pakirana 1 sadnica odjednom!<\/strong><\/h2>\n<p>&nbsp;<\/p>\n","protected":false},"featured_media":17758,"template":"","meta":{"site-sidebar-layout":"default","site-content-layout":"default","ast-site-content-layout":"default","site-content-style":"default","site-sidebar-style":"default","ast-global-header-display":"","ast-banner-title-visibility":"","ast-main-header-display":"","ast-hfb-above-header-display":"","ast-hfb-below-header-display":"","ast-hfb-mobile-header-display":"","site-post-title":"","ast-breadcrumbs-content":"","ast-featured-img":"","footer-sml-layout":"","ast-disable-related-posts":"","theme-transparent-header-meta":"","adv-header-id-meta":"","stick-header-meta":"","header-above-stick-meta":"","header-main-stick-meta":"","header-below-stick-meta":"","astra-migrate-meta-layouts":"default","ast-page-background-enabled":"default","ast-page-background-meta":{"desktop":{"background-color":"","background-image":"","background-repeat":"repeat","background-position":"center center","background-size":"auto","background-attachment":"scroll","background-type":"","background-media":"","overlay-type":"","overlay-color":"","overlay-opacity":"","overlay-gradient":""},"tablet":{"background-color":"","background-image":"","background-repeat":"repeat","background-position":"center center","background-size":"auto","background-attachment":"scroll","background-type":"","background-media":"","overlay-type":"","overlay-color":"","overlay-opacity":"","overlay-gradient":""},"mobile":{"background-color":"","background-image":"","background-repeat":"repeat","background-position":"center center","background-size":"auto","background-attachment":"scroll","background-type":"","background-media":"","overlay-type":"","overlay-color":"","overlay-opacity":"","overlay-gradient":""}},"ast-content-background-meta":{"desktop":{"background-color":"var(--ast-global-color-5)","background-image":"","background-repeat":"repeat","background-position":"center center","background-size":"auto","background-attachment":"scroll","background-type":"","background-media":"","overlay-type":"","overlay-color":"","overlay-opacity":"","overlay-gradient":""},"tablet":{"background-color":"var(--ast-global-color-5)","background-image":"","background-repeat":"repeat","background-position":"center center","background-size":"auto","background-attachment":"scroll","background-type":"","background-media":"","overlay-type":"","overlay-color":"","overlay-opacity":"","overlay-gradient":""},"mobile":{"background-color":"var(--ast-global-color-5)","background-image":"","background-repeat":"repeat","background-position":"center center","background-size":"auto","background-attachment":"scroll","background-type":"","background-media":"","overlay-type":"","overlay-color":"","overlay-opacity":"","overlay-gradient":""}}},"product_brand":[],"product_cat":[1752],"product_tag":[1756,1763,1724],"class_list":{"0":"post-17757","1":"product","2":"type-product","3":"status-publish","4":"has-post-thumbnail","6":"product_cat-ostalo-bilje","7":"product_tag-caj-hr","8":"product_tag-ljekovita-biljka","9":"product_tag-zut","10":"desktop-align-left","11":"tablet-align-left","12":"mobile-align-left","13":"ast-product-gallery-layout-horizontal","14":"ast-product-gallery-with-no-image","15":"ast-product-tabs-layout-horizontal","16":"ast-qv-on-image","18":"first","19":"outofstock","20":"taxable","21":"shipping-taxable","22":"purchasable","23":"product-type-simple"},"aioseo_notices":[],"_links":{"self":[{"href":"https:\/\/flanca.si\/hr\/wp-json\/wp\/v2\/product\/17757","targetHints":{"allow":["GET"]}}],"collection":[{"href":"https:\/\/flanca.si\/hr\/wp-json\/wp\/v2\/product"}],"about":[{"href":"https:\/\/flanca.si\/hr\/wp-json\/wp\/v2\/types\/product"}],"wp:featuredmedia":[{"embeddable":true,"href":"https:\/\/flanca.si\/hr\/wp-json\/wp\/v2\/media\/17758"}],"wp:attachment":[{"href":"https:\/\/flanca.si\/hr\/wp-json\/wp\/v2\/media?parent=17757"}],"wp:term":[{"taxonomy":"product_brand","embeddable":true,"href":"https:\/\/flanca.si\/hr\/wp-json\/wp\/v2\/product_brand?post=17757"},{"taxonomy":"product_cat","embeddable":true,"href":"https:\/\/flanca.si\/hr\/wp-json\/wp\/v2\/product_cat?post=17757"},{"taxonomy":"product_tag","embeddable":true,"href":"https:\/\/flanca.si\/hr\/wp-json\/wp\/v2\/product_tag?post=17757"}],"curies":[{"name":"wp","href":"https:\/\/api.w.org\/{rel}","templated":true}]}}