{"id":17736,"date":"2022-02-09T13:34:22","date_gmt":"2022-02-09T12:34:22","guid":{"rendered":"https:\/\/flanca.si\/izdelek\/bodika-zlatni-mljekar\/"},"modified":"2022-02-09T13:34:22","modified_gmt":"2022-02-09T12:34:22","slug":"bodika-zlatni-mljekar","status":"publish","type":"product","link":"https:\/\/flanca.si\/hr\/proizvod\/bodika-zlatni-mljekar\/","title":{"rendered":"Bodika &#8216;Zlatni mljekar&#8217;"},"content":{"rendered":"<p>Bodljikavo je grm ili malo drvo, visoko pet stopa, iznimno do deset metara. U prirodi raste kao grm. Kora je glatka, tamnozelena i tanka, a kasnije pepeljasto siva i ispucala. Korijenov sustav je vrlo mo\u0107an i razgranat, glavni korijen ve\u0107 kod mladih biljaka ide duboko u zemlju. Listovi su ko\u017easti, sjajni, zimzeleni, ovalni i bodljikavi. U svibnju se na listi\u0107ima pojavljuju bijelo-\u017eu\u0107kasti cvjetovi. \u017denske biljke su u jesen bogato oblo\u017eene crvenim ko\u0161ti\u010davim plodovima. Trn se mo\u017ee uzgajati u vrtovima kao samostalni grm, mo\u017ee se kombinirati s vi\u0161im stablom, listopadnim i crnogori\u010dnim. Raste na sjenovitim i sun\u010danim polo\u017eajima. Korisna je i kao \u017eivica. Biljka se mo\u017ee orezati u razli\u010dite oblike. Sorta &#8216;Golden Milkboy&#8217; sporo je rastu\u0107i, zimzeleni grm. Tamnozeleni listovi imaju sredi\u0161te \u017eute boje. Biljka tvori samo mu\u0161ke cvatove, pa se ne stvaraju crveni plodovi. Visina nadzemnog dijela sadnice: 20 &#8211; 30 cm      <\/p>\n","protected":false},"excerpt":{"rendered":"<ul>\n<li><em>Ilex aquifolium &#8216;Zlatni mljekar&#8217;<\/em><\/li>\n<li>zimzelene \u017eivice<\/li>\n<li>sporo rastu\u0107a, kompaktna trajnica<\/li>\n<li>Biljke se mogu slobodno oblikovati rezom<\/li>\n<li>ne stvara crvene plodove<\/li>\n<li>visina sadnice: 20 &#8211; 30 cm<\/li>\n<\/ul>\n<h4><strong>Pakirana 1 sadnica odjednom!<\/strong><\/h4>\n","protected":false},"featured_media":17738,"template":"","meta":{"site-sidebar-layout":"default","site-content-layout":"default","ast-site-content-layout":"default","site-content-style":"default","site-sidebar-style":"default","ast-global-header-display":"","ast-banner-title-visibility":"","ast-main-header-display":"","ast-hfb-above-header-display":"","ast-hfb-below-header-display":"","ast-hfb-mobile-header-display":"","site-post-title":"","ast-breadcrumbs-content":"","ast-featured-img":"","footer-sml-layout":"","ast-disable-related-posts":"","theme-transparent-header-meta":"default","adv-header-id-meta":"","stick-header-meta":"default","header-above-stick-meta":"","header-main-stick-meta":"","header-below-stick-meta":"","astra-migrate-meta-layouts":"default","ast-page-background-enabled":"default","ast-page-background-meta":{"desktop":{"background-color":"","background-image":"","background-repeat":"repeat","background-position":"center center","background-size":"auto","background-attachment":"scroll","background-type":"","background-media":"","overlay-type":"","overlay-color":"","overlay-opacity":"","overlay-gradient":""},"tablet":{"background-color":"","background-image":"","background-repeat":"repeat","background-position":"center center","background-size":"auto","background-attachment":"scroll","background-type":"","background-media":"","overlay-type":"","overlay-color":"","overlay-opacity":"","overlay-gradient":""},"mobile":{"background-color":"","background-image":"","background-repeat":"repeat","background-position":"center center","background-size":"auto","background-attachment":"scroll","background-type":"","background-media":"","overlay-type":"","overlay-color":"","overlay-opacity":"","overlay-gradient":""}},"ast-content-background-meta":{"desktop":{"background-color":"var(--ast-global-color-5)","background-image":"","background-repeat":"repeat","background-position":"center center","background-size":"auto","background-attachment":"scroll","background-type":"","background-media":"","overlay-type":"","overlay-color":"","overlay-opacity":"","overlay-gradient":""},"tablet":{"background-color":"var(--ast-global-color-5)","background-image":"","background-repeat":"repeat","background-position":"center center","background-size":"auto","background-attachment":"scroll","background-type":"","background-media":"","overlay-type":"","overlay-color":"","overlay-opacity":"","overlay-gradient":""},"mobile":{"background-color":"var(--ast-global-color-5)","background-image":"","background-repeat":"repeat","background-position":"center center","background-size":"auto","background-attachment":"scroll","background-type":"","background-media":"","overlay-type":"","overlay-color":"","overlay-opacity":"","overlay-gradient":""}}},"product_brand":[],"product_cat":[1916],"product_tag":[1869,1829,1838],"class_list":{"0":"post-17736","1":"product","2":"type-product","3":"status-publish","4":"has-post-thumbnail","6":"product_cat-grmlje-i-drvece","7":"product_tag-cvjetnjaci","8":"product_tag-kamenjari","9":"product_tag-zimzelena-trajnica-hr","10":"desktop-align-left","11":"tablet-align-left","12":"mobile-align-left","13":"ast-product-gallery-layout-horizontal","14":"ast-product-gallery-with-no-image","15":"ast-product-tabs-layout-horizontal","16":"ast-qv-on-image","18":"first","19":"instock","20":"taxable","21":"shipping-taxable","22":"purchasable","23":"product-type-simple"},"aioseo_notices":[],"_links":{"self":[{"href":"https:\/\/flanca.si\/hr\/wp-json\/wp\/v2\/product\/17736","targetHints":{"allow":["GET"]}}],"collection":[{"href":"https:\/\/flanca.si\/hr\/wp-json\/wp\/v2\/product"}],"about":[{"href":"https:\/\/flanca.si\/hr\/wp-json\/wp\/v2\/types\/product"}],"wp:featuredmedia":[{"embeddable":true,"href":"https:\/\/flanca.si\/hr\/wp-json\/wp\/v2\/media\/17738"}],"wp:attachment":[{"href":"https:\/\/flanca.si\/hr\/wp-json\/wp\/v2\/media?parent=17736"}],"wp:term":[{"taxonomy":"product_brand","embeddable":true,"href":"https:\/\/flanca.si\/hr\/wp-json\/wp\/v2\/product_brand?post=17736"},{"taxonomy":"product_cat","embeddable":true,"href":"https:\/\/flanca.si\/hr\/wp-json\/wp\/v2\/product_cat?post=17736"},{"taxonomy":"product_tag","embeddable":true,"href":"https:\/\/flanca.si\/hr\/wp-json\/wp\/v2\/product_tag?post=17736"}],"curies":[{"name":"wp","href":"https:\/\/api.w.org\/{rel}","templated":true}]}}