{"id":17731,"date":"2022-02-09T14:02:06","date_gmt":"2022-02-09T13:02:06","guid":{"rendered":"https:\/\/flanca.si\/izdelek\/divlja-ruza-sipak\/"},"modified":"2022-02-09T14:02:06","modified_gmt":"2022-02-09T13:02:06","slug":"divlja-ruza-sipak","status":"publish","type":"product","link":"https:\/\/flanca.si\/hr\/proizvod\/divlja-ruza-sipak\/","title":{"rendered":"Divlja ru\u017ea &#8211; \u0161ipak"},"content":{"rendered":"<p>\u0160ipak je grm koji se mo\u017ee na\u0107i na \u0161umskim stazama i stazama i mo\u017ee dose\u0107i visinu od dva metra. Biljka nema visoke zahtjeve za supstratom &#8211; raste u gotovo svakom, dobro dreniranom i umjereno vla\u017enom tlu. Cvijet je ugodno mirisan, tamno ru\u017ei\u010dast do bijel, jednostavan. Cvate u prolje\u0107e. \u0160ipak i ru\u017ee vrlo su korisne biljke. Osim \u0161to njihova ljepota i miris izvrsno utje\u010du na raspolo\u017eenje, mo\u017eete ih koristiti i u kuhinji. Listovi, cvjetovi i plodovi su jestivi. Divlja ru\u017ea mo\u017ee se koristiti za stvaranje neobra\u0111enih \u017eivica. Visina nadzemnog dijela sadnice: 30 &#8211; 50 cm   <\/p>\n","protected":false},"excerpt":{"rendered":"<ul>\n<li><em>Rosa canina<\/em><\/li>\n<li>Ru\u017ei\u010dasto cvije\u0107e<\/li>\n<li>cvjetna trajnica<\/li>\n<li>cvjeta u lipnju i srpnju<\/li>\n<li>Visina biljke: 30 &#8211; 50 cm<\/li>\n<\/ul>\n<h4><strong>Pakirana 1 sadnica odjednom!<\/strong><\/h4>\n","protected":false},"featured_media":17733,"template":"","meta":{"site-sidebar-layout":"default","site-content-layout":"default","ast-site-content-layout":"default","site-content-style":"default","site-sidebar-style":"default","ast-global-header-display":"","ast-banner-title-visibility":"","ast-main-header-display":"","ast-hfb-above-header-display":"","ast-hfb-below-header-display":"","ast-hfb-mobile-header-display":"","site-post-title":"","ast-breadcrumbs-content":"","ast-featured-img":"","footer-sml-layout":"","ast-disable-related-posts":"","theme-transparent-header-meta":"default","adv-header-id-meta":"","stick-header-meta":"default","header-above-stick-meta":"","header-main-stick-meta":"","header-below-stick-meta":"","astra-migrate-meta-layouts":"default","ast-page-background-enabled":"default","ast-page-background-meta":{"desktop":{"background-color":"","background-image":"","background-repeat":"repeat","background-position":"center center","background-size":"auto","background-attachment":"scroll","background-type":"","background-media":"","overlay-type":"","overlay-color":"","overlay-opacity":"","overlay-gradient":""},"tablet":{"background-color":"","background-image":"","background-repeat":"repeat","background-position":"center center","background-size":"auto","background-attachment":"scroll","background-type":"","background-media":"","overlay-type":"","overlay-color":"","overlay-opacity":"","overlay-gradient":""},"mobile":{"background-color":"","background-image":"","background-repeat":"repeat","background-position":"center center","background-size":"auto","background-attachment":"scroll","background-type":"","background-media":"","overlay-type":"","overlay-color":"","overlay-opacity":"","overlay-gradient":""}},"ast-content-background-meta":{"desktop":{"background-color":"var(--ast-global-color-5)","background-image":"","background-repeat":"repeat","background-position":"center center","background-size":"auto","background-attachment":"scroll","background-type":"","background-media":"","overlay-type":"","overlay-color":"","overlay-opacity":"","overlay-gradient":""},"tablet":{"background-color":"var(--ast-global-color-5)","background-image":"","background-repeat":"repeat","background-position":"center center","background-size":"auto","background-attachment":"scroll","background-type":"","background-media":"","overlay-type":"","overlay-color":"","overlay-opacity":"","overlay-gradient":""},"mobile":{"background-color":"var(--ast-global-color-5)","background-image":"","background-repeat":"repeat","background-position":"center center","background-size":"auto","background-attachment":"scroll","background-type":"","background-media":"","overlay-type":"","overlay-color":"","overlay-opacity":"","overlay-gradient":""}}},"product_brand":[],"product_cat":[1916],"product_tag":[1869,2011,2229],"class_list":{"0":"post-17731","1":"product","2":"type-product","3":"status-publish","4":"has-post-thumbnail","6":"product_cat-grmlje-i-drvece","7":"product_tag-cvjetnjaci","8":"product_tag-ruza","9":"product_tag-zivice","10":"product_shipping_class-osobno-preuzimanje","11":"desktop-align-left","12":"tablet-align-left","13":"mobile-align-left","14":"ast-product-gallery-layout-horizontal","15":"ast-product-gallery-with-no-image","16":"ast-product-tabs-layout-horizontal","17":"ast-qv-on-image","19":"first","20":"outofstock","21":"taxable","22":"shipping-taxable","23":"purchasable","24":"product-type-simple"},"aioseo_notices":[],"_links":{"self":[{"href":"https:\/\/flanca.si\/hr\/wp-json\/wp\/v2\/product\/17731","targetHints":{"allow":["GET"]}}],"collection":[{"href":"https:\/\/flanca.si\/hr\/wp-json\/wp\/v2\/product"}],"about":[{"href":"https:\/\/flanca.si\/hr\/wp-json\/wp\/v2\/types\/product"}],"wp:featuredmedia":[{"embeddable":true,"href":"https:\/\/flanca.si\/hr\/wp-json\/wp\/v2\/media\/17733"}],"wp:attachment":[{"href":"https:\/\/flanca.si\/hr\/wp-json\/wp\/v2\/media?parent=17731"}],"wp:term":[{"taxonomy":"product_brand","embeddable":true,"href":"https:\/\/flanca.si\/hr\/wp-json\/wp\/v2\/product_brand?post=17731"},{"taxonomy":"product_cat","embeddable":true,"href":"https:\/\/flanca.si\/hr\/wp-json\/wp\/v2\/product_cat?post=17731"},{"taxonomy":"product_tag","embeddable":true,"href":"https:\/\/flanca.si\/hr\/wp-json\/wp\/v2\/product_tag?post=17731"}],"curies":[{"name":"wp","href":"https:\/\/api.w.org\/{rel}","templated":true}]}}