{"id":17727,"date":"2022-02-09T14:29:12","date_gmt":"2022-02-09T13:29:12","guid":{"rendered":"https:\/\/flanca.si\/izdelek\/americka-borovnica-hortblue-petite-kompaktna-2x-plodna\/"},"modified":"2025-04-19T10:55:48","modified_gmt":"2025-04-19T08:55:48","slug":"americka-borovnica-hortblue-petite-kompaktna-2x-plodna","status":"publish","type":"product","link":"https:\/\/flanca.si\/hr\/proizvod\/americka-borovnica-hortblue-petite-kompaktna-2x-plodna\/","title":{"rendered":"Ameri\u010dka borovnica &#8216;Hortblue Petite&#8217; &#8211; kompaktna, 2x plodna"},"content":{"rendered":"<p><strong>Ameri\u010dka &#8216;Hortblue Petite&#8217;<\/strong> patuljasta je sorta ameri\u010dke borovnice koja je savr\u0161en izbor za manje vrtove ili sadnju u kontejnere. Jedinstvena je sorta koja donosi plodove dva puta godi\u0161nje \u2013 prvi put po\u010detkom ljeta, a drugi put u jesen. Plodovi su srednje veliki, slatki i aromati\u010dni, idealni za svje\u017eu konzumaciju, deserte ili zamrzavanje. Biljka dose\u017ee visinu do 90 cm, gustog rasta i ovalnih, tamnozelenih listova, koji u jesen postaju crvene nijanse. Za najbolju \u017eetvu posadite ga u kiselo, dobro drenirano tlo na sun\u010danom ili polusjenovitom mjestu. Redovito zalijevanje je klju\u010dno, posebno tijekom su\u0161nih razdoblja. U prolje\u0107e se preporu\u010duje gnojidba kiselim gnojivom za borovnice. Obrezivanje se provodi nakon zavr\u0161etka zime \u2013 uklonite stare i o\u0161te\u0107ene izbojke i odr\u017eavajte grm prozra\u010dnim. <strong>Hortblue Petite<\/strong> izvrstan je izbor za vrtove, balkone i terase, jer kombinira kompaktan rast, ukrasnu vrijednost i obilje ukusnih plodova. Idealan je za sve koji \u017eele svje\u017ee borovnice na dohvat ruke tijekom cijele sezone.  <\/p>\n","protected":false},"excerpt":{"rendered":"<ul>\n<li><em>Vaccinium corymbosum &#8216;Hortblue Petite&#8217;<\/em><\/li>\n<li>jedinstvena dvoplodna sorta &#8211; plodovi se beru po\u010detkom ljeta i jeseni<\/li>\n<li>srednje veliko, ukusno vo\u0107e idealno za svje\u017eu konzumaciju ili skladi\u0161tenje<\/li>\n<li>Zbog svog kompaktnog rasta pogodan je i za sadnju u ve\u0107e posude<\/li>\n<li>Uzgoj u tresetu ili kiselom supstratu <\/li>\n<\/ul>\n<h4><strong>Pakirana 1 sadnica odjednom!<\/strong><\/h4>\n","protected":false},"featured_media":17729,"template":"","meta":{"site-sidebar-layout":"default","site-content-layout":"default","ast-site-content-layout":"default","site-content-style":"default","site-sidebar-style":"default","ast-global-header-display":"","ast-banner-title-visibility":"","ast-main-header-display":"","ast-hfb-above-header-display":"","ast-hfb-below-header-display":"","ast-hfb-mobile-header-display":"","site-post-title":"","ast-breadcrumbs-content":"","ast-featured-img":"","footer-sml-layout":"","ast-disable-related-posts":"","theme-transparent-header-meta":"default","adv-header-id-meta":"","stick-header-meta":"default","header-above-stick-meta":"","header-main-stick-meta":"","header-below-stick-meta":"","astra-migrate-meta-layouts":"default","ast-page-background-enabled":"default","ast-page-background-meta":{"desktop":{"background-color":"","background-image":"","background-repeat":"repeat","background-position":"center center","background-size":"auto","background-attachment":"scroll","background-type":"","background-media":"","overlay-type":"","overlay-color":"","overlay-opacity":"","overlay-gradient":""},"tablet":{"background-color":"","background-image":"","background-repeat":"repeat","background-position":"center center","background-size":"auto","background-attachment":"scroll","background-type":"","background-media":"","overlay-type":"","overlay-color":"","overlay-opacity":"","overlay-gradient":""},"mobile":{"background-color":"","background-image":"","background-repeat":"repeat","background-position":"center center","background-size":"auto","background-attachment":"scroll","background-type":"","background-media":"","overlay-type":"","overlay-color":"","overlay-opacity":"","overlay-gradient":""}},"ast-content-background-meta":{"desktop":{"background-color":"var(--ast-global-color-5)","background-image":"","background-repeat":"repeat","background-position":"center center","background-size":"auto","background-attachment":"scroll","background-type":"","background-media":"","overlay-type":"","overlay-color":"","overlay-opacity":"","overlay-gradient":""},"tablet":{"background-color":"var(--ast-global-color-5)","background-image":"","background-repeat":"repeat","background-position":"center center","background-size":"auto","background-attachment":"scroll","background-type":"","background-media":"","overlay-type":"","overlay-color":"","overlay-opacity":"","overlay-gradient":""},"mobile":{"background-color":"var(--ast-global-color-5)","background-image":"","background-repeat":"repeat","background-position":"center center","background-size":"auto","background-attachment":"scroll","background-type":"","background-media":"","overlay-type":"","overlay-color":"","overlay-opacity":"","overlay-gradient":""}}},"product_brand":[],"product_cat":[1903],"product_tag":[2160,1908,2159,1771],"class_list":{"0":"post-17727","1":"product","2":"type-product","3":"status-publish","4":"has-post-thumbnail","6":"product_cat-jagode-hr","7":"product_tag-americka-borovnica","8":"product_tag-telugu-hr-5","9":"product_tag-terasa-hr","10":"product_tag-vitamini-hr","11":"desktop-align-left","12":"tablet-align-left","13":"mobile-align-left","14":"ast-product-gallery-layout-horizontal","15":"ast-product-gallery-with-no-image","16":"ast-product-tabs-layout-horizontal","17":"ast-qv-on-image","19":"first","20":"outofstock","21":"taxable","22":"shipping-taxable","23":"purchasable","24":"product-type-simple"},"aioseo_notices":[],"_links":{"self":[{"href":"https:\/\/flanca.si\/hr\/wp-json\/wp\/v2\/product\/17727","targetHints":{"allow":["GET"]}}],"collection":[{"href":"https:\/\/flanca.si\/hr\/wp-json\/wp\/v2\/product"}],"about":[{"href":"https:\/\/flanca.si\/hr\/wp-json\/wp\/v2\/types\/product"}],"wp:featuredmedia":[{"embeddable":true,"href":"https:\/\/flanca.si\/hr\/wp-json\/wp\/v2\/media\/17729"}],"wp:attachment":[{"href":"https:\/\/flanca.si\/hr\/wp-json\/wp\/v2\/media?parent=17727"}],"wp:term":[{"taxonomy":"product_brand","embeddable":true,"href":"https:\/\/flanca.si\/hr\/wp-json\/wp\/v2\/product_brand?post=17727"},{"taxonomy":"product_cat","embeddable":true,"href":"https:\/\/flanca.si\/hr\/wp-json\/wp\/v2\/product_cat?post=17727"},{"taxonomy":"product_tag","embeddable":true,"href":"https:\/\/flanca.si\/hr\/wp-json\/wp\/v2\/product_tag?post=17727"}],"curies":[{"name":"wp","href":"https:\/\/api.w.org\/{rel}","templated":true}]}}