{"id":17705,"date":"2022-02-09T15:14:22","date_gmt":"2022-02-09T14:14:22","guid":{"rendered":"https:\/\/flanca.si\/izdelek\/lovor-ani-pbr-visina-50-60-cm\/"},"modified":"2022-02-09T15:14:22","modified_gmt":"2022-02-09T14:14:22","slug":"lovor-ani-pbr-visina-50-60-cm","status":"publish","type":"product","link":"https:\/\/flanca.si\/hr\/proizvod\/lovor-ani-pbr-visina-50-60-cm\/","title":{"rendered":"Lovor &#8216;Ani&#8217; PBR visina: 50-60 cm"},"content":{"rendered":"<p>Zimzeleni grm srednje veli\u010dine, karakteriziran \u0161irokim grananjem. Naraste negdje do 2 m visine. Zbog svog kompaktnog rasta pogodan je i za ni\u017ee sadnje. Listovi su tamnozeleni, manji, sfernog oblika. Mladi izbojci su bron\u010dane do crvene boje. U svibnju biljka razvija bijele cvjetove u obliku klasa, a u kolovozu sazrijevaju mali, okrugli plodovi koji nisu prikladni za konzumaciju. Sorta podnosi niske temperature, ljetnu su\u0161u i vru\u0107inu, kao i sol u tlu. Raste u svim vrstama tla u sun\u010danom, polusjenovitom polo\u017eaju ili sjenovitom polo\u017eaju. Visina nadzemnog dijela sadnice: 50 &#8211; 60 cm  <\/p>\n","protected":false},"excerpt":{"rendered":"<p>&nbsp;<\/p>\n<ul>\n<li>Prunus Laurocerasus &#8216;Ani&#8217; PBR<\/li>\n<li>Srednje velika, kompaktna sorta<\/li>\n<li>pogodno za \u017eivice<\/li>\n<li>zimzeleni grm<\/li>\n<li>Mladi listovi obojeni su crvenom bojom<\/li>\n<li>Biljka otporna na hladno\u0107u, su\u0161u, vru\u0107inu<\/li>\n<li>Visina sadnice: 50 -60 cm<\/li>\n<\/ul>\n<h4><strong>Pakirana 1 sadnica odjednom!<\/strong><\/h4>\n","protected":false},"featured_media":17706,"template":"","meta":{"site-sidebar-layout":"default","site-content-layout":"default","ast-site-content-layout":"default","site-content-style":"default","site-sidebar-style":"default","ast-global-header-display":"","ast-banner-title-visibility":"","ast-main-header-display":"","ast-hfb-above-header-display":"","ast-hfb-below-header-display":"","ast-hfb-mobile-header-display":"","site-post-title":"","ast-breadcrumbs-content":"","ast-featured-img":"","footer-sml-layout":"","ast-disable-related-posts":"","theme-transparent-header-meta":"default","adv-header-id-meta":"","stick-header-meta":"default","header-above-stick-meta":"","header-main-stick-meta":"","header-below-stick-meta":"","astra-migrate-meta-layouts":"default","ast-page-background-enabled":"default","ast-page-background-meta":{"desktop":{"background-color":"","background-image":"","background-repeat":"repeat","background-position":"center center","background-size":"auto","background-attachment":"scroll","background-type":"","background-media":"","overlay-type":"","overlay-color":"","overlay-opacity":"","overlay-gradient":""},"tablet":{"background-color":"","background-image":"","background-repeat":"repeat","background-position":"center center","background-size":"auto","background-attachment":"scroll","background-type":"","background-media":"","overlay-type":"","overlay-color":"","overlay-opacity":"","overlay-gradient":""},"mobile":{"background-color":"","background-image":"","background-repeat":"repeat","background-position":"center center","background-size":"auto","background-attachment":"scroll","background-type":"","background-media":"","overlay-type":"","overlay-color":"","overlay-opacity":"","overlay-gradient":""}},"ast-content-background-meta":{"desktop":{"background-color":"var(--ast-global-color-5)","background-image":"","background-repeat":"repeat","background-position":"center center","background-size":"auto","background-attachment":"scroll","background-type":"","background-media":"","overlay-type":"","overlay-color":"","overlay-opacity":"","overlay-gradient":""},"tablet":{"background-color":"var(--ast-global-color-5)","background-image":"","background-repeat":"repeat","background-position":"center center","background-size":"auto","background-attachment":"scroll","background-type":"","background-media":"","overlay-type":"","overlay-color":"","overlay-opacity":"","overlay-gradient":""},"mobile":{"background-color":"var(--ast-global-color-5)","background-image":"","background-repeat":"repeat","background-position":"center center","background-size":"auto","background-attachment":"scroll","background-type":"","background-media":"","overlay-type":"","overlay-color":"","overlay-opacity":"","overlay-gradient":""}}},"product_brand":[],"product_cat":[1936],"product_tag":[1917,1935,1838,1930],"class_list":{"0":"post-17705","1":"product","2":"type-product","3":"status-publish","4":"has-post-thumbnail","6":"product_cat-lovorovi-ili-prunus","7":"product_tag-grm","8":"product_tag-lovor-hr","9":"product_tag-zimzelena-trajnica-hr","10":"product_tag-ziva-ograda","11":"desktop-align-left","12":"tablet-align-left","13":"mobile-align-left","14":"ast-product-gallery-layout-horizontal","15":"ast-product-gallery-with-no-image","16":"ast-product-tabs-layout-horizontal","17":"ast-qv-on-image","19":"first","20":"outofstock","21":"taxable","22":"shipping-taxable","23":"purchasable","24":"product-type-simple"},"aioseo_notices":[],"_links":{"self":[{"href":"https:\/\/flanca.si\/hr\/wp-json\/wp\/v2\/product\/17705","targetHints":{"allow":["GET"]}}],"collection":[{"href":"https:\/\/flanca.si\/hr\/wp-json\/wp\/v2\/product"}],"about":[{"href":"https:\/\/flanca.si\/hr\/wp-json\/wp\/v2\/types\/product"}],"wp:featuredmedia":[{"embeddable":true,"href":"https:\/\/flanca.si\/hr\/wp-json\/wp\/v2\/media\/17706"}],"wp:attachment":[{"href":"https:\/\/flanca.si\/hr\/wp-json\/wp\/v2\/media?parent=17705"}],"wp:term":[{"taxonomy":"product_brand","embeddable":true,"href":"https:\/\/flanca.si\/hr\/wp-json\/wp\/v2\/product_brand?post=17705"},{"taxonomy":"product_cat","embeddable":true,"href":"https:\/\/flanca.si\/hr\/wp-json\/wp\/v2\/product_cat?post=17705"},{"taxonomy":"product_tag","embeddable":true,"href":"https:\/\/flanca.si\/hr\/wp-json\/wp\/v2\/product_tag?post=17705"}],"curies":[{"name":"wp","href":"https:\/\/api.w.org\/{rel}","templated":true}]}}