{"id":17702,"date":"2022-02-10T12:18:06","date_gmt":"2022-02-10T11:18:06","guid":{"rendered":"https:\/\/flanca.si\/izdelek\/humko-duga-svjetla-3-gornji-sloj-50-l\/"},"modified":"2022-02-10T12:18:06","modified_gmt":"2022-02-10T11:18:06","slug":"humko-duga-svjetla-3-gornji-sloj-50-l","status":"publish","type":"product","link":"https:\/\/flanca.si\/hr\/proizvod\/humko-duga-svjetla-3-gornji-sloj-50-l\/","title":{"rendered":"HUMKO duga svjetla 3, gornji sloj, 50 l"},"content":{"rendered":"<p>Profesionalno tlo za duge zrake. Duga svjetla 3 mje\u0161avina su visokokvalitetnih organskih i mineralnih komponenti za uzgoj povr\u0107a. Hortikulturno tlo za gornji sloj rasta sastoji se od zelenog komposta, humusa gliste, gline, plavca, zeolita, drvenih vlakana i kamene vune. Omogu\u0107uje brz i ujedna\u010den razvoj korijena sadnica. Ve\u0107i udio gline i zeolita daje supstratu ve\u0107i kapacitet vode. Visok udio komposta i humusa gliste omogu\u0107uje visoku mikrobnu aktivnost i dobar razvoj korijenskog sustava. Gornji sloj postavljen je u razini dlana. Pakirano u 50 l svaki. <\/p>\n","protected":false},"excerpt":{"rendered":"<ul>\n<li>Profesionalno tlo za duga svjetla<\/li>\n<li>za gornji rastu\u0107i sloj<\/li>\n<li>Brz i ujedna\u010den razvoj korijena<\/li>\n<li>omogu\u0107uje visoku mikrobiolo\u0161ku aktivnost<\/li>\n<li>Ve\u0107i kapacitet vode<\/li>\n<li>pakirano u vre\u0107e od 50 L<\/li>\n<\/ul>\n","protected":false},"featured_media":17704,"template":"","meta":{"site-sidebar-layout":"default","site-content-layout":"default","ast-site-content-layout":"default","site-content-style":"default","site-sidebar-style":"default","ast-global-header-display":"","ast-banner-title-visibility":"","ast-main-header-display":"","ast-hfb-above-header-display":"","ast-hfb-below-header-display":"","ast-hfb-mobile-header-display":"","site-post-title":"","ast-breadcrumbs-content":"","ast-featured-img":"","footer-sml-layout":"","ast-disable-related-posts":"","theme-transparent-header-meta":"","adv-header-id-meta":"","stick-header-meta":"","header-above-stick-meta":"","header-main-stick-meta":"","header-below-stick-meta":"","astra-migrate-meta-layouts":"default","ast-page-background-enabled":"default","ast-page-background-meta":{"desktop":{"background-color":"","background-image":"","background-repeat":"repeat","background-position":"center center","background-size":"auto","background-attachment":"scroll","background-type":"","background-media":"","overlay-type":"","overlay-color":"","overlay-opacity":"","overlay-gradient":""},"tablet":{"background-color":"","background-image":"","background-repeat":"repeat","background-position":"center center","background-size":"auto","background-attachment":"scroll","background-type":"","background-media":"","overlay-type":"","overlay-color":"","overlay-opacity":"","overlay-gradient":""},"mobile":{"background-color":"","background-image":"","background-repeat":"repeat","background-position":"center center","background-size":"auto","background-attachment":"scroll","background-type":"","background-media":"","overlay-type":"","overlay-color":"","overlay-opacity":"","overlay-gradient":""}},"ast-content-background-meta":{"desktop":{"background-color":"var(--ast-global-color-5)","background-image":"","background-repeat":"repeat","background-position":"center center","background-size":"auto","background-attachment":"scroll","background-type":"","background-media":"","overlay-type":"","overlay-color":"","overlay-opacity":"","overlay-gradient":""},"tablet":{"background-color":"var(--ast-global-color-5)","background-image":"","background-repeat":"repeat","background-position":"center center","background-size":"auto","background-attachment":"scroll","background-type":"","background-media":"","overlay-type":"","overlay-color":"","overlay-opacity":"","overlay-gradient":""},"mobile":{"background-color":"var(--ast-global-color-5)","background-image":"","background-repeat":"repeat","background-position":"center center","background-size":"auto","background-attachment":"scroll","background-type":"","background-media":"","overlay-type":"","overlay-color":"","overlay-opacity":"","overlay-gradient":""}}},"product_brand":[],"product_cat":[2036],"product_tag":[1732,1677,2259],"class_list":{"0":"post-17702","1":"product","2":"type-product","3":"status-publish","4":"has-post-thumbnail","6":"product_cat-supstrati","7":"product_tag-duga-svjetla","8":"product_tag-povrce","9":"product_tag-zemlja-hr","10":"product_shipping_class-osobno-preuzimanje","11":"desktop-align-left","12":"tablet-align-left","13":"mobile-align-left","14":"ast-product-gallery-layout-horizontal","15":"ast-product-gallery-with-no-image","16":"ast-product-tabs-layout-horizontal","17":"ast-qv-on-image","19":"first","20":"outofstock","21":"taxable","22":"shipping-taxable","23":"purchasable","24":"product-type-simple"},"aioseo_notices":[],"_links":{"self":[{"href":"https:\/\/flanca.si\/hr\/wp-json\/wp\/v2\/product\/17702","targetHints":{"allow":["GET"]}}],"collection":[{"href":"https:\/\/flanca.si\/hr\/wp-json\/wp\/v2\/product"}],"about":[{"href":"https:\/\/flanca.si\/hr\/wp-json\/wp\/v2\/types\/product"}],"wp:featuredmedia":[{"embeddable":true,"href":"https:\/\/flanca.si\/hr\/wp-json\/wp\/v2\/media\/17704"}],"wp:attachment":[{"href":"https:\/\/flanca.si\/hr\/wp-json\/wp\/v2\/media?parent=17702"}],"wp:term":[{"taxonomy":"product_brand","embeddable":true,"href":"https:\/\/flanca.si\/hr\/wp-json\/wp\/v2\/product_brand?post=17702"},{"taxonomy":"product_cat","embeddable":true,"href":"https:\/\/flanca.si\/hr\/wp-json\/wp\/v2\/product_cat?post=17702"},{"taxonomy":"product_tag","embeddable":true,"href":"https:\/\/flanca.si\/hr\/wp-json\/wp\/v2\/product_tag?post=17702"}],"curies":[{"name":"wp","href":"https:\/\/api.w.org\/{rel}","templated":true}]}}