{"id":17697,"date":"2022-02-12T09:16:30","date_gmt":"2022-02-12T08:16:30","guid":{"rendered":"https:\/\/flanca.si\/izdelek\/humko-kompost-za-presadivanje-50-l\/"},"modified":"2022-02-12T09:16:30","modified_gmt":"2022-02-12T08:16:30","slug":"humko-kompost-za-presadivanje-50-l","status":"publish","type":"product","link":"https:\/\/flanca.si\/hr\/proizvod\/humko-kompost-za-presadivanje-50-l\/","title":{"rendered":"HUMKO kompost za presa\u0111ivanje 50 L"},"content":{"rendered":"<p>Osnovni hortikulturni supstrat za presa\u0111ivanje. Kompost za presa\u0111ivanje koristi se za izravnu sadnju i potpuno je prirodna smjesa koja je dopu\u0161tena i u organskoj proizvodnji. Sadr\u017ei potpuno fermentirani i zreli kompost. Grbavi kompost sadr\u017ei dodatak bijelog treseta za sni\u017eavanje pH vrijednosti, drvenih vlakana, s dodatkom gline i zeolita za pove\u0107anje puferskih svojstava i kapaciteta izmjene.  <\/p>\n","protected":false},"excerpt":{"rendered":"<ul>\n<li>Osnovni vrtlarski supstrat za presa\u0111ivanje<\/li>\n<li>za izravnu sadnju<\/li>\n<li>dopu\u0161teno i u ekolo\u0161koj proizvodnji<\/li>\n<li>sadr\u017ei dodatak bijelog treseta, drvenih vlakana i zeolita<\/li>\n<li>pakirano u vre\u0107e od 50 L<\/li>\n<\/ul>\n","protected":false},"featured_media":17700,"template":"","meta":{"site-sidebar-layout":"default","site-content-layout":"default","ast-site-content-layout":"default","site-content-style":"default","site-sidebar-style":"default","ast-global-header-display":"","ast-banner-title-visibility":"","ast-main-header-display":"","ast-hfb-above-header-display":"","ast-hfb-below-header-display":"","ast-hfb-mobile-header-display":"","site-post-title":"","ast-breadcrumbs-content":"","ast-featured-img":"","footer-sml-layout":"","ast-disable-related-posts":"","theme-transparent-header-meta":"","adv-header-id-meta":"","stick-header-meta":"","header-above-stick-meta":"","header-main-stick-meta":"","header-below-stick-meta":"","astra-migrate-meta-layouts":"default","ast-page-background-enabled":"default","ast-page-background-meta":{"desktop":{"background-color":"","background-image":"","background-repeat":"repeat","background-position":"center center","background-size":"auto","background-attachment":"scroll","background-type":"","background-media":"","overlay-type":"","overlay-color":"","overlay-opacity":"","overlay-gradient":""},"tablet":{"background-color":"","background-image":"","background-repeat":"repeat","background-position":"center center","background-size":"auto","background-attachment":"scroll","background-type":"","background-media":"","overlay-type":"","overlay-color":"","overlay-opacity":"","overlay-gradient":""},"mobile":{"background-color":"","background-image":"","background-repeat":"repeat","background-position":"center center","background-size":"auto","background-attachment":"scroll","background-type":"","background-media":"","overlay-type":"","overlay-color":"","overlay-opacity":"","overlay-gradient":""}},"ast-content-background-meta":{"desktop":{"background-color":"var(--ast-global-color-5)","background-image":"","background-repeat":"repeat","background-position":"center center","background-size":"auto","background-attachment":"scroll","background-type":"","background-media":"","overlay-type":"","overlay-color":"","overlay-opacity":"","overlay-gradient":""},"tablet":{"background-color":"var(--ast-global-color-5)","background-image":"","background-repeat":"repeat","background-position":"center center","background-size":"auto","background-attachment":"scroll","background-type":"","background-media":"","overlay-type":"","overlay-color":"","overlay-opacity":"","overlay-gradient":""},"mobile":{"background-color":"var(--ast-global-color-5)","background-image":"","background-repeat":"repeat","background-position":"center center","background-size":"auto","background-attachment":"scroll","background-type":"","background-media":"","overlay-type":"","overlay-color":"","overlay-opacity":"","overlay-gradient":""}}},"product_brand":[],"product_cat":[2036],"product_tag":[2039,2258,1677,2256,2257],"class_list":{"0":"post-17697","1":"product","2":"type-product","3":"status-publish","4":"has-post-thumbnail","6":"product_cat-supstrati","7":"product_tag-bolji-rast","8":"product_tag-mlaz-vode","9":"product_tag-povrce","10":"product_tag-prosijavanje","11":"product_tag-sadnja","12":"product_shipping_class-osobno-preuzimanje","13":"desktop-align-left","14":"tablet-align-left","15":"mobile-align-left","16":"ast-product-gallery-layout-horizontal","17":"ast-product-gallery-with-no-image","18":"ast-product-tabs-layout-horizontal","19":"ast-qv-on-image","21":"first","22":"instock","23":"taxable","24":"shipping-taxable","25":"purchasable","26":"product-type-simple"},"aioseo_notices":[],"_links":{"self":[{"href":"https:\/\/flanca.si\/hr\/wp-json\/wp\/v2\/product\/17697","targetHints":{"allow":["GET"]}}],"collection":[{"href":"https:\/\/flanca.si\/hr\/wp-json\/wp\/v2\/product"}],"about":[{"href":"https:\/\/flanca.si\/hr\/wp-json\/wp\/v2\/types\/product"}],"wp:featuredmedia":[{"embeddable":true,"href":"https:\/\/flanca.si\/hr\/wp-json\/wp\/v2\/media\/17700"}],"wp:attachment":[{"href":"https:\/\/flanca.si\/hr\/wp-json\/wp\/v2\/media?parent=17697"}],"wp:term":[{"taxonomy":"product_brand","embeddable":true,"href":"https:\/\/flanca.si\/hr\/wp-json\/wp\/v2\/product_brand?post=17697"},{"taxonomy":"product_cat","embeddable":true,"href":"https:\/\/flanca.si\/hr\/wp-json\/wp\/v2\/product_cat?post=17697"},{"taxonomy":"product_tag","embeddable":true,"href":"https:\/\/flanca.si\/hr\/wp-json\/wp\/v2\/product_tag?post=17697"}],"curies":[{"name":"wp","href":"https:\/\/api.w.org\/{rel}","templated":true}]}}