{"id":17673,"date":"2022-03-26T10:13:10","date_gmt":"2022-03-26T09:13:10","guid":{"rendered":"https:\/\/flanca.si\/izdelek\/americka-polinacija-jagoda-narancasta-crvena\/"},"modified":"2022-03-26T10:13:10","modified_gmt":"2022-03-26T09:13:10","slug":"americka-polinacija-jagoda-narancasta-crvena","status":"publish","type":"product","link":"https:\/\/flanca.si\/hr\/proizvod\/americka-polinacija-jagoda-narancasta-crvena\/","title":{"rendered":"Ameri\u010dka polinacija jagoda &#8216;naran\u010dasta crvena&#8217;"},"content":{"rendered":"<p>Ameri\u010dka jagoda sorte Pollynation &#8216;Orange Red&#8217; tvori cvjetove naran\u010daste boje. Upe\u010datljive boje velikih cvjetova u kontrastu su s velikim, sme\u0111im \u010de\u0161erima ovog sun\u010danog cvijeta. Upravo zbog \u017eivopisne igre boja sorta je vrlo popularna me\u0111u vrtlarima i vrtlarima. Ako se biljka kombinira s drugim cvjetnim trajnicama, formira se veliki spektar razli\u010ditih boja i oblika cvije\u0107a. Biljke ove sorte ameri\u010dke jagode narastu do 80 cm visine. Kao i ostale sorte, i ova cvjeta od srpnja do rujna. Biljka je medonosna, pa \u0107emo na njoj prona\u0107i mnogo p\u010dela i bumbara. Ameri\u010dka jagoda uspijeva na ilovastom, dobro dreniranom vrtnom tlu. Odgovara sun\u010danim polo\u017eajima koji su bogato oplo\u0111eni organskom tvari.<br \/>\nU prolje\u0107e se ameri\u010dka jagoda re\u017ee na zemlju. Mo\u017ee se saditi na cvjetnjacima, na pozadini kamenjara, cvjetnjaka. Cvjetovi njegovih velikih i postojanih cvjetova mogu se koristiti i kao rezano cvije\u0107e u aran\u017emanima.  <\/p>\n","protected":false},"excerpt":{"rendered":"<ul>\n<li><em>Echinacea purpurea<\/em><\/li>\n<li>vi\u0161egodi\u0161nji<\/li>\n<li>cvije\u0107e u razli\u010ditim nijansama sunca<\/li>\n<li>Popularna sorta<\/li>\n<li>Medonosna biljka<\/li>\n<li>Mo\u017ee se koristiti za rezano cvije\u0107e<\/li>\n<\/ul>\n<h4><strong>Pakirana 1 sadnica odjednom!<\/strong><\/h4>\n","protected":false},"featured_media":17675,"template":"","meta":{"site-sidebar-layout":"default","site-content-layout":"default","ast-site-content-layout":"default","site-content-style":"default","site-sidebar-style":"default","ast-global-header-display":"","ast-banner-title-visibility":"","ast-main-header-display":"","ast-hfb-above-header-display":"","ast-hfb-below-header-display":"","ast-hfb-mobile-header-display":"","site-post-title":"","ast-breadcrumbs-content":"","ast-featured-img":"","footer-sml-layout":"","ast-disable-related-posts":"","theme-transparent-header-meta":"default","adv-header-id-meta":"","stick-header-meta":"default","header-above-stick-meta":"","header-main-stick-meta":"","header-below-stick-meta":"","astra-migrate-meta-layouts":"default","ast-page-background-enabled":"default","ast-page-background-meta":{"desktop":{"background-color":"","background-image":"","background-repeat":"repeat","background-position":"center center","background-size":"auto","background-attachment":"scroll","background-type":"","background-media":"","overlay-type":"","overlay-color":"","overlay-opacity":"","overlay-gradient":""},"tablet":{"background-color":"","background-image":"","background-repeat":"repeat","background-position":"center center","background-size":"auto","background-attachment":"scroll","background-type":"","background-media":"","overlay-type":"","overlay-color":"","overlay-opacity":"","overlay-gradient":""},"mobile":{"background-color":"","background-image":"","background-repeat":"repeat","background-position":"center center","background-size":"auto","background-attachment":"scroll","background-type":"","background-media":"","overlay-type":"","overlay-color":"","overlay-opacity":"","overlay-gradient":""}},"ast-content-background-meta":{"desktop":{"background-color":"var(--ast-global-color-5)","background-image":"","background-repeat":"repeat","background-position":"center center","background-size":"auto","background-attachment":"scroll","background-type":"","background-media":"","overlay-type":"","overlay-color":"","overlay-opacity":"","overlay-gradient":""},"tablet":{"background-color":"var(--ast-global-color-5)","background-image":"","background-repeat":"repeat","background-position":"center center","background-size":"auto","background-attachment":"scroll","background-type":"","background-media":"","overlay-type":"","overlay-color":"","overlay-opacity":"","overlay-gradient":""},"mobile":{"background-color":"var(--ast-global-color-5)","background-image":"","background-repeat":"repeat","background-position":"center center","background-size":"auto","background-attachment":"scroll","background-type":"","background-media":"","overlay-type":"","overlay-color":"","overlay-opacity":"","overlay-gradient":""}}},"product_brand":[],"product_cat":[1833],"product_tag":[1855,1852,2033,1840],"class_list":{"0":"post-17673","1":"product","2":"type-product","3":"status-publish","4":"has-post-thumbnail","6":"product_cat-biljke-za-korita-i-gredice","7":"product_tag-americka-jagoda","8":"product_tag-rezano-cvijece","9":"product_tag-sareno-cvijece-hr","10":"product_tag-ukrasna-biljka","11":"desktop-align-left","12":"tablet-align-left","13":"mobile-align-left","14":"ast-product-gallery-layout-horizontal","15":"ast-product-gallery-with-no-image","16":"ast-product-tabs-layout-horizontal","17":"ast-qv-on-image","19":"first","20":"outofstock","21":"taxable","22":"shipping-taxable","23":"purchasable","24":"product-type-simple"},"aioseo_notices":[],"_links":{"self":[{"href":"https:\/\/flanca.si\/hr\/wp-json\/wp\/v2\/product\/17673","targetHints":{"allow":["GET"]}}],"collection":[{"href":"https:\/\/flanca.si\/hr\/wp-json\/wp\/v2\/product"}],"about":[{"href":"https:\/\/flanca.si\/hr\/wp-json\/wp\/v2\/types\/product"}],"wp:featuredmedia":[{"embeddable":true,"href":"https:\/\/flanca.si\/hr\/wp-json\/wp\/v2\/media\/17675"}],"wp:attachment":[{"href":"https:\/\/flanca.si\/hr\/wp-json\/wp\/v2\/media?parent=17673"}],"wp:term":[{"taxonomy":"product_brand","embeddable":true,"href":"https:\/\/flanca.si\/hr\/wp-json\/wp\/v2\/product_brand?post=17673"},{"taxonomy":"product_cat","embeddable":true,"href":"https:\/\/flanca.si\/hr\/wp-json\/wp\/v2\/product_cat?post=17673"},{"taxonomy":"product_tag","embeddable":true,"href":"https:\/\/flanca.si\/hr\/wp-json\/wp\/v2\/product_tag?post=17673"}],"curies":[{"name":"wp","href":"https:\/\/api.w.org\/{rel}","templated":true}]}}