{"id":17660,"date":"2022-05-25T10:19:10","date_gmt":"2022-05-25T08:19:10","guid":{"rendered":"https:\/\/flanca.si\/izdelek\/zmijska-bundeva\/"},"modified":"2022-05-25T10:19:10","modified_gmt":"2022-05-25T08:19:10","slug":"zmijska-bundeva","status":"publish","type":"product","link":"https:\/\/flanca.si\/hr\/proizvod\/zmijska-bundeva\/","title":{"rendered":"Zmijska bundeva"},"content":{"rendered":"<p>Zmija tikva je godi\u0161nja penja\u010dica porijeklom iz Indije. Uzgaja se zbog dugih plodova koji se koriste u kuhanju. Uski plodovi mogu dose\u0107i i do 2 m duljine, a okusom podsje\u0107a na okus bundeve Luffa. Za optimalan rast, biljka treba sna\u017enu potporu kako bi plodovi mogli nesmetano rasti. Plodove zapo\u010dinjemo s berbom 2 do 3 mjeseca nakon sjetve ili sadnje, a mo\u017eemo ih brati i do dva mjeseca. Plodovi se beru kad su mladi, a plodovi su dugi izme\u0111u 15 i 20 cm. Kao kuhano povr\u0107e koriste se nezreli plodovi, rje\u0111e mladi izbojci i li\u0161\u0107e zmije bundeve. <\/p>\n","protected":false},"excerpt":{"rendered":"<ul>\n<li><em>Trichosanthes cucumerina<\/em><\/li>\n<li>plodovi duljine do 2m<\/li>\n<li>Mlado vo\u0107e koristi se u kuhanju<\/li>\n<\/ul>\n<h3>Pakirana 1 sadnica odjednom!<\/h3>\n","protected":false},"featured_media":17662,"template":"","meta":{"site-sidebar-layout":"default","site-content-layout":"default","ast-site-content-layout":"default","site-content-style":"default","site-sidebar-style":"default","ast-global-header-display":"","ast-banner-title-visibility":"","ast-main-header-display":"","ast-hfb-above-header-display":"","ast-hfb-below-header-display":"","ast-hfb-mobile-header-display":"","site-post-title":"","ast-breadcrumbs-content":"","ast-featured-img":"","footer-sml-layout":"","ast-disable-related-posts":"","theme-transparent-header-meta":"","adv-header-id-meta":"","stick-header-meta":"","header-above-stick-meta":"","header-main-stick-meta":"","header-below-stick-meta":"","astra-migrate-meta-layouts":"default","ast-page-background-enabled":"default","ast-page-background-meta":{"desktop":{"background-color":"","background-image":"","background-repeat":"repeat","background-position":"center center","background-size":"auto","background-attachment":"scroll","background-type":"","background-media":"","overlay-type":"","overlay-color":"","overlay-opacity":"","overlay-gradient":""},"tablet":{"background-color":"","background-image":"","background-repeat":"repeat","background-position":"center center","background-size":"auto","background-attachment":"scroll","background-type":"","background-media":"","overlay-type":"","overlay-color":"","overlay-opacity":"","overlay-gradient":""},"mobile":{"background-color":"","background-image":"","background-repeat":"repeat","background-position":"center center","background-size":"auto","background-attachment":"scroll","background-type":"","background-media":"","overlay-type":"","overlay-color":"","overlay-opacity":"","overlay-gradient":""}},"ast-content-background-meta":{"desktop":{"background-color":"var(--ast-global-color-5)","background-image":"","background-repeat":"repeat","background-position":"center center","background-size":"auto","background-attachment":"scroll","background-type":"","background-media":"","overlay-type":"","overlay-color":"","overlay-opacity":"","overlay-gradient":""},"tablet":{"background-color":"var(--ast-global-color-5)","background-image":"","background-repeat":"repeat","background-position":"center center","background-size":"auto","background-attachment":"scroll","background-type":"","background-media":"","overlay-type":"","overlay-color":"","overlay-opacity":"","overlay-gradient":""},"mobile":{"background-color":"var(--ast-global-color-5)","background-image":"","background-repeat":"repeat","background-position":"center center","background-size":"auto","background-attachment":"scroll","background-type":"","background-media":"","overlay-type":"","overlay-color":"","overlay-opacity":"","overlay-gradient":""}}},"product_brand":[],"product_cat":[1639],"product_tag":[1600,1601,2207,2253],"class_list":{"0":"post-17660","1":"product","2":"type-product","3":"status-publish","4":"has-post-thumbnail","6":"product_cat-rajcica","7":"product_tag-bucmast-hr","8":"product_tag-jesen-hr","9":"product_tag-kuhinja-hr-2","10":"product_tag-ukrasna-bundeva","11":"desktop-align-left","12":"tablet-align-left","13":"mobile-align-left","14":"ast-product-gallery-layout-horizontal","15":"ast-product-tabs-layout-horizontal","16":"ast-qv-on-image","18":"first","19":"outofstock","20":"taxable","21":"shipping-taxable","22":"purchasable","23":"product-type-simple"},"aioseo_notices":[],"_links":{"self":[{"href":"https:\/\/flanca.si\/hr\/wp-json\/wp\/v2\/product\/17660","targetHints":{"allow":["GET"]}}],"collection":[{"href":"https:\/\/flanca.si\/hr\/wp-json\/wp\/v2\/product"}],"about":[{"href":"https:\/\/flanca.si\/hr\/wp-json\/wp\/v2\/types\/product"}],"wp:featuredmedia":[{"embeddable":true,"href":"https:\/\/flanca.si\/hr\/wp-json\/wp\/v2\/media\/17662"}],"wp:attachment":[{"href":"https:\/\/flanca.si\/hr\/wp-json\/wp\/v2\/media?parent=17660"}],"wp:term":[{"taxonomy":"product_brand","embeddable":true,"href":"https:\/\/flanca.si\/hr\/wp-json\/wp\/v2\/product_brand?post=17660"},{"taxonomy":"product_cat","embeddable":true,"href":"https:\/\/flanca.si\/hr\/wp-json\/wp\/v2\/product_cat?post=17660"},{"taxonomy":"product_tag","embeddable":true,"href":"https:\/\/flanca.si\/hr\/wp-json\/wp\/v2\/product_tag?post=17660"}],"curies":[{"name":"wp","href":"https:\/\/api.w.org\/{rel}","templated":true}]}}