{"id":17639,"date":"2022-05-25T15:45:17","date_gmt":"2022-05-25T13:45:17","guid":{"rendered":"https:\/\/flanca.si\/izdelek\/crni-elder-crni-toranj\/"},"modified":"2022-05-25T15:45:17","modified_gmt":"2022-05-25T13:45:17","slug":"crni-elder-crni-toranj","status":"publish","type":"product","link":"https:\/\/flanca.si\/hr\/proizvod\/crni-elder-crni-toranj\/","title":{"rendered":"Crni Elder Crni toranj"},"content":{"rendered":"<p>Crna kula bazge listopadni je grm s tamnoljubi\u010dastim li\u0161\u0107em. Naraste 2-3 m u visinu. Ukrasna sorta crne bazge, koja u kasno prolje\u0107e razvija ru\u017ei\u010daste cvatove. Kasnije se razvijaju tamnoljubi\u010dasti plodovi koji se prera\u0111uju i tako\u0111er su pogodni za gutanje. Pogodan je za sadnju u korita, male gredice ili \u017eivice. Biljka nije osjetljiva na hladno\u0107u, su\u0161u, sol i nije zahtjevna na mjestu. Najbolje vrijeme za sadnju sadnica ili grmlja crne bazge na otvoreno tlo je prolje\u0107e (od po\u010detka o\u017eujka do sredine travnja) ili jesen (od posljednjih dana kolovoza do kraja rujna).   <\/p>\n","protected":false},"excerpt":{"rendered":"<ul>\n<li>Sambucus nigra &#8216;Crni toranj&#8217;<\/li>\n<li>Ukrasna sorta bazge<\/li>\n<li>tamnoljubi\u010dasto li\u0161\u0107e<\/li>\n<li>Jestivo vo\u0107e<\/li>\n<li>Visina sadnice cca. 25cm <\/li>\n<\/ul>\n<h3>Pakirana 1 sadnica odjednom!<\/h3>\n","protected":false},"featured_media":17640,"template":"","meta":{"site-sidebar-layout":"default","site-content-layout":"default","ast-site-content-layout":"default","site-content-style":"default","site-sidebar-style":"default","ast-global-header-display":"","ast-banner-title-visibility":"","ast-main-header-display":"","ast-hfb-above-header-display":"","ast-hfb-below-header-display":"","ast-hfb-mobile-header-display":"","site-post-title":"","ast-breadcrumbs-content":"","ast-featured-img":"","footer-sml-layout":"","ast-disable-related-posts":"","theme-transparent-header-meta":"default","adv-header-id-meta":"","stick-header-meta":"default","header-above-stick-meta":"","header-main-stick-meta":"","header-below-stick-meta":"","astra-migrate-meta-layouts":"default","ast-page-background-enabled":"default","ast-page-background-meta":{"desktop":{"background-color":"","background-image":"","background-repeat":"repeat","background-position":"center center","background-size":"auto","background-attachment":"scroll","background-type":"","background-media":"","overlay-type":"","overlay-color":"","overlay-opacity":"","overlay-gradient":""},"tablet":{"background-color":"","background-image":"","background-repeat":"repeat","background-position":"center center","background-size":"auto","background-attachment":"scroll","background-type":"","background-media":"","overlay-type":"","overlay-color":"","overlay-opacity":"","overlay-gradient":""},"mobile":{"background-color":"","background-image":"","background-repeat":"repeat","background-position":"center center","background-size":"auto","background-attachment":"scroll","background-type":"","background-media":"","overlay-type":"","overlay-color":"","overlay-opacity":"","overlay-gradient":""}},"ast-content-background-meta":{"desktop":{"background-color":"var(--ast-global-color-5)","background-image":"","background-repeat":"repeat","background-position":"center center","background-size":"auto","background-attachment":"scroll","background-type":"","background-media":"","overlay-type":"","overlay-color":"","overlay-opacity":"","overlay-gradient":""},"tablet":{"background-color":"var(--ast-global-color-5)","background-image":"","background-repeat":"repeat","background-position":"center center","background-size":"auto","background-attachment":"scroll","background-type":"","background-media":"","overlay-type":"","overlay-color":"","overlay-opacity":"","overlay-gradient":""},"mobile":{"background-color":"var(--ast-global-color-5)","background-image":"","background-repeat":"repeat","background-position":"center center","background-size":"auto","background-attachment":"scroll","background-type":"","background-media":"","overlay-type":"","overlay-color":"","overlay-opacity":"","overlay-gradient":""}}},"product_brand":[],"product_cat":[1916],"product_tag":[2207,2208],"class_list":{"0":"post-17639","1":"product","2":"type-product","3":"status-publish","4":"has-post-thumbnail","6":"product_cat-grmlje-i-drvece","7":"product_tag-kuhinja-hr-2","8":"product_tag-ukrasni-grm","9":"desktop-align-left","10":"tablet-align-left","11":"mobile-align-left","12":"ast-product-gallery-layout-horizontal","13":"ast-product-gallery-with-no-image","14":"ast-product-tabs-layout-horizontal","15":"ast-qv-on-image","17":"first","18":"outofstock","19":"taxable","20":"shipping-taxable","21":"purchasable","22":"product-type-simple"},"aioseo_notices":[],"_links":{"self":[{"href":"https:\/\/flanca.si\/hr\/wp-json\/wp\/v2\/product\/17639","targetHints":{"allow":["GET"]}}],"collection":[{"href":"https:\/\/flanca.si\/hr\/wp-json\/wp\/v2\/product"}],"about":[{"href":"https:\/\/flanca.si\/hr\/wp-json\/wp\/v2\/types\/product"}],"wp:featuredmedia":[{"embeddable":true,"href":"https:\/\/flanca.si\/hr\/wp-json\/wp\/v2\/media\/17640"}],"wp:attachment":[{"href":"https:\/\/flanca.si\/hr\/wp-json\/wp\/v2\/media?parent=17639"}],"wp:term":[{"taxonomy":"product_brand","embeddable":true,"href":"https:\/\/flanca.si\/hr\/wp-json\/wp\/v2\/product_brand?post=17639"},{"taxonomy":"product_cat","embeddable":true,"href":"https:\/\/flanca.si\/hr\/wp-json\/wp\/v2\/product_cat?post=17639"},{"taxonomy":"product_tag","embeddable":true,"href":"https:\/\/flanca.si\/hr\/wp-json\/wp\/v2\/product_tag?post=17639"}],"curies":[{"name":"wp","href":"https:\/\/api.w.org\/{rel}","templated":true}]}}