{"id":17633,"date":"2022-06-24T09:32:29","date_gmt":"2022-06-24T07:32:29","guid":{"rendered":"https:\/\/flanca.si\/izdelek\/veo-od-vlakana-32m-x-10m-zima\/"},"modified":"2022-06-24T09:32:29","modified_gmt":"2022-06-24T07:32:29","slug":"veo-od-vlakana-32m-x-10m-zima","status":"publish","type":"product","link":"https:\/\/flanca.si\/hr\/proizvod\/veo-od-vlakana-32m-x-10m-zima\/","title":{"rendered":"Veo od vlakana 3,2m x 10m zima"},"content":{"rendered":"<p>Komora\u010d je koristan tijekom cijele vegetacijske sezone. Naju\u010dinkovitije \u0161titi na\u0161e biljke u ekstremnim vremenskim uvjetima. Zbog svoje lako\u0107e i specifi\u010dnog sastava, tkanina propu\u0161ta i zrak, svjetlost i veliki postotak vlage, \u0161to je osnovna potpora zdravom i brzom rastu biljaka, kao i ranijoj i obilnijoj berbi. Zbog svoje male te\u017eine sprje\u010dava o\u0161te\u0107enje usjeva. Koristi se za za\u0161titu usjeva od ekstremnih vremenskih uvjeta poput tu\u010de i jake ki\u0161e, ali tako\u0111er pru\u017ea fizi\u010dku za\u0161titu od insekata i drugih \u017eivotinja. Izra\u0111en je od materijala koji su pogodni za organsku proizvodnju i recikliranje. Zbog svoje otpornosti na UV svjetlo mo\u017ee se koristiti nekoliko puta.<br \/>\nVrtni komora\u010d mo\u017ee se koristiti za pokrivanje gredica, a na rubovima se mo\u017ee ponderirati odgovaraju\u0107im klinovima, koji se tako\u0111er mogu na\u0107i u na\u0161oj internetskoj trgovini. Ali od njega mo\u017eete lako oblikovati niski tunel, gdje biljke imaju povoljnije uvjete za rast u rano prolje\u0107e ili kasnu jesen.   <\/p>\n","protected":false},"excerpt":{"rendered":"<ul>\n<li>30 grama<\/li>\n<li>3,2 m x 10 m<\/li>\n<li>za\u0161tita od nepovoljnih vremenskih uvjeta<\/li>\n<li>Za vi\u0161ekratnu upotrebu<\/li>\n<\/ul>\n<h4><strong>Pakirano po 1 komad!<\/strong><\/h4>\n","protected":false},"featured_media":16928,"template":"","meta":{"site-sidebar-layout":"default","site-content-layout":"default","ast-site-content-layout":"default","site-content-style":"default","site-sidebar-style":"default","ast-global-header-display":"","ast-banner-title-visibility":"","ast-main-header-display":"","ast-hfb-above-header-display":"","ast-hfb-below-header-display":"","ast-hfb-mobile-header-display":"","site-post-title":"","ast-breadcrumbs-content":"","ast-featured-img":"","footer-sml-layout":"","ast-disable-related-posts":"","theme-transparent-header-meta":"default","adv-header-id-meta":"","stick-header-meta":"default","header-above-stick-meta":"","header-main-stick-meta":"","header-below-stick-meta":"","astra-migrate-meta-layouts":"default","ast-page-background-enabled":"default","ast-page-background-meta":{"desktop":{"background-color":"","background-image":"","background-repeat":"repeat","background-position":"center center","background-size":"auto","background-attachment":"scroll","background-type":"","background-media":"","overlay-type":"","overlay-color":"","overlay-opacity":"","overlay-gradient":""},"tablet":{"background-color":"","background-image":"","background-repeat":"repeat","background-position":"center center","background-size":"auto","background-attachment":"scroll","background-type":"","background-media":"","overlay-type":"","overlay-color":"","overlay-opacity":"","overlay-gradient":""},"mobile":{"background-color":"","background-image":"","background-repeat":"repeat","background-position":"center center","background-size":"auto","background-attachment":"scroll","background-type":"","background-media":"","overlay-type":"","overlay-color":"","overlay-opacity":"","overlay-gradient":""}},"ast-content-background-meta":{"desktop":{"background-color":"var(--ast-global-color-5)","background-image":"","background-repeat":"repeat","background-position":"center center","background-size":"auto","background-attachment":"scroll","background-type":"","background-media":"","overlay-type":"","overlay-color":"","overlay-opacity":"","overlay-gradient":""},"tablet":{"background-color":"var(--ast-global-color-5)","background-image":"","background-repeat":"repeat","background-position":"center center","background-size":"auto","background-attachment":"scroll","background-type":"","background-media":"","overlay-type":"","overlay-color":"","overlay-opacity":"","overlay-gradient":""},"mobile":{"background-color":"var(--ast-global-color-5)","background-image":"","background-repeat":"repeat","background-position":"center center","background-size":"auto","background-attachment":"scroll","background-type":"","background-media":"","overlay-type":"","overlay-color":"","overlay-opacity":"","overlay-gradient":""}}},"product_brand":[],"product_cat":[2055],"product_tag":[1732,2061,2062,2056],"class_list":{"0":"post-17633","1":"product","2":"type-product","3":"status-publish","4":"has-post-thumbnail","6":"product_cat-folije-i-mreze-za-vrt","7":"product_tag-duga-svjetla","8":"product_tag-telugu-hr-9","9":"product_tag-vlaknasta-folija-hr","10":"product_tag-zastita-vrta","11":"desktop-align-left","12":"tablet-align-left","13":"mobile-align-left","14":"ast-product-gallery-layout-horizontal","15":"ast-product-gallery-with-no-image","16":"ast-product-tabs-layout-horizontal","17":"ast-qv-on-image","19":"first","20":"outofstock","21":"taxable","22":"shipping-taxable","23":"purchasable","24":"product-type-simple"},"aioseo_notices":[],"_links":{"self":[{"href":"https:\/\/flanca.si\/hr\/wp-json\/wp\/v2\/product\/17633","targetHints":{"allow":["GET"]}}],"collection":[{"href":"https:\/\/flanca.si\/hr\/wp-json\/wp\/v2\/product"}],"about":[{"href":"https:\/\/flanca.si\/hr\/wp-json\/wp\/v2\/types\/product"}],"wp:featuredmedia":[{"embeddable":true,"href":"https:\/\/flanca.si\/hr\/wp-json\/wp\/v2\/media\/16928"}],"wp:attachment":[{"href":"https:\/\/flanca.si\/hr\/wp-json\/wp\/v2\/media?parent=17633"}],"wp:term":[{"taxonomy":"product_brand","embeddable":true,"href":"https:\/\/flanca.si\/hr\/wp-json\/wp\/v2\/product_brand?post=17633"},{"taxonomy":"product_cat","embeddable":true,"href":"https:\/\/flanca.si\/hr\/wp-json\/wp\/v2\/product_cat?post=17633"},{"taxonomy":"product_tag","embeddable":true,"href":"https:\/\/flanca.si\/hr\/wp-json\/wp\/v2\/product_tag?post=17633"}],"curies":[{"name":"wp","href":"https:\/\/api.w.org\/{rel}","templated":true}]}}