{"id":17588,"date":"2023-01-11T11:55:09","date_gmt":"2023-01-11T10:55:09","guid":{"rendered":"https:\/\/flanca.si\/izdelek\/mound-organsko-gnojivo-za-vrt-15-kg\/"},"modified":"2025-01-15T09:44:47","modified_gmt":"2025-01-15T08:44:47","slug":"mound-organsko-gnojivo-za-vrt-15-kg","status":"publish","type":"product","link":"https:\/\/flanca.si\/hr\/proizvod\/mound-organsko-gnojivo-za-vrt-15-kg\/","title":{"rendered":"Mound, Organsko gnojivo za vrt 1,5 KG"},"content":{"rendered":"<p>Kvalitetno univerzalno organsko gnojivo za vrt. Gnojivo za op\u0107u gnojidbu ukrasnog bilja, vo\u0107aka, povr\u0107a i travnjaka s jednakim udjelom du\u0161ika (N) i kalija (K). Sadr\u017ei sve potrebne makronutrijente i sekundarni nutrijent kalcij (Ca), a posebno je pogodan za gnojidbu plodi\u0161ta i vo\u0107aka. Gnojivo osigurava sve potrebne hranjive sastojke za zdrav i ujedna\u010den rast biljaka. Pospje\u0161uje plodnost tla i pove\u0107ava organsku masu u tlu. Zbog ve\u0107eg sadr\u017eaja huminske i fulvinske kiseline, gnojivo ubrzava dostupnost postoje\u0107ih hranjivih sastojaka u tlu. Gnojivo se koristi za osnovnu i dodatnu gnojidbu vrtnih kultura ili u kombinaciji s organskim i mineralnim gnojivima. Kombiniranjem gnojiva sprje\u010davamo jednostrano iscrpljivanje tla i omogu\u0107ujemo bolje prinose. Gnojivo se pakira u kutiju od 3 kilograma ili u vre\u0107u od 1,5 kilograma. Za gnojidbu povr\u0107a, bobi\u010dastog vo\u0107a, za\u010dinskog bilja, jednogodi\u0161njih biljaka koristi se 1,5-2 kg gnojiva na 10 \u010detvornih metara povr\u0161ine. Gnojidba se mo\u017ee obaviti u razmaku od 4-5 tjedana. Me\u0111utim, koli\u010dina gnojiva prilago\u0111ava se prema fazama rasta biljaka.  <\/p>\n","protected":false},"excerpt":{"rendered":"<ul>\n<li>visokokvalitetno univerzalno gnojivo<\/li>\n<li>pogodno za gnojidbu \u0161ire skupine biljaka<\/li>\n<li>Posebno pogodan za gnojidbu plodnih biljaka i vo\u0107aka<\/li>\n<li>zdrav i ujedna\u010den rast biljaka<\/li>\n<li>poti\u010de pove\u0107anje organske tvari u tlu<\/li>\n<\/ul>\n<h4><strong>Pakirano po 1,5 kg!<\/strong><\/h4>\n","protected":false},"featured_media":17590,"template":"","meta":{"site-sidebar-layout":"default","site-content-layout":"default","ast-site-content-layout":"default","site-content-style":"default","site-sidebar-style":"default","ast-global-header-display":"","ast-banner-title-visibility":"","ast-main-header-display":"","ast-hfb-above-header-display":"","ast-hfb-below-header-display":"","ast-hfb-mobile-header-display":"","site-post-title":"","ast-breadcrumbs-content":"","ast-featured-img":"","footer-sml-layout":"","ast-disable-related-posts":"","theme-transparent-header-meta":"default","adv-header-id-meta":"","stick-header-meta":"default","header-above-stick-meta":"","header-main-stick-meta":"","header-below-stick-meta":"","astra-migrate-meta-layouts":"default","ast-page-background-enabled":"default","ast-page-background-meta":{"desktop":{"background-color":"","background-image":"","background-repeat":"repeat","background-position":"center center","background-size":"auto","background-attachment":"scroll","background-type":"","background-media":"","overlay-type":"","overlay-color":"","overlay-opacity":"","overlay-gradient":""},"tablet":{"background-color":"","background-image":"","background-repeat":"repeat","background-position":"center center","background-size":"auto","background-attachment":"scroll","background-type":"","background-media":"","overlay-type":"","overlay-color":"","overlay-opacity":"","overlay-gradient":""},"mobile":{"background-color":"","background-image":"","background-repeat":"repeat","background-position":"center center","background-size":"auto","background-attachment":"scroll","background-type":"","background-media":"","overlay-type":"","overlay-color":"","overlay-opacity":"","overlay-gradient":""}},"ast-content-background-meta":{"desktop":{"background-color":"var(--ast-global-color-5)","background-image":"","background-repeat":"repeat","background-position":"center center","background-size":"auto","background-attachment":"scroll","background-type":"","background-media":"","overlay-type":"","overlay-color":"","overlay-opacity":"","overlay-gradient":""},"tablet":{"background-color":"var(--ast-global-color-5)","background-image":"","background-repeat":"repeat","background-position":"center center","background-size":"auto","background-attachment":"scroll","background-type":"","background-media":"","overlay-type":"","overlay-color":"","overlay-opacity":"","overlay-gradient":""},"mobile":{"background-color":"var(--ast-global-color-5)","background-image":"","background-repeat":"repeat","background-position":"center center","background-size":"auto","background-attachment":"scroll","background-type":"","background-media":"","overlay-type":"","overlay-color":"","overlay-opacity":"","overlay-gradient":""}}},"product_brand":[],"product_cat":[1987],"product_tag":[2039,1985,2035,2034],"class_list":{"0":"post-17588","1":"product","2":"type-product","3":"status-publish","4":"has-post-thumbnail","6":"product_cat-gnojiva","7":"product_tag-bolji-rast","8":"product_tag-gnojivo","9":"product_tag-podloga","10":"product_tag-vrt-hr","11":"desktop-align-left","12":"tablet-align-left","13":"mobile-align-left","14":"ast-product-gallery-layout-horizontal","15":"ast-product-gallery-with-no-image","16":"ast-product-tabs-layout-horizontal","17":"ast-qv-on-image","19":"first","20":"instock","21":"taxable","22":"shipping-taxable","23":"purchasable","24":"product-type-simple"},"aioseo_notices":[],"_links":{"self":[{"href":"https:\/\/flanca.si\/hr\/wp-json\/wp\/v2\/product\/17588","targetHints":{"allow":["GET"]}}],"collection":[{"href":"https:\/\/flanca.si\/hr\/wp-json\/wp\/v2\/product"}],"about":[{"href":"https:\/\/flanca.si\/hr\/wp-json\/wp\/v2\/types\/product"}],"wp:featuredmedia":[{"embeddable":true,"href":"https:\/\/flanca.si\/hr\/wp-json\/wp\/v2\/media\/17590"}],"wp:attachment":[{"href":"https:\/\/flanca.si\/hr\/wp-json\/wp\/v2\/media?parent=17588"}],"wp:term":[{"taxonomy":"product_brand","embeddable":true,"href":"https:\/\/flanca.si\/hr\/wp-json\/wp\/v2\/product_brand?post=17588"},{"taxonomy":"product_cat","embeddable":true,"href":"https:\/\/flanca.si\/hr\/wp-json\/wp\/v2\/product_cat?post=17588"},{"taxonomy":"product_tag","embeddable":true,"href":"https:\/\/flanca.si\/hr\/wp-json\/wp\/v2\/product_tag?post=17588"}],"curies":[{"name":"wp","href":"https:\/\/api.w.org\/{rel}","templated":true}]}}