{"id":17578,"date":"2023-02-17T09:20:44","date_gmt":"2023-02-17T08:20:44","guid":{"rendered":"https:\/\/flanca.si\/izdelek\/bajt-mraza-od-kovrcavog-lisca-kelja\/"},"modified":"2023-02-17T09:20:44","modified_gmt":"2023-02-17T08:20:44","slug":"bajt-mraza-od-kovrcavog-lisca-kelja","status":"publish","type":"product","link":"https:\/\/flanca.si\/hr\/proizvod\/bajt-mraza-od-kovrcavog-lisca-kelja\/","title":{"rendered":"Bajt mraza od kovr\u010davog li\u0161\u0107a kelja"},"content":{"rendered":"<p>Biljka koja dobro podnosi hladno\u0107u i ima vrlo malo \u0161tetnika. Posebno je zanimljivo kao povr\u0107e koje se mo\u017ee ubrati u vrtu \u010dak i u zimskim mjesecima. Zbog svoje zanimljive boje mo\u017ee se koristiti i kao ukrasna biljka. Sadnice se sade duboko do prvih listova. Listovi se zatim beru od kraja ljeta nadalje. Mlade listove \u010dupamo odozdo prema gore. Jo\u0161 ukusniji listovi postaju kad ih dobije prvi mraz. Koristimo ga sirovog ili kuhanog.  <\/p>\n","protected":false},"excerpt":{"rendered":"<ul>\n<li>Klice li\u0161\u0107a<\/li>\n<li>zelena, bijela kovr\u010dava<\/li>\n<li>Povr\u0107e zimskih dana sirovo ili kuhano<\/li>\n<li>Sirovo ili kuhano<\/li>\n<li>Mo\u017ee se koristiti i kao ukrasna biljka<\/li>\n<li>Sadnica pakirana u lon\u010di\u0107 P10<\/li>\n<\/ul>\n<h4><strong>Pakirana 1 sadnica odjednom!<\/strong><\/h4>\n","protected":false},"featured_media":17580,"template":"","meta":{"site-sidebar-layout":"default","site-content-layout":"default","ast-site-content-layout":"default","site-content-style":"default","site-sidebar-style":"default","ast-global-header-display":"","ast-banner-title-visibility":"","ast-main-header-display":"","ast-hfb-above-header-display":"","ast-hfb-below-header-display":"","ast-hfb-mobile-header-display":"","site-post-title":"","ast-breadcrumbs-content":"","ast-featured-img":"","footer-sml-layout":"","ast-disable-related-posts":"","theme-transparent-header-meta":"default","adv-header-id-meta":"","stick-header-meta":"default","header-above-stick-meta":"","header-main-stick-meta":"","header-below-stick-meta":"","astra-migrate-meta-layouts":"default","ast-page-background-enabled":"default","ast-page-background-meta":{"desktop":{"background-color":"","background-image":"","background-repeat":"repeat","background-position":"center center","background-size":"auto","background-attachment":"scroll","background-type":"","background-media":"","overlay-type":"","overlay-color":"","overlay-opacity":"","overlay-gradient":""},"tablet":{"background-color":"","background-image":"","background-repeat":"repeat","background-position":"center center","background-size":"auto","background-attachment":"scroll","background-type":"","background-media":"","overlay-type":"","overlay-color":"","overlay-opacity":"","overlay-gradient":""},"mobile":{"background-color":"","background-image":"","background-repeat":"repeat","background-position":"center center","background-size":"auto","background-attachment":"scroll","background-type":"","background-media":"","overlay-type":"","overlay-color":"","overlay-opacity":"","overlay-gradient":""}},"ast-content-background-meta":{"desktop":{"background-color":"var(--ast-global-color-5)","background-image":"","background-repeat":"repeat","background-position":"center center","background-size":"auto","background-attachment":"scroll","background-type":"","background-media":"","overlay-type":"","overlay-color":"","overlay-opacity":"","overlay-gradient":""},"tablet":{"background-color":"var(--ast-global-color-5)","background-image":"","background-repeat":"repeat","background-position":"center center","background-size":"auto","background-attachment":"scroll","background-type":"","background-media":"","overlay-type":"","overlay-color":"","overlay-opacity":"","overlay-gradient":""},"mobile":{"background-color":"var(--ast-global-color-5)","background-image":"","background-repeat":"repeat","background-position":"center center","background-size":"auto","background-attachment":"scroll","background-type":"","background-media":"","overlay-type":"","overlay-color":"","overlay-opacity":"","overlay-gradient":""}}},"product_brand":[],"product_cat":[1691],"product_tag":[1700,1693,1605],"class_list":{"0":"post-17578","1":"product","2":"type-product","3":"status-publish","4":"has-post-thumbnail","6":"product_cat-kupusnjace","7":"product_tag-kelj","8":"product_tag-kupusnjace","9":"product_tag-zeleno-povrce","10":"desktop-align-left","11":"tablet-align-left","12":"mobile-align-left","13":"ast-product-gallery-layout-horizontal","14":"ast-product-tabs-layout-horizontal","15":"ast-qv-on-image","17":"first","18":"outofstock","19":"taxable","20":"shipping-taxable","21":"purchasable","22":"product-type-simple"},"aioseo_notices":[],"_links":{"self":[{"href":"https:\/\/flanca.si\/hr\/wp-json\/wp\/v2\/product\/17578","targetHints":{"allow":["GET"]}}],"collection":[{"href":"https:\/\/flanca.si\/hr\/wp-json\/wp\/v2\/product"}],"about":[{"href":"https:\/\/flanca.si\/hr\/wp-json\/wp\/v2\/types\/product"}],"wp:featuredmedia":[{"embeddable":true,"href":"https:\/\/flanca.si\/hr\/wp-json\/wp\/v2\/media\/17580"}],"wp:attachment":[{"href":"https:\/\/flanca.si\/hr\/wp-json\/wp\/v2\/media?parent=17578"}],"wp:term":[{"taxonomy":"product_brand","embeddable":true,"href":"https:\/\/flanca.si\/hr\/wp-json\/wp\/v2\/product_brand?post=17578"},{"taxonomy":"product_cat","embeddable":true,"href":"https:\/\/flanca.si\/hr\/wp-json\/wp\/v2\/product_cat?post=17578"},{"taxonomy":"product_tag","embeddable":true,"href":"https:\/\/flanca.si\/hr\/wp-json\/wp\/v2\/product_tag?post=17578"}],"curies":[{"name":"wp","href":"https:\/\/api.w.org\/{rel}","templated":true}]}}