{"id":17515,"date":"2023-03-21T08:52:10","date_gmt":"2023-03-21T07:52:10","guid":{"rendered":"https:\/\/flanca.si\/izdelek\/photinia-perfecta\/"},"modified":"2023-03-21T08:52:10","modified_gmt":"2023-03-21T07:52:10","slug":"photinia-perfecta","status":"publish","type":"product","link":"https:\/\/flanca.si\/hr\/proizvod\/photinia-perfecta\/","title":{"rendered":"Photinia &#8216;Perfecta&#8217;"},"content":{"rendered":"<p>Photinia je zimzeleni listopadni grm koji karakteriziraju vatreno crveni listovi koji s vremenom postaju zeleni. U travnju biljka razvija sitne bijele cvjetove, a u jesen i zimu iz njih se razvijaju crveni plodovi (nejestivi). Naraste do 5 m visine. Sadimo 2-3 sadnice po teku\u0107em metru, ovisno o \u017eeljenoj gusto\u0107i. Biljka bolje uspijeva na kiselim, neutralnim tlima, podnosi i alkalna tla. Prikladniji je za podru\u010dja s ne\u0161to bla\u017eom zimom. Za optimalne uvjete potrebna je proljetna gnojidba. Biljka je pogodna i za \u017eivice. Za zgu\u0161njavanje je potrebno redovito obrezivanje. Obrezivanje biljaka vr\u0161i se ljeti (prije zime). Sorta &#8216;Perfecta&#8217; sli\u010dna je sorti &#8216;Red robin&#8217; s nekoliko pobolj\u0161anja. U sorti Perfekta grane su ja\u010de. Visina nadzemnog dijela sadnice: 15 &#8211; 20 cm   <\/p>\n<p>&nbsp;<\/p>\n","protected":false},"excerpt":{"rendered":"<ul>\n<li>Photinia fraseri &#8216;Perfecta&#8217;<\/li>\n<li>sli\u010dna sorta kao &#8216;Red Robin&#8217;<\/li>\n<li>zimzeleni grm<\/li>\n<li>tako\u0111er korisno za \u017eivice<\/li>\n<li>mladi listovi crvenkaste boje<\/li>\n<li>visina sadnice: 15 &#8211; 20 cm<\/li>\n<\/ul>\n<h4><strong>Pakirana 1 sadnica odjednom!<\/strong><\/h4>\n","protected":false},"featured_media":17516,"template":"","meta":{"site-sidebar-layout":"default","site-content-layout":"default","ast-site-content-layout":"default","site-content-style":"default","site-sidebar-style":"default","ast-global-header-display":"","ast-banner-title-visibility":"","ast-main-header-display":"","ast-hfb-above-header-display":"","ast-hfb-below-header-display":"","ast-hfb-mobile-header-display":"","site-post-title":"","ast-breadcrumbs-content":"","ast-featured-img":"","footer-sml-layout":"","ast-disable-related-posts":"","theme-transparent-header-meta":"default","adv-header-id-meta":"","stick-header-meta":"default","header-above-stick-meta":"","header-main-stick-meta":"","header-below-stick-meta":"","astra-migrate-meta-layouts":"default","ast-page-background-enabled":"default","ast-page-background-meta":{"desktop":{"background-color":"","background-image":"","background-repeat":"repeat","background-position":"center center","background-size":"auto","background-attachment":"scroll","background-type":"","background-media":"","overlay-type":"","overlay-color":"","overlay-opacity":"","overlay-gradient":""},"tablet":{"background-color":"","background-image":"","background-repeat":"repeat","background-position":"center center","background-size":"auto","background-attachment":"scroll","background-type":"","background-media":"","overlay-type":"","overlay-color":"","overlay-opacity":"","overlay-gradient":""},"mobile":{"background-color":"","background-image":"","background-repeat":"repeat","background-position":"center center","background-size":"auto","background-attachment":"scroll","background-type":"","background-media":"","overlay-type":"","overlay-color":"","overlay-opacity":"","overlay-gradient":""}},"ast-content-background-meta":{"desktop":{"background-color":"var(--ast-global-color-5)","background-image":"","background-repeat":"repeat","background-position":"center center","background-size":"auto","background-attachment":"scroll","background-type":"","background-media":"","overlay-type":"","overlay-color":"","overlay-opacity":"","overlay-gradient":""},"tablet":{"background-color":"var(--ast-global-color-5)","background-image":"","background-repeat":"repeat","background-position":"center center","background-size":"auto","background-attachment":"scroll","background-type":"","background-media":"","overlay-type":"","overlay-color":"","overlay-opacity":"","overlay-gradient":""},"mobile":{"background-color":"var(--ast-global-color-5)","background-image":"","background-repeat":"repeat","background-position":"center center","background-size":"auto","background-attachment":"scroll","background-type":"","background-media":"","overlay-type":"","overlay-color":"","overlay-opacity":"","overlay-gradient":""}}},"product_brand":[],"product_cat":[1936],"product_tag":[1917,1838,1930],"class_list":{"0":"post-17515","1":"product","2":"type-product","3":"status-publish","4":"has-post-thumbnail","6":"product_cat-lovorovi-ili-prunus","7":"product_tag-grm","8":"product_tag-zimzelena-trajnica-hr","9":"product_tag-ziva-ograda","10":"desktop-align-left","11":"tablet-align-left","12":"mobile-align-left","13":"ast-product-gallery-layout-horizontal","14":"ast-product-gallery-with-no-image","15":"ast-product-tabs-layout-horizontal","16":"ast-qv-on-image","18":"first","19":"instock","20":"taxable","21":"shipping-taxable","22":"purchasable","23":"product-type-simple"},"aioseo_notices":[],"_links":{"self":[{"href":"https:\/\/flanca.si\/hr\/wp-json\/wp\/v2\/product\/17515","targetHints":{"allow":["GET"]}}],"collection":[{"href":"https:\/\/flanca.si\/hr\/wp-json\/wp\/v2\/product"}],"about":[{"href":"https:\/\/flanca.si\/hr\/wp-json\/wp\/v2\/types\/product"}],"wp:featuredmedia":[{"embeddable":true,"href":"https:\/\/flanca.si\/hr\/wp-json\/wp\/v2\/media\/17516"}],"wp:attachment":[{"href":"https:\/\/flanca.si\/hr\/wp-json\/wp\/v2\/media?parent=17515"}],"wp:term":[{"taxonomy":"product_brand","embeddable":true,"href":"https:\/\/flanca.si\/hr\/wp-json\/wp\/v2\/product_brand?post=17515"},{"taxonomy":"product_cat","embeddable":true,"href":"https:\/\/flanca.si\/hr\/wp-json\/wp\/v2\/product_cat?post=17515"},{"taxonomy":"product_tag","embeddable":true,"href":"https:\/\/flanca.si\/hr\/wp-json\/wp\/v2\/product_tag?post=17515"}],"curies":[{"name":"wp","href":"https:\/\/api.w.org\/{rel}","templated":true}]}}