{"id":17468,"date":"2023-06-28T08:40:20","date_gmt":"2023-06-28T06:40:20","guid":{"rendered":"https:\/\/flanca.si\/izdelek\/krizantema-za-rezanu-ruzicastu\/"},"modified":"2023-06-28T08:40:20","modified_gmt":"2023-06-28T06:40:20","slug":"krizantema-za-rezanu-ruzicastu","status":"publish","type":"product","link":"https:\/\/flanca.si\/hr\/proizvod\/krizantema-za-rezanu-ruzicastu\/","title":{"rendered":"Krizantema za rezanu ru\u017ei\u010dastu"},"content":{"rendered":"<p>Krizanteme su cvjetnice roda  <em>Dendranthema. G <\/em>Vau zbog \u0161arene palete boja koje nas odu\u0161evljavaju od kasnog ljeta do mraza. Budu\u0107i da tako dobro podnose hladno\u0107u i lo\u0161e vrijeme, mogu se koristiti i kao balkonski spremnici, pa \u010dak i kao vje\u0161alice. Najljep\u0161e su u kombinaciji s jesenskim vrijeskom, \u0161a\u0161em, ukrasnim kupusom i vrtnim grmom. Sadi se na sun\u010danim polo\u017eajima, u drenirano i bogato tlo. Da bi biljka stvorila velike cvjetove, potrebno je ukloniti bo\u010dne izbojke.<\/p>\n","protected":false},"excerpt":{"rendered":"<ul>\n<li><em>Dendranthema  <\/em><\/li>\n<li>Vi\u0161egodi\u0161nje cvije\u0107e<\/li>\n<li>rezano cvije\u0107e<\/li>\n<li>Ru\u017ei\u010dasto cvije\u0107e<\/li>\n<li>visina rasta do 60 cm<\/li>\n<\/ul>\n<h4><strong>Pakirano po 4 sadnice!<\/strong><\/h4>\n","protected":false},"featured_media":17470,"template":"","meta":{"site-sidebar-layout":"default","site-content-layout":"default","ast-site-content-layout":"default","site-content-style":"default","site-sidebar-style":"default","ast-global-header-display":"","ast-banner-title-visibility":"","ast-main-header-display":"","ast-hfb-above-header-display":"","ast-hfb-below-header-display":"","ast-hfb-mobile-header-display":"","site-post-title":"","ast-breadcrumbs-content":"","ast-featured-img":"","footer-sml-layout":"","ast-disable-related-posts":"","theme-transparent-header-meta":"default","adv-header-id-meta":"","stick-header-meta":"default","header-above-stick-meta":"","header-main-stick-meta":"","header-below-stick-meta":"","astra-migrate-meta-layouts":"default","ast-page-background-enabled":"default","ast-page-background-meta":{"desktop":{"background-color":"","background-image":"","background-repeat":"repeat","background-position":"center center","background-size":"auto","background-attachment":"scroll","background-type":"","background-media":"","overlay-type":"","overlay-color":"","overlay-opacity":"","overlay-gradient":""},"tablet":{"background-color":"","background-image":"","background-repeat":"repeat","background-position":"center center","background-size":"auto","background-attachment":"scroll","background-type":"","background-media":"","overlay-type":"","overlay-color":"","overlay-opacity":"","overlay-gradient":""},"mobile":{"background-color":"","background-image":"","background-repeat":"repeat","background-position":"center center","background-size":"auto","background-attachment":"scroll","background-type":"","background-media":"","overlay-type":"","overlay-color":"","overlay-opacity":"","overlay-gradient":""}},"ast-content-background-meta":{"desktop":{"background-color":"var(--ast-global-color-5)","background-image":"","background-repeat":"repeat","background-position":"center center","background-size":"auto","background-attachment":"scroll","background-type":"","background-media":"","overlay-type":"","overlay-color":"","overlay-opacity":"","overlay-gradient":""},"tablet":{"background-color":"var(--ast-global-color-5)","background-image":"","background-repeat":"repeat","background-position":"center center","background-size":"auto","background-attachment":"scroll","background-type":"","background-media":"","overlay-type":"","overlay-color":"","overlay-opacity":"","overlay-gradient":""},"mobile":{"background-color":"var(--ast-global-color-5)","background-image":"","background-repeat":"repeat","background-position":"center center","background-size":"auto","background-attachment":"scroll","background-type":"","background-media":"","overlay-type":"","overlay-color":"","overlay-opacity":"","overlay-gradient":""}}},"product_brand":[],"product_cat":[1856],"product_tag":[1869,1862,1874],"class_list":{"0":"post-17468","1":"product","2":"type-product","3":"status-publish","4":"has-post-thumbnail","6":"product_cat-biljke-za-rezano-cvijece","7":"product_tag-cvjetnjaci","8":"product_tag-karanfil","9":"product_tag-ukrasna-kopriva","10":"desktop-align-left","11":"tablet-align-left","12":"mobile-align-left","13":"ast-product-gallery-layout-horizontal","14":"ast-product-gallery-with-no-image","15":"ast-product-tabs-layout-horizontal","16":"ast-qv-on-image","18":"first","19":"outofstock","20":"taxable","21":"shipping-taxable","22":"purchasable","23":"product-type-simple"},"aioseo_notices":[],"_links":{"self":[{"href":"https:\/\/flanca.si\/hr\/wp-json\/wp\/v2\/product\/17468","targetHints":{"allow":["GET"]}}],"collection":[{"href":"https:\/\/flanca.si\/hr\/wp-json\/wp\/v2\/product"}],"about":[{"href":"https:\/\/flanca.si\/hr\/wp-json\/wp\/v2\/types\/product"}],"wp:featuredmedia":[{"embeddable":true,"href":"https:\/\/flanca.si\/hr\/wp-json\/wp\/v2\/media\/17470"}],"wp:attachment":[{"href":"https:\/\/flanca.si\/hr\/wp-json\/wp\/v2\/media?parent=17468"}],"wp:term":[{"taxonomy":"product_brand","embeddable":true,"href":"https:\/\/flanca.si\/hr\/wp-json\/wp\/v2\/product_brand?post=17468"},{"taxonomy":"product_cat","embeddable":true,"href":"https:\/\/flanca.si\/hr\/wp-json\/wp\/v2\/product_cat?post=17468"},{"taxonomy":"product_tag","embeddable":true,"href":"https:\/\/flanca.si\/hr\/wp-json\/wp\/v2\/product_tag?post=17468"}],"curies":[{"name":"wp","href":"https:\/\/api.w.org\/{rel}","templated":true}]}}