{"id":17454,"date":"2023-07-11T14:12:09","date_gmt":"2023-07-11T12:12:09","guid":{"rendered":"https:\/\/flanca.si\/izdelek\/mjesavina-bosiljka\/"},"modified":"2023-07-11T14:12:09","modified_gmt":"2023-07-11T12:12:09","slug":"mjesavina-bosiljka","status":"publish","type":"product","link":"https:\/\/flanca.si\/hr\/proizvod\/mjesavina-bosiljka\/","title":{"rendered":"Mje\u0161avina bosiljka"},"content":{"rendered":"<p>Mje\u0161avina klasi\u010dnog zelenog \u0161irokolisnog bosiljka i crvenolisnog bosiljka. Klasi\u010dna sorta bosiljka s tamnozelenim li\u0161\u0107em i tipi\u010dnim mirisom i okusom bosiljka najrasprostranjenija je sorta bosiljka. Sadi se u toplo drena\u017eno tlo na sun\u010danim i toplim podru\u010djima uzgoja, od po\u010detka svibnja nadalje. Ne podnosi temperature ispod 8\u00b0C.  Dakle, najprikladnije vrijeme sadnje je u mjesecu svibnju. kada se atmosfera pravilno zagrije. Naju\u010dinkovitije ga je sijati me\u0111u raj\u010dicu. Koristi se svje\u017ea, kao za\u010din za salate, tjesteninu ili kao dodatak raznim povrtnim napitcima i smoothiejima. Ina\u010de, cvjetnice \u010dine izvrsnu p\u010delinju pa\u0161u. Listove na biljci \u010dupamo tijekom cijele godine ili re\u017eemo izbojke kako bi se biljka sama obnovila.<\/p>\n","protected":false},"excerpt":{"rendered":"<ul>\n<li><em>Ocimum basilicum  <\/em><\/li>\n<li>Mje\u0161avine crvenog i zelenog bosiljka<\/li>\n<li>Koristimo li\u0161\u0107e<\/li>\n<li>Posa\u0111eno u toplo drena\u017eno tlo<\/li>\n<li>Ne odr\u017eava temperaturu ispod 8\u00b0C <\/li>\n<li>U kuhanju koristimo svje\u017ee ili su\u0161ene<\/li>\n<\/ul>\n<h4><strong>Pakirana 1 sadnica odjednom!<\/strong><\/h4>\n","protected":false},"featured_media":17455,"template":"","meta":{"site-sidebar-layout":"default","site-content-layout":"default","ast-site-content-layout":"default","site-content-style":"default","site-sidebar-style":"default","ast-global-header-display":"","ast-banner-title-visibility":"","ast-main-header-display":"","ast-hfb-above-header-display":"","ast-hfb-below-header-display":"","ast-hfb-mobile-header-display":"","site-post-title":"","ast-breadcrumbs-content":"","ast-featured-img":"","footer-sml-layout":"","ast-disable-related-posts":"","theme-transparent-header-meta":"default","adv-header-id-meta":"","stick-header-meta":"default","header-above-stick-meta":"","header-main-stick-meta":"","header-below-stick-meta":"","astra-migrate-meta-layouts":"default","ast-page-background-enabled":"default","ast-page-background-meta":{"desktop":{"background-color":"","background-image":"","background-repeat":"repeat","background-position":"center center","background-size":"auto","background-attachment":"scroll","background-type":"","background-media":"","overlay-type":"","overlay-color":"","overlay-opacity":"","overlay-gradient":""},"tablet":{"background-color":"","background-image":"","background-repeat":"repeat","background-position":"center center","background-size":"auto","background-attachment":"scroll","background-type":"","background-media":"","overlay-type":"","overlay-color":"","overlay-opacity":"","overlay-gradient":""},"mobile":{"background-color":"","background-image":"","background-repeat":"repeat","background-position":"center center","background-size":"auto","background-attachment":"scroll","background-type":"","background-media":"","overlay-type":"","overlay-color":"","overlay-opacity":"","overlay-gradient":""}},"ast-content-background-meta":{"desktop":{"background-color":"var(--ast-global-color-5)","background-image":"","background-repeat":"repeat","background-position":"center center","background-size":"auto","background-attachment":"scroll","background-type":"","background-media":"","overlay-type":"","overlay-color":"","overlay-opacity":"","overlay-gradient":""},"tablet":{"background-color":"var(--ast-global-color-5)","background-image":"","background-repeat":"repeat","background-position":"center center","background-size":"auto","background-attachment":"scroll","background-type":"","background-media":"","overlay-type":"","overlay-color":"","overlay-opacity":"","overlay-gradient":""},"mobile":{"background-color":"var(--ast-global-color-5)","background-image":"","background-repeat":"repeat","background-position":"center center","background-size":"auto","background-attachment":"scroll","background-type":"","background-media":"","overlay-type":"","overlay-color":"","overlay-opacity":"","overlay-gradient":""}}},"product_brand":[],"product_cat":[1752],"product_tag":[1776,1790,1754],"class_list":{"0":"post-17454","1":"product","2":"type-product","3":"status-publish","4":"has-post-thumbnail","6":"product_cat-ostalo-bilje","7":"product_tag-bosiljak","8":"product_tag-genovese-hr","9":"product_tag-zacini","10":"desktop-align-left","11":"tablet-align-left","12":"mobile-align-left","13":"ast-product-gallery-layout-horizontal","14":"ast-product-gallery-with-no-image","15":"ast-product-tabs-layout-horizontal","16":"ast-qv-on-image","18":"first","19":"instock","20":"taxable","21":"shipping-taxable","22":"purchasable","23":"product-type-simple"},"aioseo_notices":[],"_links":{"self":[{"href":"https:\/\/flanca.si\/hr\/wp-json\/wp\/v2\/product\/17454","targetHints":{"allow":["GET"]}}],"collection":[{"href":"https:\/\/flanca.si\/hr\/wp-json\/wp\/v2\/product"}],"about":[{"href":"https:\/\/flanca.si\/hr\/wp-json\/wp\/v2\/types\/product"}],"wp:featuredmedia":[{"embeddable":true,"href":"https:\/\/flanca.si\/hr\/wp-json\/wp\/v2\/media\/17455"}],"wp:attachment":[{"href":"https:\/\/flanca.si\/hr\/wp-json\/wp\/v2\/media?parent=17454"}],"wp:term":[{"taxonomy":"product_brand","embeddable":true,"href":"https:\/\/flanca.si\/hr\/wp-json\/wp\/v2\/product_brand?post=17454"},{"taxonomy":"product_cat","embeddable":true,"href":"https:\/\/flanca.si\/hr\/wp-json\/wp\/v2\/product_cat?post=17454"},{"taxonomy":"product_tag","embeddable":true,"href":"https:\/\/flanca.si\/hr\/wp-json\/wp\/v2\/product_tag?post=17454"}],"curies":[{"name":"wp","href":"https:\/\/api.w.org\/{rel}","templated":true}]}}