{"id":17415,"date":"2023-10-11T07:15:40","date_gmt":"2023-10-11T05:15:40","guid":{"rendered":"https:\/\/flanca.si\/izdelek\/kanadska-dugina-kruska-dugin-stup\/"},"modified":"2023-10-11T07:15:40","modified_gmt":"2023-10-11T05:15:40","slug":"kanadska-dugina-kruska-dugin-stup","status":"publish","type":"product","link":"https:\/\/flanca.si\/hr\/proizvod\/kanadska-dugina-kruska-dugin-stup\/","title":{"rendered":"Kanadska dugina kru\u0161ka &#8216;Dugin stup&#8217;"},"content":{"rendered":"<p><strong>Vjeverica kru\u0161ka<\/strong> (<em>Amelanchier spp.)<\/em> svestrani je grm ili malo drvo, cijenjeno zbog svoje dekorativne vrijednosti i jestivih plodova. Biljka naraste od 3 do 6 metara visine, ovisno o sorti, i ima elegantnu, razgranatu kro\u0161nju. U prolje\u0107e se mo\u017ee pohvaliti obiljem bijelih cvjetova u obliku zvijezde koji privla\u010de opra\u0161iva\u010de, a ljeti nosi male plavo-crne bobice slatkog okusa i bogate vitaminima. U jesen li\u0161\u0107e svijetli u toplim nijansama crvene, naran\u010daste i \u017eute. Kru\u0161ka bijelog sljeza nepretenciozna je za odr\u017eavanje. Uspijeva na sun\u010danim do polusjenovitim mjestima u dobro dreniranom tlu. Otporan je na hladno\u0107u i bolesti. Zalijevanje je potrebno samo tijekom duljih su\u0161nih razdoblja. Obrezivanje se vr\u0161i u rano prolje\u0107e ili nakon berbe plodova, kako bi se sa\u010duvao oblik i uklonile stare ili o\u0161te\u0107ene grane. Koristi se kao ukrasna biljka u vrtovima i parkovima zbog svog atraktivnog izgleda tijekom cijelih godi\u0161njih doba. Bobice su pogodne za konzumaciju svje\u017ee ili za preradu u d\u017eemove i sokove. Mo\u010dvarna kru\u0161ka tako\u0111er je izvrsna za privla\u010denje ptica i opra\u0161iva\u010da u vrt.   <\/p>\n<p>Sorta Rainbow Pillar poznata je po gustom uspravnom rastu. Visina nadzemnog dijela biljke: cca 25 cm<\/p>\n<p>&nbsp;<\/p>\n","protected":false},"excerpt":{"rendered":"<ul>\n<li><em>Amelanchier canadensis &#8216;Dugin stup&#8217;  <\/em><\/li>\n<li>Jestivo vo\u0107e<\/li>\n<li>Prekrasan proljetni cvjetni grm<\/li>\n<li>atraktivno li\u0161\u0107e crvenkaste boje u jesen<\/li>\n<li>Trenutna visina biljke je cca. 25cm <\/li>\n<\/ul>\n<h4><strong>Pakirana 1 sadnica odjednom!<\/strong><\/h4>\n","protected":false},"featured_media":17416,"template":"","meta":{"site-sidebar-layout":"default","site-content-layout":"default","ast-site-content-layout":"default","site-content-style":"default","site-sidebar-style":"default","ast-global-header-display":"","ast-banner-title-visibility":"","ast-main-header-display":"","ast-hfb-above-header-display":"","ast-hfb-below-header-display":"","ast-hfb-mobile-header-display":"","site-post-title":"","ast-breadcrumbs-content":"","ast-featured-img":"","footer-sml-layout":"","ast-disable-related-posts":"","theme-transparent-header-meta":"default","adv-header-id-meta":"","stick-header-meta":"default","header-above-stick-meta":"","header-main-stick-meta":"","header-below-stick-meta":"","astra-migrate-meta-layouts":"default","ast-page-background-enabled":"default","ast-page-background-meta":{"desktop":{"background-color":"","background-image":"","background-repeat":"repeat","background-position":"center center","background-size":"auto","background-attachment":"scroll","background-type":"","background-media":"","overlay-type":"","overlay-color":"","overlay-opacity":"","overlay-gradient":""},"tablet":{"background-color":"","background-image":"","background-repeat":"repeat","background-position":"center center","background-size":"auto","background-attachment":"scroll","background-type":"","background-media":"","overlay-type":"","overlay-color":"","overlay-opacity":"","overlay-gradient":""},"mobile":{"background-color":"","background-image":"","background-repeat":"repeat","background-position":"center center","background-size":"auto","background-attachment":"scroll","background-type":"","background-media":"","overlay-type":"","overlay-color":"","overlay-opacity":"","overlay-gradient":""}},"ast-content-background-meta":{"desktop":{"background-color":"var(--ast-global-color-5)","background-image":"","background-repeat":"repeat","background-position":"center center","background-size":"auto","background-attachment":"scroll","background-type":"","background-media":"","overlay-type":"","overlay-color":"","overlay-opacity":"","overlay-gradient":""},"tablet":{"background-color":"var(--ast-global-color-5)","background-image":"","background-repeat":"repeat","background-position":"center center","background-size":"auto","background-attachment":"scroll","background-type":"","background-media":"","overlay-type":"","overlay-color":"","overlay-opacity":"","overlay-gradient":""},"mobile":{"background-color":"var(--ast-global-color-5)","background-image":"","background-repeat":"repeat","background-position":"center center","background-size":"auto","background-attachment":"scroll","background-type":"","background-media":"","overlay-type":"","overlay-color":"","overlay-opacity":"","overlay-gradient":""}}},"product_brand":[],"product_cat":[1903],"product_tag":[1933,1932],"class_list":{"0":"post-17415","1":"product","2":"type-product","3":"status-publish","4":"has-post-thumbnail","6":"product_cat-jagode-hr","7":"product_tag-izvrstan-okus","8":"product_tag-jestivo-voce","9":"desktop-align-left","10":"tablet-align-left","11":"mobile-align-left","12":"ast-product-gallery-layout-horizontal","13":"ast-product-tabs-layout-horizontal","14":"ast-qv-on-image","16":"first","17":"instock","18":"taxable","19":"shipping-taxable","20":"purchasable","21":"product-type-simple"},"aioseo_notices":[],"_links":{"self":[{"href":"https:\/\/flanca.si\/hr\/wp-json\/wp\/v2\/product\/17415","targetHints":{"allow":["GET"]}}],"collection":[{"href":"https:\/\/flanca.si\/hr\/wp-json\/wp\/v2\/product"}],"about":[{"href":"https:\/\/flanca.si\/hr\/wp-json\/wp\/v2\/types\/product"}],"wp:featuredmedia":[{"embeddable":true,"href":"https:\/\/flanca.si\/hr\/wp-json\/wp\/v2\/media\/17416"}],"wp:attachment":[{"href":"https:\/\/flanca.si\/hr\/wp-json\/wp\/v2\/media?parent=17415"}],"wp:term":[{"taxonomy":"product_brand","embeddable":true,"href":"https:\/\/flanca.si\/hr\/wp-json\/wp\/v2\/product_brand?post=17415"},{"taxonomy":"product_cat","embeddable":true,"href":"https:\/\/flanca.si\/hr\/wp-json\/wp\/v2\/product_cat?post=17415"},{"taxonomy":"product_tag","embeddable":true,"href":"https:\/\/flanca.si\/hr\/wp-json\/wp\/v2\/product_tag?post=17415"}],"curies":[{"name":"wp","href":"https:\/\/api.w.org\/{rel}","templated":true}]}}