{"id":17382,"date":"2023-10-11T09:15:40","date_gmt":"2023-10-11T07:15:40","guid":{"rendered":"https:\/\/flanca.si\/izdelek\/hibiskus-plavi-sifon\/"},"modified":"2025-06-12T19:26:25","modified_gmt":"2025-06-12T17:26:25","slug":"hibiskus-plavi-sifon","status":"publish","type":"product","link":"https:\/\/flanca.si\/hr\/proizvod\/hibiskus-plavi-sifon\/","title":{"rendered":"Hibiskus &#8216;Plavi \u0161ifon&#8217;"},"content":{"rendered":"<p>Listopadni grm s uspravnim rastom. Cvate od kasnog ljeta do sredine jeseni. Plavi \u0161ifon je nova nijansa s dvostrukim cvijetom. Cvjetovi su plavi s lila jezgrom. Na dugotrajnu su\u0161u reagira bacanjem pupova. Privla\u010di leptire i p\u010dele. Vrlo nepretenciozan grm, pogodan i za urbano okru\u017eenje. Sadi se na sun\u010danim mjestima s vla\u017enim, hranjivim i propusnim tlima. Mo\u017ee se koristiti kao pojedinac ili za sadnju cvjetne \u017eivice. Sorta Blue Chiffon gotovo je sterilna; Formira se nekoliko ne\u017eeljenih \u010da\u0161ica.   <\/p>\n<p>&nbsp;<\/p>\n<p>Visina nadzemnog dijela sadnice: 15 &#8211; 20 cm<\/p>\n","protected":false},"excerpt":{"rendered":"<ul>\n<li><em>Hibiskus sir. &#8216;Plavi \u0161ifon&#8217; <\/em><\/li>\n<li>ukrasni grm<\/li>\n<li>dvostruko cvije\u0107e<\/li>\n<li>Cvate od kasnog ljeta do sredine jeseni<\/li>\n<li>Uspravni rast<\/li>\n<li>privla\u010di leptire i p\u010dele<\/li>\n<li>visina sadnice: 15 &#8211; 20 cm<\/li>\n<\/ul>\n<p>&nbsp;<\/p>\n<h4><strong>Pakirana 1 sadnica odjednom!<\/strong><\/h4>\n","protected":false},"featured_media":17383,"template":"","meta":{"site-sidebar-layout":"default","site-content-layout":"default","ast-site-content-layout":"default","site-content-style":"default","site-sidebar-style":"default","ast-global-header-display":"","ast-banner-title-visibility":"","ast-main-header-display":"","ast-hfb-above-header-display":"","ast-hfb-below-header-display":"","ast-hfb-mobile-header-display":"","site-post-title":"","ast-breadcrumbs-content":"","ast-featured-img":"","footer-sml-layout":"","ast-disable-related-posts":"","theme-transparent-header-meta":"default","adv-header-id-meta":"","stick-header-meta":"default","header-above-stick-meta":"","header-main-stick-meta":"","header-below-stick-meta":"","astra-migrate-meta-layouts":"default","ast-page-background-enabled":"default","ast-page-background-meta":{"desktop":{"background-color":"","background-image":"","background-repeat":"repeat","background-position":"center center","background-size":"auto","background-attachment":"scroll","background-type":"","background-media":"","overlay-type":"","overlay-color":"","overlay-opacity":"","overlay-gradient":""},"tablet":{"background-color":"","background-image":"","background-repeat":"repeat","background-position":"center center","background-size":"auto","background-attachment":"scroll","background-type":"","background-media":"","overlay-type":"","overlay-color":"","overlay-opacity":"","overlay-gradient":""},"mobile":{"background-color":"","background-image":"","background-repeat":"repeat","background-position":"center center","background-size":"auto","background-attachment":"scroll","background-type":"","background-media":"","overlay-type":"","overlay-color":"","overlay-opacity":"","overlay-gradient":""}},"ast-content-background-meta":{"desktop":{"background-color":"var(--ast-global-color-5)","background-image":"","background-repeat":"repeat","background-position":"center center","background-size":"auto","background-attachment":"scroll","background-type":"","background-media":"","overlay-type":"","overlay-color":"","overlay-opacity":"","overlay-gradient":""},"tablet":{"background-color":"var(--ast-global-color-5)","background-image":"","background-repeat":"repeat","background-position":"center center","background-size":"auto","background-attachment":"scroll","background-type":"","background-media":"","overlay-type":"","overlay-color":"","overlay-opacity":"","overlay-gradient":""},"mobile":{"background-color":"var(--ast-global-color-5)","background-image":"","background-repeat":"repeat","background-position":"center center","background-size":"auto","background-attachment":"scroll","background-type":"","background-media":"","overlay-type":"","overlay-color":"","overlay-opacity":"","overlay-gradient":""}}},"product_brand":[],"product_cat":[1916],"product_tag":[1917,1840],"class_list":{"0":"post-17382","1":"product","2":"type-product","3":"status-publish","4":"has-post-thumbnail","6":"product_cat-grmlje-i-drvece","7":"product_tag-grm","8":"product_tag-ukrasna-biljka","9":"desktop-align-left","10":"tablet-align-left","11":"mobile-align-left","12":"ast-product-gallery-layout-horizontal","13":"ast-product-tabs-layout-horizontal","14":"ast-qv-on-image","16":"first","17":"outofstock","18":"taxable","19":"shipping-taxable","20":"purchasable","21":"product-type-simple"},"aioseo_notices":[],"_links":{"self":[{"href":"https:\/\/flanca.si\/hr\/wp-json\/wp\/v2\/product\/17382","targetHints":{"allow":["GET"]}}],"collection":[{"href":"https:\/\/flanca.si\/hr\/wp-json\/wp\/v2\/product"}],"about":[{"href":"https:\/\/flanca.si\/hr\/wp-json\/wp\/v2\/types\/product"}],"wp:featuredmedia":[{"embeddable":true,"href":"https:\/\/flanca.si\/hr\/wp-json\/wp\/v2\/media\/17383"}],"wp:attachment":[{"href":"https:\/\/flanca.si\/hr\/wp-json\/wp\/v2\/media?parent=17382"}],"wp:term":[{"taxonomy":"product_brand","embeddable":true,"href":"https:\/\/flanca.si\/hr\/wp-json\/wp\/v2\/product_brand?post=17382"},{"taxonomy":"product_cat","embeddable":true,"href":"https:\/\/flanca.si\/hr\/wp-json\/wp\/v2\/product_cat?post=17382"},{"taxonomy":"product_tag","embeddable":true,"href":"https:\/\/flanca.si\/hr\/wp-json\/wp\/v2\/product_tag?post=17382"}],"curies":[{"name":"wp","href":"https:\/\/api.w.org\/{rel}","templated":true}]}}