{"id":17378,"date":"2023-10-11T12:19:20","date_gmt":"2023-10-11T10:19:20","guid":{"rendered":"https:\/\/flanca.si\/izdelek\/vajgela-alexandra\/"},"modified":"2023-10-11T12:19:20","modified_gmt":"2023-10-11T10:19:20","slug":"vajgela-alexandra","status":"publish","type":"product","link":"https:\/\/flanca.si\/hr\/proizvod\/vajgela-alexandra\/","title":{"rendered":"Vajgela &#8216;Alexandra&#8217;"},"content":{"rendered":"<p>Vajgela je listopadni grm koji naraste do 150 cm visine. Grane su uspravne, ali u ve\u0107im grmovima padaju. Listovi su dugi do 6 cm, jednostavni, duguljasto-jajoliki i \u0161iljasti na vrhu. Uspijeva u svim vrstama vrtnog tla. Pristaju joj puno sunce i polusjena. Podnosi niske temperature do -20 Celzijevih stupnjeva. Cvjetovi se razvijaju na jednogodi\u0161njim izbojcima. Vajgela &#8216;Alexandra&#8217; ima tamnocrvene listove, koji sami po sebi djeluju dekorativno. Od svibnja do listopada cvjeta tamno ru\u017ei\u010dastim cvjetovima koji nalikuju trubama. Visina nadzemnog dijela sadnice: 15-20 cm  <\/p>\n","protected":false},"excerpt":{"rendered":"<ul>\n<li><em>Weigela Florida &#8216;Alexandra&#8217;<\/em><\/li>\n<li>Nepretenciozna biljka<\/li>\n<li>listopadni grm<\/li>\n<li>Kompaktna struktura<\/li>\n<li>dobro podnosi niske temperature<\/li>\n<li>cvjeta od svibnja do listopada<\/li>\n<li>atraktivno li\u0161\u0107e i cvije\u0107e<\/li>\n<li>visina sadnice: 15- 20 cm<\/li>\n<\/ul>\n<h3><strong>Pakirana 1 sadnica odjednom!<\/strong><\/h3>\n","protected":false},"featured_media":17381,"template":"","meta":{"site-sidebar-layout":"default","site-content-layout":"default","ast-site-content-layout":"default","site-content-style":"default","site-sidebar-style":"default","ast-global-header-display":"","ast-banner-title-visibility":"","ast-main-header-display":"","ast-hfb-above-header-display":"","ast-hfb-below-header-display":"","ast-hfb-mobile-header-display":"","site-post-title":"","ast-breadcrumbs-content":"","ast-featured-img":"","footer-sml-layout":"","ast-disable-related-posts":"","theme-transparent-header-meta":"default","adv-header-id-meta":"","stick-header-meta":"default","header-above-stick-meta":"","header-main-stick-meta":"","header-below-stick-meta":"","astra-migrate-meta-layouts":"default","ast-page-background-enabled":"default","ast-page-background-meta":{"desktop":{"background-color":"","background-image":"","background-repeat":"repeat","background-position":"center center","background-size":"auto","background-attachment":"scroll","background-type":"","background-media":"","overlay-type":"","overlay-color":"","overlay-opacity":"","overlay-gradient":""},"tablet":{"background-color":"","background-image":"","background-repeat":"repeat","background-position":"center center","background-size":"auto","background-attachment":"scroll","background-type":"","background-media":"","overlay-type":"","overlay-color":"","overlay-opacity":"","overlay-gradient":""},"mobile":{"background-color":"","background-image":"","background-repeat":"repeat","background-position":"center center","background-size":"auto","background-attachment":"scroll","background-type":"","background-media":"","overlay-type":"","overlay-color":"","overlay-opacity":"","overlay-gradient":""}},"ast-content-background-meta":{"desktop":{"background-color":"var(--ast-global-color-5)","background-image":"","background-repeat":"repeat","background-position":"center center","background-size":"auto","background-attachment":"scroll","background-type":"","background-media":"","overlay-type":"","overlay-color":"","overlay-opacity":"","overlay-gradient":""},"tablet":{"background-color":"var(--ast-global-color-5)","background-image":"","background-repeat":"repeat","background-position":"center center","background-size":"auto","background-attachment":"scroll","background-type":"","background-media":"","overlay-type":"","overlay-color":"","overlay-opacity":"","overlay-gradient":""},"mobile":{"background-color":"var(--ast-global-color-5)","background-image":"","background-repeat":"repeat","background-position":"center center","background-size":"auto","background-attachment":"scroll","background-type":"","background-media":"","overlay-type":"","overlay-color":"","overlay-opacity":"","overlay-gradient":""}}},"product_brand":[],"product_cat":[1916],"product_tag":[2232,2234,2191,2208],"class_list":{"0":"post-17378","1":"product","2":"type-product","3":"status-publish","4":"has-post-thumbnail","6":"product_cat-grmlje-i-drvece","7":"product_tag-cvjetni-grm","8":"product_tag-pisana-pisma","9":"product_tag-roza-hr","10":"product_tag-ukrasni-grm","11":"desktop-align-left","12":"tablet-align-left","13":"mobile-align-left","14":"ast-product-gallery-layout-horizontal","15":"ast-product-gallery-with-no-image","16":"ast-product-tabs-layout-horizontal","17":"ast-qv-on-image","19":"first","20":"instock","21":"taxable","22":"shipping-taxable","23":"purchasable","24":"product-type-simple"},"aioseo_notices":[],"_links":{"self":[{"href":"https:\/\/flanca.si\/hr\/wp-json\/wp\/v2\/product\/17378","targetHints":{"allow":["GET"]}}],"collection":[{"href":"https:\/\/flanca.si\/hr\/wp-json\/wp\/v2\/product"}],"about":[{"href":"https:\/\/flanca.si\/hr\/wp-json\/wp\/v2\/types\/product"}],"wp:featuredmedia":[{"embeddable":true,"href":"https:\/\/flanca.si\/hr\/wp-json\/wp\/v2\/media\/17381"}],"wp:attachment":[{"href":"https:\/\/flanca.si\/hr\/wp-json\/wp\/v2\/media?parent=17378"}],"wp:term":[{"taxonomy":"product_brand","embeddable":true,"href":"https:\/\/flanca.si\/hr\/wp-json\/wp\/v2\/product_brand?post=17378"},{"taxonomy":"product_cat","embeddable":true,"href":"https:\/\/flanca.si\/hr\/wp-json\/wp\/v2\/product_cat?post=17378"},{"taxonomy":"product_tag","embeddable":true,"href":"https:\/\/flanca.si\/hr\/wp-json\/wp\/v2\/product_tag?post=17378"}],"curies":[{"name":"wp","href":"https:\/\/api.w.org\/{rel}","templated":true}]}}