{"id":17377,"date":"2023-10-11T09:54:22","date_gmt":"2023-10-11T07:54:22","guid":{"rendered":"https:\/\/flanca.si\/izdelek\/zimski-jasmin-jasminum-nudiflorum\/"},"modified":"2023-10-11T09:54:22","modified_gmt":"2023-10-11T07:54:22","slug":"zimski-jasmin-jasminum-nudiflorum","status":"publish","type":"product","link":"https:\/\/flanca.si\/hr\/proizvod\/zimski-jasmin-jasminum-nudiflorum\/","title":{"rendered":"Zimski jasmin &#8211; jasminum nudiflorum"},"content":{"rendered":"<p>Zimski jasmin je listopadni grm koji se uzgaja kao vise\u0107a ili penja\u010dka biljka du\u017e nosa\u010da (zida). Ima tanke, duge zelene grane koje se fleksibilno savijaju. Listovi su trokutasti i tamnozelene boje, pojavljuju se kasnije od cvjetova. Cvjetovi su brojni, zvjezdastog oblika i \u017eute boje. Pojavljuju se ve\u0107 u prosincu ili petku. Naraste do 2 m \u0161irine, bez potpore dose\u0107i \u0107e 1,2 m visine, a na potpori \u010dak 3 m. Goli jasmin cvjeta na novim izbojcima, pa se obrezuje tek nakon cvatnje. U to vrijeme prorje\u0111ujemo stare izbojke. Svake tri ili \u010detiri godine temeljitije se pomla\u0111uje, uklanjaju\u0107i stare izbojke koji ne cvjetaju. Goli jasmin jako dobro podnosi hladno\u0107u, ne \u0161tete mu temperature do -15\u00b0C.  Sadi se na svijetlom sun\u010danom ili polusjenovitom polo\u017eaju. Pogodan je za ulegnu\u0107a, obale ili zidove, ali prava atrakcija je i u koritima ili kontejnerima.     <\/p>\n","protected":false},"excerpt":{"rendered":"<ul>\n<li><em>Jasminum nudiflorum<\/em><\/li>\n<li>Sa \u017eutim cvjetovima razveseljava nas kad druge biljke miruju<\/li>\n<li>Sadimo ga kao spu\u0161tenu ili pored potpore<\/li>\n<li>dobro podnosi hladno\u0107u<\/li>\n<\/ul>\n<h4><strong>Pakirana 1 sadnica odjednom!<\/strong><\/h4>\n","protected":false},"featured_media":17379,"template":"","meta":{"site-sidebar-layout":"default","site-content-layout":"default","ast-site-content-layout":"default","site-content-style":"default","site-sidebar-style":"default","ast-global-header-display":"","ast-banner-title-visibility":"","ast-main-header-display":"","ast-hfb-above-header-display":"","ast-hfb-below-header-display":"","ast-hfb-mobile-header-display":"","site-post-title":"","ast-breadcrumbs-content":"","ast-featured-img":"","footer-sml-layout":"","ast-disable-related-posts":"","theme-transparent-header-meta":"default","adv-header-id-meta":"","stick-header-meta":"default","header-above-stick-meta":"","header-main-stick-meta":"","header-below-stick-meta":"","astra-migrate-meta-layouts":"default","ast-page-background-enabled":"default","ast-page-background-meta":{"desktop":{"background-color":"","background-image":"","background-repeat":"repeat","background-position":"center center","background-size":"auto","background-attachment":"scroll","background-type":"","background-media":"","overlay-type":"","overlay-color":"","overlay-opacity":"","overlay-gradient":""},"tablet":{"background-color":"","background-image":"","background-repeat":"repeat","background-position":"center center","background-size":"auto","background-attachment":"scroll","background-type":"","background-media":"","overlay-type":"","overlay-color":"","overlay-opacity":"","overlay-gradient":""},"mobile":{"background-color":"","background-image":"","background-repeat":"repeat","background-position":"center center","background-size":"auto","background-attachment":"scroll","background-type":"","background-media":"","overlay-type":"","overlay-color":"","overlay-opacity":"","overlay-gradient":""}},"ast-content-background-meta":{"desktop":{"background-color":"var(--ast-global-color-5)","background-image":"","background-repeat":"repeat","background-position":"center center","background-size":"auto","background-attachment":"scroll","background-type":"","background-media":"","overlay-type":"","overlay-color":"","overlay-opacity":"","overlay-gradient":""},"tablet":{"background-color":"var(--ast-global-color-5)","background-image":"","background-repeat":"repeat","background-position":"center center","background-size":"auto","background-attachment":"scroll","background-type":"","background-media":"","overlay-type":"","overlay-color":"","overlay-opacity":"","overlay-gradient":""},"mobile":{"background-color":"var(--ast-global-color-5)","background-image":"","background-repeat":"repeat","background-position":"center center","background-size":"auto","background-attachment":"scroll","background-type":"","background-media":"","overlay-type":"","overlay-color":"","overlay-opacity":"","overlay-gradient":""}}},"product_brand":[],"product_cat":[1916],"product_tag":[1917,2229,1724],"class_list":{"0":"post-17377","1":"product","2":"type-product","3":"status-publish","4":"has-post-thumbnail","6":"product_cat-grmlje-i-drvece","7":"product_tag-grm","8":"product_tag-zivice","9":"product_tag-zut","10":"desktop-align-left","11":"tablet-align-left","12":"mobile-align-left","13":"ast-product-gallery-layout-horizontal","14":"ast-product-tabs-layout-horizontal","15":"ast-qv-on-image","17":"first","18":"instock","19":"taxable","20":"shipping-taxable","21":"purchasable","22":"product-type-simple"},"aioseo_notices":[],"_links":{"self":[{"href":"https:\/\/flanca.si\/hr\/wp-json\/wp\/v2\/product\/17377","targetHints":{"allow":["GET"]}}],"collection":[{"href":"https:\/\/flanca.si\/hr\/wp-json\/wp\/v2\/product"}],"about":[{"href":"https:\/\/flanca.si\/hr\/wp-json\/wp\/v2\/types\/product"}],"wp:featuredmedia":[{"embeddable":true,"href":"https:\/\/flanca.si\/hr\/wp-json\/wp\/v2\/media\/17379"}],"wp:attachment":[{"href":"https:\/\/flanca.si\/hr\/wp-json\/wp\/v2\/media?parent=17377"}],"wp:term":[{"taxonomy":"product_brand","embeddable":true,"href":"https:\/\/flanca.si\/hr\/wp-json\/wp\/v2\/product_brand?post=17377"},{"taxonomy":"product_cat","embeddable":true,"href":"https:\/\/flanca.si\/hr\/wp-json\/wp\/v2\/product_cat?post=17377"},{"taxonomy":"product_tag","embeddable":true,"href":"https:\/\/flanca.si\/hr\/wp-json\/wp\/v2\/product_tag?post=17377"}],"curies":[{"name":"wp","href":"https:\/\/api.w.org\/{rel}","templated":true}]}}