{"id":17365,"date":"2023-10-17T08:14:06","date_gmt":"2023-10-17T06:14:06","guid":{"rendered":"https:\/\/flanca.si\/izdelek\/humka-crnogoricno-gnojivo\/"},"modified":"2023-10-17T08:14:06","modified_gmt":"2023-10-17T06:14:06","slug":"humka-crnogoricno-gnojivo","status":"publish","type":"product","link":"https:\/\/flanca.si\/hr\/proizvod\/humka-crnogoricno-gnojivo\/","title":{"rendered":"Humka, crnogori\u010dno gnojivo"},"content":{"rendered":"<p>Kvalitetno organsko mineralno gnojivo za \u010detinja\u010de pripremljeno od hidroliziranog kolagena s dodacima prirodnog minerala fosfora, kalija i magnezija. Zbog svog organskog podrijetla sadr\u017ei visok udio organskog ugljika (C). Gnojivo osigurava sve potrebne hranjive sastojke za zdrav i ujedna\u010den rast biljaka. Pospje\u0161uje plodnost tla i pove\u0107ava organsku masu u tlu. Preporu\u010dujemo: Jedna otvorena \u0161aka gnojiva je ca. 25-30 g. Za 0,1 kg to su 4 otvorene \u0161ake, a za 1 kg &#8211; 40 otvorenih \u0161aka. Po\u017eeljno je ugraditi gnojivo u tlo, gdje \u0107e biti za\u0161ti\u0107eno od isu\u0161ivanja i UV zraka. S ni\u017eim dozama gnojite svaki 1 mjesec, a s ve\u0107im dozama svakih 1,5 do 2 mjeseca. Prilagodite gnojidbu prema fazama rasta. Za ve\u0107e i bujno rastu\u0107e biljke pove\u0107ajte doze. Prije pove\u0107anja doze gnojiva, napravite eksperiment na manjem podru\u010dju. Tako\u0111er mo\u017eete koristiti gnojivo u prolje\u0107e i ljeto gnojidbom trajnica i cvjetnih grmova. Za jesensku gnojidbu koristite namjensko gnojivo protiv hr\u0111e \u010detinja\u010da Gorka sol Orgahum. Gnojivo se pakira u vre\u0107u od 1,5 kilograma. \u0160to je dovoljno za proljetnu pripremu 10 \u010detvornih metara vrtnog prostora. Za daljnju gnojidbu koli\u010dina se prilago\u0111ava prema fazama rasta biljke. <\/p>\n<p><strong>Gnojiva se razvijaju i proizvode za profesionalnu upotrebu na planta\u017eama i rasadnicima. Gnojivo je higijenizirano i ne sadr\u017ei patogene klice, \u0161teto\u010dine ili sjeme korova. <\/strong><\/p>\n","protected":false},"excerpt":{"rendered":"<ul>\n<li>Organsko mineralno gnojivo za \u010detinja\u010de<\/li>\n<li>Gnojivo za brz i zdrav rast<\/li>\n<li>ubrzava dostupnost postoje\u0107ih hranjivih sastojaka u tlu<\/li>\n<\/ul>\n<h4><strong>Pakirano po 1,5 kg\/vre\u0107a!<\/strong><\/h4>\n","protected":false},"featured_media":17366,"template":"","meta":{"site-sidebar-layout":"default","site-content-layout":"default","ast-site-content-layout":"default","site-content-style":"default","site-sidebar-style":"default","ast-global-header-display":"","ast-banner-title-visibility":"","ast-main-header-display":"","ast-hfb-above-header-display":"","ast-hfb-below-header-display":"","ast-hfb-mobile-header-display":"","site-post-title":"","ast-breadcrumbs-content":"","ast-featured-img":"","footer-sml-layout":"","ast-disable-related-posts":"","theme-transparent-header-meta":"default","adv-header-id-meta":"","stick-header-meta":"default","header-above-stick-meta":"","header-main-stick-meta":"","header-below-stick-meta":"","astra-migrate-meta-layouts":"default","ast-page-background-enabled":"default","ast-page-background-meta":{"desktop":{"background-color":"","background-image":"","background-repeat":"repeat","background-position":"center center","background-size":"auto","background-attachment":"scroll","background-type":"","background-media":"","overlay-type":"","overlay-color":"","overlay-opacity":"","overlay-gradient":""},"tablet":{"background-color":"","background-image":"","background-repeat":"repeat","background-position":"center center","background-size":"auto","background-attachment":"scroll","background-type":"","background-media":"","overlay-type":"","overlay-color":"","overlay-opacity":"","overlay-gradient":""},"mobile":{"background-color":"","background-image":"","background-repeat":"repeat","background-position":"center center","background-size":"auto","background-attachment":"scroll","background-type":"","background-media":"","overlay-type":"","overlay-color":"","overlay-opacity":"","overlay-gradient":""}},"ast-content-background-meta":{"desktop":{"background-color":"var(--ast-global-color-5)","background-image":"","background-repeat":"repeat","background-position":"center center","background-size":"auto","background-attachment":"scroll","background-type":"","background-media":"","overlay-type":"","overlay-color":"","overlay-opacity":"","overlay-gradient":""},"tablet":{"background-color":"var(--ast-global-color-5)","background-image":"","background-repeat":"repeat","background-position":"center center","background-size":"auto","background-attachment":"scroll","background-type":"","background-media":"","overlay-type":"","overlay-color":"","overlay-opacity":"","overlay-gradient":""},"mobile":{"background-color":"var(--ast-global-color-5)","background-image":"","background-repeat":"repeat","background-position":"center center","background-size":"auto","background-attachment":"scroll","background-type":"","background-media":"","overlay-type":"","overlay-color":"","overlay-opacity":"","overlay-gradient":""}}},"product_brand":[],"product_cat":[1987],"product_tag":[2309,1985],"class_list":{"0":"post-17365","1":"product","2":"type-product","3":"status-publish","4":"has-post-thumbnail","6":"product_cat-gnojiva","7":"product_tag-cetinjaca","8":"product_tag-gnojivo","9":"desktop-align-left","10":"tablet-align-left","11":"mobile-align-left","12":"ast-product-gallery-layout-horizontal","13":"ast-product-gallery-with-no-image","14":"ast-product-tabs-layout-horizontal","15":"ast-qv-on-image","17":"first","18":"outofstock","19":"taxable","20":"shipping-taxable","21":"purchasable","22":"product-type-simple"},"aioseo_notices":[],"_links":{"self":[{"href":"https:\/\/flanca.si\/hr\/wp-json\/wp\/v2\/product\/17365","targetHints":{"allow":["GET"]}}],"collection":[{"href":"https:\/\/flanca.si\/hr\/wp-json\/wp\/v2\/product"}],"about":[{"href":"https:\/\/flanca.si\/hr\/wp-json\/wp\/v2\/types\/product"}],"wp:featuredmedia":[{"embeddable":true,"href":"https:\/\/flanca.si\/hr\/wp-json\/wp\/v2\/media\/17366"}],"wp:attachment":[{"href":"https:\/\/flanca.si\/hr\/wp-json\/wp\/v2\/media?parent=17365"}],"wp:term":[{"taxonomy":"product_brand","embeddable":true,"href":"https:\/\/flanca.si\/hr\/wp-json\/wp\/v2\/product_brand?post=17365"},{"taxonomy":"product_cat","embeddable":true,"href":"https:\/\/flanca.si\/hr\/wp-json\/wp\/v2\/product_cat?post=17365"},{"taxonomy":"product_tag","embeddable":true,"href":"https:\/\/flanca.si\/hr\/wp-json\/wp\/v2\/product_tag?post=17365"}],"curies":[{"name":"wp","href":"https:\/\/api.w.org\/{rel}","templated":true}]}}